{"id":7850,"date":"2026-04-29T17:51:21","date_gmt":"2026-04-29T22:51:21","guid":{"rendered":"https:\/\/absolutlaprairie.ca\/?post_type=product&#038;p=7850"},"modified":"2026-04-29T18:06:35","modified_gmt":"2026-04-29T23:06:35","slug":"babylisspro-corefx-shaver","status":"publish","type":"product","link":"https:\/\/absolutlaprairie.ca\/en\/product\/babylisspro-corefx-shaver\/","title":{"rendered":"BaBylissPRO &#8211; CoreFX Shaver"},"content":{"rendered":"<h2>Rasoir FX75FS2 CoreFX Shaver<\/h2>\n<p>Le rasoir \u00e0 double grille &#8220;CoreFX Double-Foil Shaver&#8221; de BaByliss Pro, offre une performance de rasage professionnelle dans un format compact et r\u00e9sistant \u00e0 l\u2019eau. Con\u00e7u pour les finitions de d\u00e9grad\u00e9s, les contours nets et le rasage quotidien sans irritation, il combine puissance, pr\u00e9cision et confort. Gr\u00e2ce \u00e0 ses grilles en titane hypoallerg\u00e9nique et son moteur haute vitesse de 9 000 tr\/min, il garantit un rasage ultra-lisse, m\u00eame sur les poils plus longs gr\u00e2ce \u00e0 sa lame centrale int\u00e9gr\u00e9e.<\/p>\n<p>Le rasoir CoreFX, avec son design ergonomique, sa poign\u00e9e m\u00e9tallique antid\u00e9rapante et sa compatibilit\u00e9 USB-C en font un outil id\u00e9al pour les professionnels mobiles comme pour les particuliers exigeants.<\/p>\n","protected":false},"excerpt":{"rendered":"<p>Rasoir FX75FS2 CoreFX Shaver Le rasoir \u00e0 double grille &#8220;CoreFX Double-Foil Shaver&#8221; de BaByliss Pro, offre une performance de rasage professionnelle dans un format compact et r\u00e9sistant \u00e0 l\u2019eau. Con\u00e7u pour les finitions de d\u00e9grad\u00e9s, les contours nets et le rasage quotidien sans irritation, il combine puissance, pr\u00e9cision et confort. Gr\u00e2ce \u00e0 ses grilles en [&hellip;]<\/p>\n","protected":false},"featured_media":7851,"comment_status":"open","ping_status":"closed","template":"","meta":{"_acf_changed":false,"_seopress_robots_primary_cat":"none","_seopress_titles_title":"","_seopress_titles_desc":"","_seopress_robots_index":""},"product_brand":[],"product_cat":[69],"product_tag":[107],"class_list":{"0":"post-7850","1":"product","2":"type-product","3":"status-publish","4":"has-post-thumbnail","6":"product_cat-tondeuse-sechoir","7":"product_tag-trimmers","9":"first","10":"instock","11":"taxable","12":"shipping-taxable","13":"purchasable","14":"product-type-simple"},"acf":[],"_links":{"self":[{"href":"https:\/\/absolutlaprairie.ca\/en\/wp-json\/wp\/v2\/product\/7850","targetHints":{"allow":["GET"]}}],"collection":[{"href":"https:\/\/absolutlaprairie.ca\/en\/wp-json\/wp\/v2\/product"}],"about":[{"href":"https:\/\/absolutlaprairie.ca\/en\/wp-json\/wp\/v2\/types\/product"}],"replies":[{"embeddable":true,"href":"https:\/\/absolutlaprairie.ca\/en\/wp-json\/wp\/v2\/comments?post=7850"}],"wp:featuredmedia":[{"embeddable":true,"href":"https:\/\/absolutlaprairie.ca\/en\/wp-json\/wp\/v2\/media\/7851"}],"wp:attachment":[{"href":"https:\/\/absolutlaprairie.ca\/en\/wp-json\/wp\/v2\/media?parent=7850"}],"wp:term":[{"taxonomy":"product_brand","embeddable":true,"href":"https:\/\/absolutlaprairie.ca\/en\/wp-json\/wp\/v2\/product_brand?post=7850"},{"taxonomy":"product_cat","embeddable":true,"href":"https:\/\/absolutlaprairie.ca\/en\/wp-json\/wp\/v2\/product_cat?post=7850"},{"taxonomy":"product_tag","embeddable":true,"href":"https:\/\/absolutlaprairie.ca\/en\/wp-json\/wp\/v2\/product_tag?post=7850"}],"curies":[{"name":"wp","href":"https:\/\/api.w.org\/{rel}","templated":true}]}}