{"id":7721,"date":"2026-04-01T09:36:49","date_gmt":"2026-04-01T14:36:49","guid":{"rendered":"https:\/\/absolutlaprairie.ca\/?post_type=product&#038;p=7721"},"modified":"2026-04-01T09:40:24","modified_gmt":"2026-04-01T14:40:24","slug":"johnny-b-gel-coiffant-mode-100-ml","status":"publish","type":"product","link":"https:\/\/absolutlaprairie.ca\/en\/product\/johnny-b-gel-coiffant-mode-100-ml\/","title":{"rendered":"Johnny B &#8211; Gel coiffant Mode (100 ml)"},"content":{"rendered":"<div class=\"product attribute overview\">\n<div class=\"value\">\n<div class=\"product attribute overview\">\n<div class=\"value\">Sans alcool et soluble dans l&#8217;eau, ce gel ultra-brillant est id\u00e9al pour cr\u00e9er des looks mouill\u00e9s ou des styles n\u00e9cessitant une forte tenue.<br \/>\nIl ne s&#8217;\u00e9caille pas dans les cheveux, peut \u00eatre r\u00e9activ\u00e9 avec de l&#8217;eau et est facile \u00e0 manipuler.<br \/>\nLe parfum signature est reconnaissable par ceux qui connaissent la marque.<br \/>\nBest-seller<br \/>\nNiveau de maintien \u00e0 haute viscosit\u00e9 : 6\/10<br \/>\nNiveau de brillance : 8\/10<br \/>\nId\u00e9al pour les cheveux moyens \u00e0 \u00e9pais<br \/>\nFrottez g\u00e9n\u00e9reusement entre les mains. Appliquer sur cheveux humides ou secs.<br \/>\nCoiffez au besoin. S\u00e9chez au s\u00e8che-cheveux pour de meilleurs r\u00e9sultats.<\/p>\n<\/div>\n<\/div>\n<\/div>\n<\/div>\n<div class=\"product-add-form\"><\/div>\n<div class=\"product attribute overview\">\n<div class=\"value\">\n<div class=\"product-add-form\"><\/div>\n<\/div>\n<\/div>\n<div class=\"product-add-form\"><\/div>\n","protected":false},"excerpt":{"rendered":"<p>Sans alcool et soluble dans l&#8217;eau, ce gel ultra-brillant est id\u00e9al pour cr\u00e9er des looks mouill\u00e9s ou des styles n\u00e9cessitant une forte tenue. Il ne s&#8217;\u00e9caille pas dans les cheveux, peut \u00eatre r\u00e9activ\u00e9 avec de l&#8217;eau et est facile \u00e0 manipuler. Le parfum signature est reconnaissable par ceux qui connaissent la marque. Best-seller Niveau de [&hellip;]<\/p>\n","protected":false},"featured_media":7722,"comment_status":"open","ping_status":"closed","template":"","meta":{"_acf_changed":false,"_seopress_robots_primary_cat":"none","_seopress_titles_title":"JOHNNY B GEL CONTROL 16 OZ","_seopress_titles_desc":"","_seopress_robots_index":""},"product_brand":[],"product_cat":[70],"product_tag":[181,164],"class_list":{"0":"post-7721","1":"product","2":"type-product","3":"status-publish","4":"has-post-thumbnail","6":"product_cat-pommade-soins-pour-peau","7":"product_tag-gel","8":"product_tag-gel-coiffant","10":"first","11":"instock","12":"taxable","13":"shipping-taxable","14":"purchasable","15":"product-type-simple"},"acf":[],"_links":{"self":[{"href":"https:\/\/absolutlaprairie.ca\/en\/wp-json\/wp\/v2\/product\/7721","targetHints":{"allow":["GET"]}}],"collection":[{"href":"https:\/\/absolutlaprairie.ca\/en\/wp-json\/wp\/v2\/product"}],"about":[{"href":"https:\/\/absolutlaprairie.ca\/en\/wp-json\/wp\/v2\/types\/product"}],"replies":[{"embeddable":true,"href":"https:\/\/absolutlaprairie.ca\/en\/wp-json\/wp\/v2\/comments?post=7721"}],"wp:featuredmedia":[{"embeddable":true,"href":"https:\/\/absolutlaprairie.ca\/en\/wp-json\/wp\/v2\/media\/7722"}],"wp:attachment":[{"href":"https:\/\/absolutlaprairie.ca\/en\/wp-json\/wp\/v2\/media?parent=7721"}],"wp:term":[{"taxonomy":"product_brand","embeddable":true,"href":"https:\/\/absolutlaprairie.ca\/en\/wp-json\/wp\/v2\/product_brand?post=7721"},{"taxonomy":"product_cat","embeddable":true,"href":"https:\/\/absolutlaprairie.ca\/en\/wp-json\/wp\/v2\/product_cat?post=7721"},{"taxonomy":"product_tag","embeddable":true,"href":"https:\/\/absolutlaprairie.ca\/en\/wp-json\/wp\/v2\/product_tag?post=7721"}],"curies":[{"name":"wp","href":"https:\/\/api.w.org\/{rel}","templated":true}]}}