{"id":7711,"date":"2026-03-31T11:14:07","date_gmt":"2026-03-31T16:14:07","guid":{"rendered":"https:\/\/absolutlaprairie.ca\/?post_type=product&#038;p=7711"},"modified":"2026-03-31T11:15:32","modified_gmt":"2026-03-31T16:15:32","slug":"johnny-b-gel-coiffant-mat-fuddy-340-g","status":"publish","type":"product","link":"https:\/\/absolutlaprairie.ca\/en\/product\/johnny-b-gel-coiffant-mat-fuddy-340-g\/","title":{"rendered":"Johnny B &#8211; Gel coiffant mat Fuddy (340 g)"},"content":{"rendered":"<p>&nbsp;<\/p>\n<div class=\"product attribute overview\">\n<div class=\"value\">\n<div class=\"product attribute overview\">\n<div class=\"value\">\n<div class=\"product attribute overview\">\n<div class=\"value\">\n<p>Ce gel de maintien et de finition mate offre un excellent contr\u00f4le et des performances exceptionnelles et ne contient pas d\u2019alcool, qui peut s\u00e9cher les cheveux.<\/p>\n<p>La texture unique et la viscosit\u00e9 \u00e9paisse sont compos\u00e9es de seulement 38% d\u2019eau, permettant une tenue optimale tout au long de la journ\u00e9e sans desquamation.<\/p>\n<\/div>\n<\/div>\n<div class=\"product-add-form\"><\/div>\n<\/div>\n<\/div>\n<div class=\"product-add-form\"><\/div>\n<\/div>\n<\/div>\n<div class=\"product-add-form\"><\/div>\n","protected":false},"excerpt":{"rendered":"<p>&nbsp; Ce gel de maintien et de finition mate offre un excellent contr\u00f4le et des performances exceptionnelles et ne contient pas d\u2019alcool, qui peut s\u00e9cher les cheveux. La texture unique et la viscosit\u00e9 \u00e9paisse sont compos\u00e9es de seulement 38% d\u2019eau, permettant une tenue optimale tout au long de la journ\u00e9e sans desquamation.<\/p>\n","protected":false},"featured_media":7712,"comment_status":"open","ping_status":"closed","template":"","meta":{"_acf_changed":false,"_seopress_robots_primary_cat":"none","_seopress_titles_title":"JOHNNY B GEL CONTROL 16 OZ","_seopress_titles_desc":"","_seopress_robots_index":""},"product_brand":[],"product_cat":[70],"product_tag":[181,164],"class_list":{"0":"post-7711","1":"product","2":"type-product","3":"status-publish","4":"has-post-thumbnail","6":"product_cat-pommade-soins-pour-peau","7":"product_tag-gel","8":"product_tag-gel-coiffant","10":"first","11":"instock","12":"taxable","13":"shipping-taxable","14":"purchasable","15":"product-type-simple"},"acf":[],"_links":{"self":[{"href":"https:\/\/absolutlaprairie.ca\/en\/wp-json\/wp\/v2\/product\/7711","targetHints":{"allow":["GET"]}}],"collection":[{"href":"https:\/\/absolutlaprairie.ca\/en\/wp-json\/wp\/v2\/product"}],"about":[{"href":"https:\/\/absolutlaprairie.ca\/en\/wp-json\/wp\/v2\/types\/product"}],"replies":[{"embeddable":true,"href":"https:\/\/absolutlaprairie.ca\/en\/wp-json\/wp\/v2\/comments?post=7711"}],"wp:featuredmedia":[{"embeddable":true,"href":"https:\/\/absolutlaprairie.ca\/en\/wp-json\/wp\/v2\/media\/7712"}],"wp:attachment":[{"href":"https:\/\/absolutlaprairie.ca\/en\/wp-json\/wp\/v2\/media?parent=7711"}],"wp:term":[{"taxonomy":"product_brand","embeddable":true,"href":"https:\/\/absolutlaprairie.ca\/en\/wp-json\/wp\/v2\/product_brand?post=7711"},{"taxonomy":"product_cat","embeddable":true,"href":"https:\/\/absolutlaprairie.ca\/en\/wp-json\/wp\/v2\/product_cat?post=7711"},{"taxonomy":"product_tag","embeddable":true,"href":"https:\/\/absolutlaprairie.ca\/en\/wp-json\/wp\/v2\/product_tag?post=7711"}],"curies":[{"name":"wp","href":"https:\/\/api.w.org\/{rel}","templated":true}]}}