{"id":7705,"date":"2026-03-31T11:09:07","date_gmt":"2026-03-31T16:09:07","guid":{"rendered":"https:\/\/absolutlaprairie.ca\/?post_type=product&#038;p=7705"},"modified":"2026-03-31T11:10:26","modified_gmt":"2026-03-31T16:10:26","slug":"johnny-b-gel-a-effet-de-structure-dope-85-g","status":"publish","type":"product","link":"https:\/\/absolutlaprairie.ca\/en\/product\/johnny-b-gel-a-effet-de-structure-dope-85-g\/","title":{"rendered":"Johnny B &#8211; Gel \u00e0 effet de structure Dope (85 g)"},"content":{"rendered":"<p>&nbsp;<\/p>\n<div class=\"product attribute overview\">\n<div class=\"value\">\n<div class=\"product attribute overview\">\n<div class=\"value\">\n<p>Ce produit le plus vendu est parfait pour les amateurs de gel car il tient comme un gel mais est souple comme une pommade.<br \/>\nConsid\u00e9r\u00e9e comme une pommade pour d\u00e9butant, elle est con\u00e7ue pour conf\u00e9rer une tenue solide mais ne laisse pas de craquement dur.<br \/>\nLes cheveux sont agr\u00e9ables au toucher et brillants. Soluble dans l&#8217;eau<br \/>\nFrottez g\u00e9n\u00e9reusement entre les mains pour vous r\u00e9chauffer. Appliquer uniform\u00e9ment sur cheveux secs. Coiffez au besoin.<br \/>\nNiveau de maintien : 8\/10<br \/>\nNiveau de brillance : 8\/10<\/p>\n<\/div>\n<\/div>\n<div class=\"product-add-form\"><\/div>\n<\/div>\n<\/div>\n<div class=\"product-add-form\"><\/div>\n","protected":false},"excerpt":{"rendered":"<p>&nbsp; Ce produit le plus vendu est parfait pour les amateurs de gel car il tient comme un gel mais est souple comme une pommade. Consid\u00e9r\u00e9e comme une pommade pour d\u00e9butant, elle est con\u00e7ue pour conf\u00e9rer une tenue solide mais ne laisse pas de craquement dur. Les cheveux sont agr\u00e9ables au toucher et brillants. Soluble [&hellip;]<\/p>\n","protected":false},"featured_media":7706,"comment_status":"open","ping_status":"closed","template":"","meta":{"_acf_changed":false,"_seopress_robots_primary_cat":"none","_seopress_titles_title":"JOHNNY B GEL CONTROL 16 OZ","_seopress_titles_desc":"","_seopress_robots_index":""},"product_brand":[],"product_cat":[70],"product_tag":[181,164],"class_list":{"0":"post-7705","1":"product","2":"type-product","3":"status-publish","4":"has-post-thumbnail","6":"product_cat-pommade-soins-pour-peau","7":"product_tag-gel","8":"product_tag-gel-coiffant","10":"first","11":"instock","12":"taxable","13":"shipping-taxable","14":"purchasable","15":"product-type-simple"},"acf":[],"_links":{"self":[{"href":"https:\/\/absolutlaprairie.ca\/en\/wp-json\/wp\/v2\/product\/7705","targetHints":{"allow":["GET"]}}],"collection":[{"href":"https:\/\/absolutlaprairie.ca\/en\/wp-json\/wp\/v2\/product"}],"about":[{"href":"https:\/\/absolutlaprairie.ca\/en\/wp-json\/wp\/v2\/types\/product"}],"replies":[{"embeddable":true,"href":"https:\/\/absolutlaprairie.ca\/en\/wp-json\/wp\/v2\/comments?post=7705"}],"wp:featuredmedia":[{"embeddable":true,"href":"https:\/\/absolutlaprairie.ca\/en\/wp-json\/wp\/v2\/media\/7706"}],"wp:attachment":[{"href":"https:\/\/absolutlaprairie.ca\/en\/wp-json\/wp\/v2\/media?parent=7705"}],"wp:term":[{"taxonomy":"product_brand","embeddable":true,"href":"https:\/\/absolutlaprairie.ca\/en\/wp-json\/wp\/v2\/product_brand?post=7705"},{"taxonomy":"product_cat","embeddable":true,"href":"https:\/\/absolutlaprairie.ca\/en\/wp-json\/wp\/v2\/product_cat?post=7705"},{"taxonomy":"product_tag","embeddable":true,"href":"https:\/\/absolutlaprairie.ca\/en\/wp-json\/wp\/v2\/product_tag?post=7705"}],"curies":[{"name":"wp","href":"https:\/\/api.w.org\/{rel}","templated":true}]}}