{"id":7699,"date":"2026-03-31T10:53:23","date_gmt":"2026-03-31T15:53:23","guid":{"rendered":"https:\/\/absolutlaprairie.ca\/?post_type=product&#038;p=7699"},"modified":"2026-03-31T10:55:26","modified_gmt":"2026-03-31T15:55:26","slug":"johnny-b-gel-de-rasage-12-oz","status":"publish","type":"product","link":"https:\/\/absolutlaprairie.ca\/en\/product\/johnny-b-gel-de-rasage-12-oz\/","title":{"rendered":"Johnny B &#8211; Gel de rasage (12 oz)"},"content":{"rendered":"<p>&nbsp;<\/p>\n<div class=\"product attribute overview\">\n<div class=\"value\">\n<div class=\"product attribute overview\">\n<div class=\"value\">Que vous rasiez l&#8217;ensemble du visage ou que vous travailliez les d\u00e9tails de votre barbe, le gel \u00e0 raser Johnny B. offre une application transparente et sans mousse, vous permettant de mieux voir le visage et d&#8217;\u00e9liminer les zones oubli\u00e9es.<\/p>\n<p>Sa texture onctueuse pr\u00e9vient les irritations et assure une glisse parfaite pour un rasage de pr\u00e8s.<\/p>\n<p>Propri\u00e9t\u00e9s anti-inflammatoires et antibact\u00e9riennes<\/p>\n<p>Enrichi en huile de romarin pour aider \u00e0 hydrater la peau<\/p>\n<p>Contribue \u00e0 lutter contre la s\u00e9cheresse cutan\u00e9e<\/p>\n<p>Mode d&#8217;emploi : Appliquer sur le visage humide et masser l\u00e9g\u00e8rement jusqu&#8217;\u00e0 absorption compl\u00e8te de la p\u00e2te. Se raser comme d&#8217;habitude.<\/p>\n<p>Rincer, s\u00e9cher en tapotant et appliquer le baume ou le spray apr\u00e8s-rasage Johnny B.<\/p>\n<p>Pompe incluse<\/p><\/div>\n<\/div>\n<div class=\"product-add-form\"><\/div>\n<\/div>\n<\/div>\n<div class=\"product-add-form\"><\/div>\n","protected":false},"excerpt":{"rendered":"<p>&nbsp; Que vous rasiez l&#8217;ensemble du visage ou que vous travailliez les d\u00e9tails de votre barbe, le gel \u00e0 raser Johnny B. offre une application transparente et sans mousse, vous permettant de mieux voir le visage et d&#8217;\u00e9liminer les zones oubli\u00e9es. Sa texture onctueuse pr\u00e9vient les irritations et assure une glisse parfaite pour un rasage [&hellip;]<\/p>\n","protected":false},"featured_media":7700,"comment_status":"open","ping_status":"closed","template":"","meta":{"_acf_changed":false,"_seopress_robots_primary_cat":"none","_seopress_titles_title":"JOHNNY B GEL CONTROL 16 OZ","_seopress_titles_desc":"","_seopress_robots_index":""},"product_brand":[],"product_cat":[70],"product_tag":[181,164],"class_list":{"0":"post-7699","1":"product","2":"type-product","3":"status-publish","4":"has-post-thumbnail","6":"product_cat-pommade-soins-pour-peau","7":"product_tag-gel","8":"product_tag-gel-coiffant","10":"first","11":"instock","12":"taxable","13":"shipping-taxable","14":"purchasable","15":"product-type-simple"},"acf":[],"_links":{"self":[{"href":"https:\/\/absolutlaprairie.ca\/en\/wp-json\/wp\/v2\/product\/7699","targetHints":{"allow":["GET"]}}],"collection":[{"href":"https:\/\/absolutlaprairie.ca\/en\/wp-json\/wp\/v2\/product"}],"about":[{"href":"https:\/\/absolutlaprairie.ca\/en\/wp-json\/wp\/v2\/types\/product"}],"replies":[{"embeddable":true,"href":"https:\/\/absolutlaprairie.ca\/en\/wp-json\/wp\/v2\/comments?post=7699"}],"wp:featuredmedia":[{"embeddable":true,"href":"https:\/\/absolutlaprairie.ca\/en\/wp-json\/wp\/v2\/media\/7700"}],"wp:attachment":[{"href":"https:\/\/absolutlaprairie.ca\/en\/wp-json\/wp\/v2\/media?parent=7699"}],"wp:term":[{"taxonomy":"product_brand","embeddable":true,"href":"https:\/\/absolutlaprairie.ca\/en\/wp-json\/wp\/v2\/product_brand?post=7699"},{"taxonomy":"product_cat","embeddable":true,"href":"https:\/\/absolutlaprairie.ca\/en\/wp-json\/wp\/v2\/product_cat?post=7699"},{"taxonomy":"product_tag","embeddable":true,"href":"https:\/\/absolutlaprairie.ca\/en\/wp-json\/wp\/v2\/product_tag?post=7699"}],"curies":[{"name":"wp","href":"https:\/\/api.w.org\/{rel}","templated":true}]}}