{"id":7686,"date":"2026-03-26T18:57:14","date_gmt":"2026-03-26T23:57:14","guid":{"rendered":"https:\/\/absolutlaprairie.ca\/?post_type=product&#038;p=7686"},"modified":"2026-03-26T18:58:36","modified_gmt":"2026-03-26T23:58:36","slug":"johnny-b-gel-coiffant-lucky-boy-vert-100-ml","status":"publish","type":"product","link":"https:\/\/absolutlaprairie.ca\/en\/product\/johnny-b-gel-coiffant-lucky-boy-vert-100-ml\/","title":{"rendered":"Johnny B &#8211; Gel coiffant Lucky Boy Vert (100 ml)"},"content":{"rendered":"<div class=\"product attribute overview\">\n<div class=\"value\">\n<div class=\"product attribute overview\">\n<div class=\"value\">\n<div class=\"product attribute overview\">\n<div class=\"value\">\n<div class=\"product attribute overview\">\n<div class=\"value\">Inspir\u00e9e par l\u2019atmosph\u00e8re de la Saint-Patrick, cette version sp\u00e9ciale est disponible toute l\u2019ann\u00e9e. Elle pr\u00e9sente une couleur verte vibrante qui s\u00e8che rapidement et un parfum masculin distinct. Avec un niveau de maintien de 6\/10 et un niveau de brillance de 8\/10, il offre juste la bonne quantit\u00e9 de maintien et de brillance, sans \u00e9caillage ni accumulation.<\/p>\n<p>Parfum masculin frais et audacieux, nos produits sont toujours fabriqu\u00e9s avec des ingr\u00e9dients de haute qualit\u00e9 sans alcool pour hydrater le cuir chevelu et cr\u00e9er l\u2019apparence de cheveux plus \u00e9pais. S&#8217;enl\u00e8ve facilement au lavage.<\/p><\/div>\n<\/div>\n<div class=\"product-add-form\"><\/div>\n<\/div>\n<\/div>\n<div class=\"product-add-form\"><\/div>\n<\/div>\n<\/div>\n<\/div>\n<\/div>\n<div class=\"product-add-form\"><\/div>\n","protected":false},"excerpt":{"rendered":"<p>Inspir\u00e9e par l\u2019atmosph\u00e8re de la Saint-Patrick, cette version sp\u00e9ciale est disponible toute l\u2019ann\u00e9e. Elle pr\u00e9sente une couleur verte vibrante qui s\u00e8che rapidement et un parfum masculin distinct. Avec un niveau de maintien de 6\/10 et un niveau de brillance de 8\/10, il offre juste la bonne quantit\u00e9 de maintien et de brillance, sans \u00e9caillage ni [&hellip;]<\/p>\n","protected":false},"featured_media":7687,"comment_status":"open","ping_status":"closed","template":"","meta":{"_acf_changed":false,"_seopress_robots_primary_cat":"none","_seopress_titles_title":"","_seopress_titles_desc":"","_seopress_robots_index":""},"product_brand":[],"product_cat":[70],"product_tag":[110],"class_list":{"0":"post-7686","1":"product","2":"type-product","3":"status-publish","4":"has-post-thumbnail","6":"product_cat-pommade-soins-pour-peau","7":"product_tag-pommade","9":"first","10":"instock","11":"taxable","12":"shipping-taxable","13":"purchasable","14":"product-type-simple"},"acf":[],"_links":{"self":[{"href":"https:\/\/absolutlaprairie.ca\/en\/wp-json\/wp\/v2\/product\/7686","targetHints":{"allow":["GET"]}}],"collection":[{"href":"https:\/\/absolutlaprairie.ca\/en\/wp-json\/wp\/v2\/product"}],"about":[{"href":"https:\/\/absolutlaprairie.ca\/en\/wp-json\/wp\/v2\/types\/product"}],"replies":[{"embeddable":true,"href":"https:\/\/absolutlaprairie.ca\/en\/wp-json\/wp\/v2\/comments?post=7686"}],"wp:featuredmedia":[{"embeddable":true,"href":"https:\/\/absolutlaprairie.ca\/en\/wp-json\/wp\/v2\/media\/7687"}],"wp:attachment":[{"href":"https:\/\/absolutlaprairie.ca\/en\/wp-json\/wp\/v2\/media?parent=7686"}],"wp:term":[{"taxonomy":"product_brand","embeddable":true,"href":"https:\/\/absolutlaprairie.ca\/en\/wp-json\/wp\/v2\/product_brand?post=7686"},{"taxonomy":"product_cat","embeddable":true,"href":"https:\/\/absolutlaprairie.ca\/en\/wp-json\/wp\/v2\/product_cat?post=7686"},{"taxonomy":"product_tag","embeddable":true,"href":"https:\/\/absolutlaprairie.ca\/en\/wp-json\/wp\/v2\/product_tag?post=7686"}],"curies":[{"name":"wp","href":"https:\/\/api.w.org\/{rel}","templated":true}]}}