{"id":7683,"date":"2026-03-26T18:52:07","date_gmt":"2026-03-26T23:52:07","guid":{"rendered":"https:\/\/absolutlaprairie.ca\/?post_type=product&#038;p=7683"},"modified":"2026-03-26T18:54:40","modified_gmt":"2026-03-26T23:54:40","slug":"johnny-b-gel-coiffant-mode-king-mauve-100-ml","status":"publish","type":"product","link":"https:\/\/absolutlaprairie.ca\/en\/product\/johnny-b-gel-coiffant-mode-king-mauve-100-ml\/","title":{"rendered":"Johnny B &#8211; Gel coiffant Mode King Mauve (100 ml)"},"content":{"rendered":"<div class=\"product attribute overview\">\n<div class=\"value\">\n<div class=\"product attribute overview\">\n<div class=\"value\">\n<div class=\"product attribute overview\">\n<div class=\"value\">Convient \u00e0 un roi<br \/>\nCe gel coiffant est digne d&#8217;un roi, il dure toute la journ\u00e9e et ne s&#8217;\u00e9caille jamais. Il a \u00e9t\u00e9 cr\u00e9\u00e9 pour fonctionner comme notre formule originale de gel coiffant MODE, mais avec un parfum masculin de daim et d&#8217;agrumes.<\/p>\n<p>Caract\u00e9ristiques et avantages :<br \/>\nContr\u00f4le et dompte les cheveux indisciplin\u00e9s<br \/>\nFormule sans alcool<br \/>\nSoluble dans l&#8217;eau<br \/>\nMode d&#8217;emploi : Frotter une quantit\u00e9 g\u00e9n\u00e9reuse entre les mains. Appliquer sur les cheveux humides ou secs. Coiffer selon les besoins. S\u00e9cher au s\u00e8che-cheveux pour de meilleurs r\u00e9sultats.<br \/>\nNiveau de tenue : 6\/10<br \/>\nNiveau de brillance : 8\/10<\/p><\/div>\n<\/div>\n<div class=\"product-add-form\"><\/div>\n<\/div>\n<\/div>\n<\/div>\n<\/div>\n<div class=\"product-add-form\"><\/div>\n","protected":false},"excerpt":{"rendered":"<p>Convient \u00e0 un roi Ce gel coiffant est digne d&#8217;un roi, il dure toute la journ\u00e9e et ne s&#8217;\u00e9caille jamais. Il a \u00e9t\u00e9 cr\u00e9\u00e9 pour fonctionner comme notre formule originale de gel coiffant MODE, mais avec un parfum masculin de daim et d&#8217;agrumes. Caract\u00e9ristiques et avantages : Contr\u00f4le et dompte les cheveux indisciplin\u00e9s Formule sans [&hellip;]<\/p>\n","protected":false},"featured_media":7684,"comment_status":"open","ping_status":"closed","template":"","meta":{"_acf_changed":false,"_seopress_robots_primary_cat":"none","_seopress_titles_title":"","_seopress_titles_desc":"","_seopress_robots_index":""},"product_brand":[],"product_cat":[70],"product_tag":[110],"class_list":{"0":"post-7683","1":"product","2":"type-product","3":"status-publish","4":"has-post-thumbnail","6":"product_cat-pommade-soins-pour-peau","7":"product_tag-pommade","9":"first","10":"instock","11":"taxable","12":"shipping-taxable","13":"purchasable","14":"product-type-simple"},"acf":[],"_links":{"self":[{"href":"https:\/\/absolutlaprairie.ca\/en\/wp-json\/wp\/v2\/product\/7683","targetHints":{"allow":["GET"]}}],"collection":[{"href":"https:\/\/absolutlaprairie.ca\/en\/wp-json\/wp\/v2\/product"}],"about":[{"href":"https:\/\/absolutlaprairie.ca\/en\/wp-json\/wp\/v2\/types\/product"}],"replies":[{"embeddable":true,"href":"https:\/\/absolutlaprairie.ca\/en\/wp-json\/wp\/v2\/comments?post=7683"}],"wp:featuredmedia":[{"embeddable":true,"href":"https:\/\/absolutlaprairie.ca\/en\/wp-json\/wp\/v2\/media\/7684"}],"wp:attachment":[{"href":"https:\/\/absolutlaprairie.ca\/en\/wp-json\/wp\/v2\/media?parent=7683"}],"wp:term":[{"taxonomy":"product_brand","embeddable":true,"href":"https:\/\/absolutlaprairie.ca\/en\/wp-json\/wp\/v2\/product_brand?post=7683"},{"taxonomy":"product_cat","embeddable":true,"href":"https:\/\/absolutlaprairie.ca\/en\/wp-json\/wp\/v2\/product_cat?post=7683"},{"taxonomy":"product_tag","embeddable":true,"href":"https:\/\/absolutlaprairie.ca\/en\/wp-json\/wp\/v2\/product_tag?post=7683"}],"curies":[{"name":"wp","href":"https:\/\/api.w.org\/{rel}","templated":true}]}}