{"id":7680,"date":"2026-03-26T18:48:51","date_gmt":"2026-03-26T23:48:51","guid":{"rendered":"https:\/\/absolutlaprairie.ca\/?post_type=product&#038;p=7680"},"modified":"2026-03-26T18:50:32","modified_gmt":"2026-03-26T23:50:32","slug":"johnny-b-pommade-clash-85-g","status":"publish","type":"product","link":"https:\/\/absolutlaprairie.ca\/en\/product\/johnny-b-pommade-clash-85-g\/","title":{"rendered":"Johnny B &#8211; Pommade Clash (85 g)"},"content":{"rendered":"<div class=\"product attribute overview\">\n<div class=\"value\">\n<div class=\"product attribute overview\">\n<div class=\"value\">\n<div class=\"product attribute overview\">\n<div class=\"value\">Cette pommade combine les propri\u00e9t\u00e9s de l&#8217;argile, de la cire et de la p\u00e2te.<\/p>\n<p>Ce m\u00e9lange de textures offre une tenue maximale et une brillance classique.<\/p>\n<p>Sa formule \u00e9paisse et soluble dans l&#8217;eau s&#8217;\u00e9mulsionne facilement \u00e0 la chaleur du pot.<\/p>\n<p>Convient \u00e0 tous les types de cheveux<\/p>\n<p>Apporte du volume<\/p>\n<p>Tenue forte<\/p>\n<p>Conseils d&#8217;utilisation : Frottez une quantit\u00e9 g\u00e9n\u00e9reuse de pommade entre vos mains pour la r\u00e9chauffer. Appliquez uniform\u00e9ment sur cheveux secs. Coiffez selon vos envies.<\/p>\n<p>Niveau de tenue : 9\/10<\/p>\n<p>Niveau de brillance : 5\/10<\/p><\/div>\n<\/div>\n<div class=\"product-add-form\"><\/div>\n<\/div>\n<\/div>\n<div class=\"product-add-form\"><\/div>\n<\/div>\n<\/div>\n<div class=\"product-add-form\"><\/div>\n","protected":false},"excerpt":{"rendered":"<p>Cette pommade combine les propri\u00e9t\u00e9s de l&#8217;argile, de la cire et de la p\u00e2te. Ce m\u00e9lange de textures offre une tenue maximale et une brillance classique. Sa formule \u00e9paisse et soluble dans l&#8217;eau s&#8217;\u00e9mulsionne facilement \u00e0 la chaleur du pot. Convient \u00e0 tous les types de cheveux Apporte du volume Tenue forte Conseils d&#8217;utilisation : [&hellip;]<\/p>\n","protected":false},"featured_media":7681,"comment_status":"open","ping_status":"closed","template":"","meta":{"_acf_changed":false,"_seopress_robots_primary_cat":"none","_seopress_titles_title":"","_seopress_titles_desc":"","_seopress_robots_index":""},"product_brand":[],"product_cat":[70],"product_tag":[113],"class_list":{"0":"post-7680","1":"product","2":"type-product","3":"status-publish","4":"has-post-thumbnail","6":"product_cat-pommade-soins-pour-peau","7":"product_tag-huile-a-barbe","9":"first","10":"instock","11":"taxable","12":"shipping-taxable","13":"purchasable","14":"product-type-simple"},"acf":[],"_links":{"self":[{"href":"https:\/\/absolutlaprairie.ca\/en\/wp-json\/wp\/v2\/product\/7680","targetHints":{"allow":["GET"]}}],"collection":[{"href":"https:\/\/absolutlaprairie.ca\/en\/wp-json\/wp\/v2\/product"}],"about":[{"href":"https:\/\/absolutlaprairie.ca\/en\/wp-json\/wp\/v2\/types\/product"}],"replies":[{"embeddable":true,"href":"https:\/\/absolutlaprairie.ca\/en\/wp-json\/wp\/v2\/comments?post=7680"}],"wp:featuredmedia":[{"embeddable":true,"href":"https:\/\/absolutlaprairie.ca\/en\/wp-json\/wp\/v2\/media\/7681"}],"wp:attachment":[{"href":"https:\/\/absolutlaprairie.ca\/en\/wp-json\/wp\/v2\/media?parent=7680"}],"wp:term":[{"taxonomy":"product_brand","embeddable":true,"href":"https:\/\/absolutlaprairie.ca\/en\/wp-json\/wp\/v2\/product_brand?post=7680"},{"taxonomy":"product_cat","embeddable":true,"href":"https:\/\/absolutlaprairie.ca\/en\/wp-json\/wp\/v2\/product_cat?post=7680"},{"taxonomy":"product_tag","embeddable":true,"href":"https:\/\/absolutlaprairie.ca\/en\/wp-json\/wp\/v2\/product_tag?post=7680"}],"curies":[{"name":"wp","href":"https:\/\/api.w.org\/{rel}","templated":true}]}}