{"id":7677,"date":"2026-03-26T18:46:24","date_gmt":"2026-03-26T23:46:24","guid":{"rendered":"https:\/\/absolutlaprairie.ca\/?post_type=product&#038;p=7677"},"modified":"2026-03-26T18:47:57","modified_gmt":"2026-03-26T23:47:57","slug":"johnny-b-nettoyant-pour-la-barbe-100-ml","status":"publish","type":"product","link":"https:\/\/absolutlaprairie.ca\/en\/product\/johnny-b-nettoyant-pour-la-barbe-100-ml\/","title":{"rendered":"Johnny B &#8211; Nettoyant pour la barbe (100 ml)"},"content":{"rendered":"<div class=\"product attribute overview\">\n<div class=\"value\">\n<div class=\"product attribute overview\">\n<div class=\"value\">Une sensation de propret\u00e9 incomparable.<\/p>\n<p>Ce nettoyant pr\u00e9serve le s\u00e9bum naturel de la barbe tout en \u00e9liminant impuret\u00e9s, r\u00e9sidus et odeurs.<\/p>\n<p>Doux pour un usage quotidien, il adoucit et apaise tous les poils, m\u00eame les plus r\u00eaches, tout en pr\u00e9venant le dess\u00e8chement.<\/p>\n<p>Formule italienne peu moussante<\/p>\n<p>Pr\u00e9vient l&#8217;accumulation de s\u00e9bum dans les pores<\/p>\n<p>Peut \u00eatre utilis\u00e9 quotidiennement<\/p>\n<p>Mode d&#8217;emploi : Appliquez une petite quantit\u00e9 sur votre barbe humide en massant, rincez abondamment et s\u00e9chez d\u00e9licatement en tapotant. \u00c0 utiliser quotidiennement ou au besoin<\/p><\/div>\n<\/div>\n<div class=\"product-add-form\"><\/div>\n<\/div>\n<\/div>\n<div class=\"product-add-form\"><\/div>\n","protected":false},"excerpt":{"rendered":"<p>Une sensation de propret\u00e9 incomparable. Ce nettoyant pr\u00e9serve le s\u00e9bum naturel de la barbe tout en \u00e9liminant impuret\u00e9s, r\u00e9sidus et odeurs. Doux pour un usage quotidien, il adoucit et apaise tous les poils, m\u00eame les plus r\u00eaches, tout en pr\u00e9venant le dess\u00e8chement. Formule italienne peu moussante Pr\u00e9vient l&#8217;accumulation de s\u00e9bum dans les pores Peut \u00eatre [&hellip;]<\/p>\n","protected":false},"featured_media":7678,"comment_status":"open","ping_status":"closed","template":"","meta":{"_acf_changed":false,"_seopress_robots_primary_cat":"none","_seopress_titles_title":"","_seopress_titles_desc":"","_seopress_robots_index":""},"product_brand":[],"product_cat":[70],"product_tag":[113],"class_list":{"0":"post-7677","1":"product","2":"type-product","3":"status-publish","4":"has-post-thumbnail","6":"product_cat-pommade-soins-pour-peau","7":"product_tag-huile-a-barbe","9":"first","10":"instock","11":"taxable","12":"shipping-taxable","13":"purchasable","14":"product-type-simple"},"acf":[],"_links":{"self":[{"href":"https:\/\/absolutlaprairie.ca\/en\/wp-json\/wp\/v2\/product\/7677","targetHints":{"allow":["GET"]}}],"collection":[{"href":"https:\/\/absolutlaprairie.ca\/en\/wp-json\/wp\/v2\/product"}],"about":[{"href":"https:\/\/absolutlaprairie.ca\/en\/wp-json\/wp\/v2\/types\/product"}],"replies":[{"embeddable":true,"href":"https:\/\/absolutlaprairie.ca\/en\/wp-json\/wp\/v2\/comments?post=7677"}],"wp:featuredmedia":[{"embeddable":true,"href":"https:\/\/absolutlaprairie.ca\/en\/wp-json\/wp\/v2\/media\/7678"}],"wp:attachment":[{"href":"https:\/\/absolutlaprairie.ca\/en\/wp-json\/wp\/v2\/media?parent=7677"}],"wp:term":[{"taxonomy":"product_brand","embeddable":true,"href":"https:\/\/absolutlaprairie.ca\/en\/wp-json\/wp\/v2\/product_brand?post=7677"},{"taxonomy":"product_cat","embeddable":true,"href":"https:\/\/absolutlaprairie.ca\/en\/wp-json\/wp\/v2\/product_cat?post=7677"},{"taxonomy":"product_tag","embeddable":true,"href":"https:\/\/absolutlaprairie.ca\/en\/wp-json\/wp\/v2\/product_tag?post=7677"}],"curies":[{"name":"wp","href":"https:\/\/api.w.org\/{rel}","templated":true}]}}