{"id":7674,"date":"2026-03-26T18:43:45","date_gmt":"2026-03-26T23:43:45","guid":{"rendered":"https:\/\/absolutlaprairie.ca\/?post_type=product&#038;p=7674"},"modified":"2026-03-26T18:45:57","modified_gmt":"2026-03-26T23:45:57","slug":"johnny-b-baume-a-barbe-60-g","status":"publish","type":"product","link":"https:\/\/absolutlaprairie.ca\/en\/product\/johnny-b-baume-a-barbe-60-g\/","title":{"rendered":"Johnny B &#8211; Baume \u00e0 barbe (60 g)"},"content":{"rendered":"<div class=\"product attribute overview\">\n<div class=\"value\">Ce baume hydratant enti\u00e8rement naturel discipline les poils de barbe les plus rebelles.<\/p>\n<p>Ses propri\u00e9t\u00e9s revitalisantes favorisent une pousse saine.<\/p>\n<p>Son l\u00e9ger parfum d&#8217;agrumes est discret et procure une sensation de fra\u00eecheur apr\u00e8s le lavage.<\/p>\n<p>\u2022 Huiles naturelles et vitamine E<\/p>\n<p>\u2022 Apporte brillance et hydratation \u00e0 la barbe<\/p>\n<p>\u2022 Beurre de karit\u00e9 : apaise la peau s\u00e8che<\/p>\n<p>Conseils d&#8217;utilisation :<\/p>\n<p>Chauffez une noisette de baume dans le creux de vos mains. Appliquez uniform\u00e9ment sur la barbe s\u00e8che. Renouvelez l&#8217;application si n\u00e9cessaire. Coiffez comme d&#8217;habitude.<\/p><\/div>\n<\/div>\n<div class=\"product-add-form\"><\/div>\n","protected":false},"excerpt":{"rendered":"<p>Ce baume hydratant enti\u00e8rement naturel discipline les poils de barbe les plus rebelles. Ses propri\u00e9t\u00e9s revitalisantes favorisent une pousse saine. Son l\u00e9ger parfum d&#8217;agrumes est discret et procure une sensation de fra\u00eecheur apr\u00e8s le lavage. \u2022 Huiles naturelles et vitamine E \u2022 Apporte brillance et hydratation \u00e0 la barbe \u2022 Beurre de karit\u00e9 : apaise [&hellip;]<\/p>\n","protected":false},"featured_media":7675,"comment_status":"open","ping_status":"closed","template":"","meta":{"_acf_changed":false,"_seopress_robots_primary_cat":"none","_seopress_titles_title":"","_seopress_titles_desc":"","_seopress_robots_index":""},"product_brand":[],"product_cat":[70],"product_tag":[113],"class_list":{"0":"post-7674","1":"product","2":"type-product","3":"status-publish","4":"has-post-thumbnail","6":"product_cat-pommade-soins-pour-peau","7":"product_tag-huile-a-barbe","9":"first","10":"instock","11":"taxable","12":"shipping-taxable","13":"purchasable","14":"product-type-simple"},"acf":[],"_links":{"self":[{"href":"https:\/\/absolutlaprairie.ca\/en\/wp-json\/wp\/v2\/product\/7674","targetHints":{"allow":["GET"]}}],"collection":[{"href":"https:\/\/absolutlaprairie.ca\/en\/wp-json\/wp\/v2\/product"}],"about":[{"href":"https:\/\/absolutlaprairie.ca\/en\/wp-json\/wp\/v2\/types\/product"}],"replies":[{"embeddable":true,"href":"https:\/\/absolutlaprairie.ca\/en\/wp-json\/wp\/v2\/comments?post=7674"}],"wp:featuredmedia":[{"embeddable":true,"href":"https:\/\/absolutlaprairie.ca\/en\/wp-json\/wp\/v2\/media\/7675"}],"wp:attachment":[{"href":"https:\/\/absolutlaprairie.ca\/en\/wp-json\/wp\/v2\/media?parent=7674"}],"wp:term":[{"taxonomy":"product_brand","embeddable":true,"href":"https:\/\/absolutlaprairie.ca\/en\/wp-json\/wp\/v2\/product_brand?post=7674"},{"taxonomy":"product_cat","embeddable":true,"href":"https:\/\/absolutlaprairie.ca\/en\/wp-json\/wp\/v2\/product_cat?post=7674"},{"taxonomy":"product_tag","embeddable":true,"href":"https:\/\/absolutlaprairie.ca\/en\/wp-json\/wp\/v2\/product_tag?post=7674"}],"curies":[{"name":"wp","href":"https:\/\/api.w.org\/{rel}","templated":true}]}}