{"id":7662,"date":"2026-03-26T18:35:06","date_gmt":"2026-03-26T23:35:06","guid":{"rendered":"https:\/\/absolutlaprairie.ca\/?post_type=product&#038;p=7662"},"modified":"2026-03-26T18:36:15","modified_gmt":"2026-03-26T23:36:15","slug":"johnny-b-lotion-apres-rasage-noon-100-ml","status":"publish","type":"product","link":"https:\/\/absolutlaprairie.ca\/en\/product\/johnny-b-lotion-apres-rasage-noon-100-ml\/","title":{"rendered":"Johnny B &#8211; Lotion apr\u00e8s rasage NOON (100 ml)"},"content":{"rendered":"<div class=\"product attribute overview\">\n<div class=\"value\">\n<div class=\"product attribute overview\">\n<div class=\"value\">\n<div class=\"product attribute overview\">\n<div class=\"value\">\n<div class=\"product attribute overview\">\n<div class=\"value\">\n<div class=\"product attribute overview\">\n<div class=\"value\">\n<div class=\"product attribute overview\">\n<div class=\"value\">\n<div class=\"product attribute overview\">\n<div class=\"value\">\n<div class=\"product attribute overview\">\n<div class=\"value\">\n<div class=\"product attribute overview\">\n<div class=\"value\">\n<div class=\"product attribute overview\">\n<div class=\"value\">\n<div class=\"product attribute overview\">\n<div class=\"value\">\n<p>Notre gamme d&#8217;apr\u00e8s-rasages, gr\u00e2ce \u00e0 sa forte teneur en alcool, d\u00e9sinfecte efficacement la peau et les cheveux tout en laissant un agr\u00e9able parfum.<\/p>\n<p>Ils s\u00e8chent rapidement, sont sans gluten et disponibles en quatre parfums diff\u00e9rents.<\/p>\n<p>Les professionnels peuvent les utiliser pour resserrer les pores apr\u00e8s le rasage et la coupe<\/p>\n<p>MIDNITE : Notes olfactives apr\u00e8s-rasage : oud, vanille, v\u00e9tiver et musc.<\/p>\n<p>Mode d\u2019emploi :<br \/>\nVaporisez-la ou les zones ras\u00e9es \u00e0 une distance d\u2019un bras.<\/p>\n<\/div>\n<\/div>\n<\/div>\n<\/div>\n<\/div>\n<\/div>\n<div class=\"product-add-form\"><\/div>\n<\/div>\n<\/div>\n<div class=\"product-add-form\"><\/div>\n<\/div>\n<\/div>\n<\/div>\n<\/div>\n<\/div>\n<\/div>\n<div class=\"product-add-form\"><\/div>\n<\/div>\n<\/div>\n<\/div>\n<\/div>\n<div class=\"product-add-form\"><\/div>\n<\/div>\n<\/div>\n<div class=\"product-add-form\"><\/div>\n<\/div>\n<\/div>\n<div class=\"product-add-form\"><\/div>\n","protected":false},"excerpt":{"rendered":"<p>Notre gamme d&#8217;apr\u00e8s-rasages, gr\u00e2ce \u00e0 sa forte teneur en alcool, d\u00e9sinfecte efficacement la peau et les cheveux tout en laissant un agr\u00e9able parfum. Ils s\u00e8chent rapidement, sont sans gluten et disponibles en quatre parfums diff\u00e9rents. Les professionnels peuvent les utiliser pour resserrer les pores apr\u00e8s le rasage et la coupe MIDNITE : Notes olfactives apr\u00e8s-rasage [&hellip;]<\/p>\n","protected":false},"featured_media":7663,"comment_status":"open","ping_status":"closed","template":"","meta":{"_acf_changed":false,"_seopress_robots_primary_cat":"none","_seopress_titles_title":"","_seopress_titles_desc":"","_seopress_robots_index":""},"product_brand":[],"product_cat":[70],"product_tag":[112],"class_list":{"0":"post-7662","1":"product","2":"type-product","3":"status-publish","4":"has-post-thumbnail","6":"product_cat-pommade-soins-pour-peau","7":"product_tag-aftershave","9":"first","10":"instock","11":"taxable","12":"shipping-taxable","13":"purchasable","14":"product-type-simple"},"acf":[],"_links":{"self":[{"href":"https:\/\/absolutlaprairie.ca\/en\/wp-json\/wp\/v2\/product\/7662","targetHints":{"allow":["GET"]}}],"collection":[{"href":"https:\/\/absolutlaprairie.ca\/en\/wp-json\/wp\/v2\/product"}],"about":[{"href":"https:\/\/absolutlaprairie.ca\/en\/wp-json\/wp\/v2\/types\/product"}],"replies":[{"embeddable":true,"href":"https:\/\/absolutlaprairie.ca\/en\/wp-json\/wp\/v2\/comments?post=7662"}],"wp:featuredmedia":[{"embeddable":true,"href":"https:\/\/absolutlaprairie.ca\/en\/wp-json\/wp\/v2\/media\/7663"}],"wp:attachment":[{"href":"https:\/\/absolutlaprairie.ca\/en\/wp-json\/wp\/v2\/media?parent=7662"}],"wp:term":[{"taxonomy":"product_brand","embeddable":true,"href":"https:\/\/absolutlaprairie.ca\/en\/wp-json\/wp\/v2\/product_brand?post=7662"},{"taxonomy":"product_cat","embeddable":true,"href":"https:\/\/absolutlaprairie.ca\/en\/wp-json\/wp\/v2\/product_cat?post=7662"},{"taxonomy":"product_tag","embeddable":true,"href":"https:\/\/absolutlaprairie.ca\/en\/wp-json\/wp\/v2\/product_tag?post=7662"}],"curies":[{"name":"wp","href":"https:\/\/api.w.org\/{rel}","templated":true}]}}