{"id":7655,"date":"2026-03-26T18:28:46","date_gmt":"2026-03-26T23:28:46","guid":{"rendered":"https:\/\/absolutlaprairie.ca\/?post_type=product&#038;p=7655"},"modified":"2026-03-26T18:30:26","modified_gmt":"2026-03-26T23:30:26","slug":"johnny-b-lotion-apres-rasage-balm-12-oz","status":"publish","type":"product","link":"https:\/\/absolutlaprairie.ca\/en\/product\/johnny-b-lotion-apres-rasage-balm-12-oz\/","title":{"rendered":"Johnny B &#8211; Lotion apr\u00e8s rasage BALM (12 oz)"},"content":{"rendered":"<div class=\"product attribute overview\">\n<div class=\"value\">\n<div class=\"product attribute overview\">\n<div class=\"value\">\n<div class=\"product attribute overview\">\n<div class=\"value\">\n<div class=\"product attribute overview\">\n<div class=\"value\">\n<div class=\"product attribute overview\">\n<div class=\"value\">\n<div class=\"product attribute overview\">\n<div class=\"value\">\n<div class=\"product attribute overview\">\n<div class=\"value\">\n<div class=\"product attribute overview\">\n<div class=\"value\">\n<div class=\"product attribute overview\">\n<div class=\"value\">\n<div class=\"product attribute overview\">\n<div class=\"value\"><\/div>\n<\/div>\n<div class=\"product-add-form\">\n<div class=\"product attribute overview\">\n<div class=\"value\">\n<div class=\"product attribute overview\">\n<div class=\"value\">\n<div class=\"product attribute overview\">\n<div class=\"value\">\n<div class=\"product attribute overview\">\n<div class=\"value\">\n<div class=\"product attribute overview\">\n<div class=\"value\">\n<p>Apr\u00e8s le rasage, ce baume apaise et adoucit la peau pour pr\u00e9venir les rougeurs et les irritations.<\/p>\n<p>Il rafra\u00eechit la zone en douceur tout en nourrissant la peau gr\u00e2ce \u00e0 ses acides gras.<\/p>\n<p>Rafra\u00eechit, apaise et adoucit<\/p>\n<p>Apaise et rafra\u00eechit gr\u00e2ce \u00e0 l&#8217;hamam\u00e9lis<\/p>\n<p>R\u00e9duit les rougeurs et les irritations<\/p>\n<p>Conseils d&#8217;utilisation : Appliquez une noisette de baume sur la paume de la main, puis \u00e9talez sur le visage et le cou selon les besoins.<br \/>\nRenouvelez l&#8217;application si n\u00e9cessaire. Ne pas rincer.<\/p>\n<\/div>\n<\/div>\n<div class=\"product-add-form\"><\/div>\n<\/div>\n<\/div>\n<div class=\"product-add-form\"><\/div>\n<\/div>\n<\/div>\n<div class=\"product-add-form\"><\/div>\n<\/div>\n<\/div>\n<\/div>\n<\/div>\n<\/div>\n<\/div>\n<\/div>\n<div class=\"product-add-form\"><\/div>\n<\/div>\n<\/div>\n<div class=\"product-add-form\"><\/div>\n<\/div>\n<\/div>\n<\/div>\n<\/div>\n<\/div>\n<\/div>\n<div class=\"product-add-form\"><\/div>\n<\/div>\n<\/div>\n<\/div>\n<\/div>\n<div class=\"product-add-form\"><\/div>\n<\/div>\n<\/div>\n<div class=\"product-add-form\"><\/div>\n<\/div>\n<\/div>\n<div class=\"product-add-form\"><\/div>\n","protected":false},"excerpt":{"rendered":"<p>Apr\u00e8s le rasage, ce baume apaise et adoucit la peau pour pr\u00e9venir les rougeurs et les irritations. Il rafra\u00eechit la zone en douceur tout en nourrissant la peau gr\u00e2ce \u00e0 ses acides gras. Rafra\u00eechit, apaise et adoucit Apaise et rafra\u00eechit gr\u00e2ce \u00e0 l&#8217;hamam\u00e9lis R\u00e9duit les rougeurs et les irritations Conseils d&#8217;utilisation : Appliquez une noisette [&hellip;]<\/p>\n","protected":false},"featured_media":7656,"comment_status":"open","ping_status":"closed","template":"","meta":{"_acf_changed":false,"_seopress_robots_primary_cat":"none","_seopress_titles_title":"","_seopress_titles_desc":"","_seopress_robots_index":""},"product_brand":[],"product_cat":[70],"product_tag":[112],"class_list":{"0":"post-7655","1":"product","2":"type-product","3":"status-publish","4":"has-post-thumbnail","6":"product_cat-pommade-soins-pour-peau","7":"product_tag-aftershave","9":"first","10":"instock","11":"taxable","12":"shipping-taxable","13":"purchasable","14":"product-type-simple"},"acf":[],"_links":{"self":[{"href":"https:\/\/absolutlaprairie.ca\/en\/wp-json\/wp\/v2\/product\/7655","targetHints":{"allow":["GET"]}}],"collection":[{"href":"https:\/\/absolutlaprairie.ca\/en\/wp-json\/wp\/v2\/product"}],"about":[{"href":"https:\/\/absolutlaprairie.ca\/en\/wp-json\/wp\/v2\/types\/product"}],"replies":[{"embeddable":true,"href":"https:\/\/absolutlaprairie.ca\/en\/wp-json\/wp\/v2\/comments?post=7655"}],"wp:featuredmedia":[{"embeddable":true,"href":"https:\/\/absolutlaprairie.ca\/en\/wp-json\/wp\/v2\/media\/7656"}],"wp:attachment":[{"href":"https:\/\/absolutlaprairie.ca\/en\/wp-json\/wp\/v2\/media?parent=7655"}],"wp:term":[{"taxonomy":"product_brand","embeddable":true,"href":"https:\/\/absolutlaprairie.ca\/en\/wp-json\/wp\/v2\/product_brand?post=7655"},{"taxonomy":"product_cat","embeddable":true,"href":"https:\/\/absolutlaprairie.ca\/en\/wp-json\/wp\/v2\/product_cat?post=7655"},{"taxonomy":"product_tag","embeddable":true,"href":"https:\/\/absolutlaprairie.ca\/en\/wp-json\/wp\/v2\/product_tag?post=7655"}],"curies":[{"name":"wp","href":"https:\/\/api.w.org\/{rel}","templated":true}]}}