{"id":7646,"date":"2026-03-26T18:19:45","date_gmt":"2026-03-26T23:19:45","guid":{"rendered":"https:\/\/absolutlaprairie.ca\/?post_type=product&#038;p=7646"},"modified":"2026-03-26T18:23:19","modified_gmt":"2026-03-26T23:23:19","slug":"johnny-b-fixatif-code-b-100-ml","status":"publish","type":"product","link":"https:\/\/absolutlaprairie.ca\/en\/product\/johnny-b-fixatif-code-b-100-ml\/","title":{"rendered":"Johnny B &#8211; Fixatif Code B (100 ml)"},"content":{"rendered":"<div class=\"product attribute overview\">\n<div class=\"value\">\n<div class=\"product attribute overview\">\n<div class=\"value\">\n<div class=\"product attribute overview\">\n<div class=\"value\">\n<div class=\"product attribute overview\">\n<div class=\"value\">\n<div class=\"product attribute overview\">\n<div class=\"value\">\n<div class=\"product attribute overview\">\n<div class=\"value\">\n<div class=\"product attribute overview\">\n<div class=\"value\">\n<div class=\"product attribute overview\">\n<div class=\"value\">\n<div class=\"product attribute overview\">\n<div class=\"value\">\n<div class=\"product attribute overview\">\n<div class=\"value\"><\/div>\n<\/div>\n<div class=\"product-add-form\">\n<div class=\"product attribute overview\">\n<div class=\"value\">\n<div class=\"product attribute overview\">\n<div class=\"value\">\n<div class=\"product attribute overview\">\n<div class=\"value\">Cette formule unique est compos\u00e9e de 85 % d&#8217;eau\/15 % d&#8217;huile de chanvre, ce qui permet d&#8217;adoucir et d&#8217;hydrater les cheveux.<br \/>\nElle contient de la biotine pour aider \u00e0 nourrir les cheveux et agit comme un protecteur thermique \u00e0 haute temp\u00e9rature<br \/>\nIl prot\u00e8ge des outils chauds tout en offrant une tenue et une direction mod\u00e9r\u00e9es.<br \/>\nIl n&#8217;est jamais collant ou poisseux.<br \/>\nAgent de coupe<br \/>\nContient de la biotine<br \/>\nTenir le vaporisateur \u00e0 une distance de 8 \u00e0 10 pouces de la t\u00eate pour l&#8217;appliquer. Coiffer selon les besoins. Appliquez de la chaleur si vous le souhaitez.<br \/>\nNiveau de tenue : 4\/10<br \/>\nNiveau de brillance : 6\/10<\/p>\n<\/div>\n<\/div>\n<div class=\"product-add-form\"><\/div>\n<\/div>\n<\/div>\n<\/div>\n<\/div>\n<\/div>\n<\/div>\n<\/div>\n<div class=\"product-add-form\"><\/div>\n<\/div>\n<\/div>\n<div class=\"product-add-form\"><\/div>\n<\/div>\n<\/div>\n<\/div>\n<\/div>\n<\/div>\n<\/div>\n<div class=\"product-add-form\"><\/div>\n<\/div>\n<\/div>\n<\/div>\n<\/div>\n<div class=\"product-add-form\"><\/div>\n<\/div>\n<\/div>\n<div class=\"product-add-form\"><\/div>\n<\/div>\n<\/div>\n<div class=\"product-add-form\"><\/div>\n","protected":false},"excerpt":{"rendered":"<p>Cette formule unique est compos\u00e9e de 85 % d&#8217;eau\/15 % d&#8217;huile de chanvre, ce qui permet d&#8217;adoucir et d&#8217;hydrater les cheveux. Elle contient de la biotine pour aider \u00e0 nourrir les cheveux et agit comme un protecteur thermique \u00e0 haute temp\u00e9rature Il prot\u00e8ge des outils chauds tout en offrant une tenue et une direction mod\u00e9r\u00e9es. [&hellip;]<\/p>\n","protected":false},"featured_media":7647,"comment_status":"open","ping_status":"closed","template":"","meta":{"_acf_changed":false,"_seopress_robots_primary_cat":"none","_seopress_titles_title":"","_seopress_titles_desc":"","_seopress_robots_index":""},"product_brand":[],"product_cat":[70],"product_tag":[110,111],"class_list":{"0":"post-7646","1":"product","2":"type-product","3":"status-publish","4":"has-post-thumbnail","6":"product_cat-pommade-soins-pour-peau","7":"product_tag-pommade","8":"product_tag-shampooing","10":"first","11":"instock","12":"taxable","13":"shipping-taxable","14":"purchasable","15":"product-type-simple"},"acf":[],"_links":{"self":[{"href":"https:\/\/absolutlaprairie.ca\/en\/wp-json\/wp\/v2\/product\/7646","targetHints":{"allow":["GET"]}}],"collection":[{"href":"https:\/\/absolutlaprairie.ca\/en\/wp-json\/wp\/v2\/product"}],"about":[{"href":"https:\/\/absolutlaprairie.ca\/en\/wp-json\/wp\/v2\/types\/product"}],"replies":[{"embeddable":true,"href":"https:\/\/absolutlaprairie.ca\/en\/wp-json\/wp\/v2\/comments?post=7646"}],"wp:featuredmedia":[{"embeddable":true,"href":"https:\/\/absolutlaprairie.ca\/en\/wp-json\/wp\/v2\/media\/7647"}],"wp:attachment":[{"href":"https:\/\/absolutlaprairie.ca\/en\/wp-json\/wp\/v2\/media?parent=7646"}],"wp:term":[{"taxonomy":"product_brand","embeddable":true,"href":"https:\/\/absolutlaprairie.ca\/en\/wp-json\/wp\/v2\/product_brand?post=7646"},{"taxonomy":"product_cat","embeddable":true,"href":"https:\/\/absolutlaprairie.ca\/en\/wp-json\/wp\/v2\/product_cat?post=7646"},{"taxonomy":"product_tag","embeddable":true,"href":"https:\/\/absolutlaprairie.ca\/en\/wp-json\/wp\/v2\/product_tag?post=7646"}],"curies":[{"name":"wp","href":"https:\/\/api.w.org\/{rel}","templated":true}]}}