{"id":7641,"date":"2026-03-19T19:44:53","date_gmt":"2026-03-20T00:44:53","guid":{"rendered":"https:\/\/absolutlaprairie.ca\/?post_type=product&#038;p=7641"},"modified":"2026-03-19T19:46:48","modified_gmt":"2026-03-20T00:46:48","slug":"stmnt-styling-spray-embellisseur-200-ml","status":"publish","type":"product","link":"https:\/\/absolutlaprairie.ca\/en\/product\/stmnt-styling-spray-embellisseur-200-ml\/","title":{"rendered":"STMNT &#8211; Styling Spray Embellisseur (200 ml)"},"content":{"rendered":"<div class=\"product attribute overview\">\n<div class=\"value\">\n<div class=\"product attribute overview\">\n<div class=\"value\">\n<div class=\"product attribute overview\">\n<div class=\"value\">\n<div class=\"product attribute overview\">\n<div class=\"value\">\n<div class=\"product attribute overview\">\n<div class=\"value\">\n<div class=\"product attribute overview\">\n<div class=\"value\">\n<div class=\"product attribute overview\">\n<div class=\"value\">\n<div class=\"product attribute overview\">\n<div class=\"value\">\n<div class=\"product attribute overview\">\n<div class=\"value\">\n<div class=\"product attribute overview\">\n<div class=\"value\"><\/div>\n<\/div>\n<div class=\"product-add-form\">\n<div class=\"product attribute overview\">\n<div class=\"value\">\n<div class=\"product attribute overview\">\n<div class=\"value\">Ce spray de coiffage multiusage est id\u00e9al pour faciliter le d\u00e9m\u00ealage, le coiffage et ma\u00eetriser les cheveux.<\/p>\n<p>Il renforce la tenue sans effet collant tout en cr\u00e9ant une sensation de cheveux plus dense.<\/p>\n<p>S&#8217;associe parfaitement aux autres produits de texture STMNT et convient comme aide \u00e0 la coupe.<\/p>\n<p>Tenue l\u00e9g\u00e8re, sans rigidit\u00e9 et finition naturelle.<\/p>\n<p>Le parfum caract\u00e9ristique de Nomad Barber : un m\u00e9lange frais d&#8217;\u00e9pices, de lavande et d&#8217;un soup\u00e7on de bois.<\/p>\n<p>Formule vegane.<\/p><\/div>\n<\/div>\n<div class=\"product-add-form\"><\/div>\n<\/div>\n<\/div>\n<\/div>\n<\/div>\n<\/div>\n<div class=\"product-add-form\"><\/div>\n<\/div>\n<\/div>\n<div class=\"product-add-form\"><\/div>\n<\/div>\n<\/div>\n<\/div>\n<\/div>\n<\/div>\n<\/div>\n<div class=\"product-add-form\"><\/div>\n<\/div>\n<\/div>\n<\/div>\n<\/div>\n<div class=\"product-add-form\"><\/div>\n<\/div>\n<\/div>\n<div class=\"product-add-form\"><\/div>\n<\/div>\n<\/div>\n<div class=\"product-add-form\"><\/div>\n","protected":false},"excerpt":{"rendered":"<p>Ce spray de coiffage multiusage est id\u00e9al pour faciliter le d\u00e9m\u00ealage, le coiffage et ma\u00eetriser les cheveux. Il renforce la tenue sans effet collant tout en cr\u00e9ant une sensation de cheveux plus dense. S&#8217;associe parfaitement aux autres produits de texture STMNT et convient comme aide \u00e0 la coupe. Tenue l\u00e9g\u00e8re, sans rigidit\u00e9 et finition naturelle. [&hellip;]<\/p>\n","protected":false},"featured_media":7642,"comment_status":"open","ping_status":"closed","template":"","meta":{"_acf_changed":false,"_seopress_robots_primary_cat":"none","_seopress_titles_title":"","_seopress_titles_desc":"","_seopress_robots_index":""},"product_brand":[],"product_cat":[70],"product_tag":[110],"class_list":{"0":"post-7641","1":"product","2":"type-product","3":"status-publish","4":"has-post-thumbnail","6":"product_cat-pommade-soins-pour-peau","7":"product_tag-pommade","9":"first","10":"instock","11":"taxable","12":"shipping-taxable","13":"purchasable","14":"product-type-simple"},"acf":[],"_links":{"self":[{"href":"https:\/\/absolutlaprairie.ca\/en\/wp-json\/wp\/v2\/product\/7641","targetHints":{"allow":["GET"]}}],"collection":[{"href":"https:\/\/absolutlaprairie.ca\/en\/wp-json\/wp\/v2\/product"}],"about":[{"href":"https:\/\/absolutlaprairie.ca\/en\/wp-json\/wp\/v2\/types\/product"}],"replies":[{"embeddable":true,"href":"https:\/\/absolutlaprairie.ca\/en\/wp-json\/wp\/v2\/comments?post=7641"}],"wp:featuredmedia":[{"embeddable":true,"href":"https:\/\/absolutlaprairie.ca\/en\/wp-json\/wp\/v2\/media\/7642"}],"wp:attachment":[{"href":"https:\/\/absolutlaprairie.ca\/en\/wp-json\/wp\/v2\/media?parent=7641"}],"wp:term":[{"taxonomy":"product_brand","embeddable":true,"href":"https:\/\/absolutlaprairie.ca\/en\/wp-json\/wp\/v2\/product_brand?post=7641"},{"taxonomy":"product_cat","embeddable":true,"href":"https:\/\/absolutlaprairie.ca\/en\/wp-json\/wp\/v2\/product_cat?post=7641"},{"taxonomy":"product_tag","embeddable":true,"href":"https:\/\/absolutlaprairie.ca\/en\/wp-json\/wp\/v2\/product_tag?post=7641"}],"curies":[{"name":"wp","href":"https:\/\/api.w.org\/{rel}","templated":true}]}}