{"id":7635,"date":"2026-03-19T19:40:31","date_gmt":"2026-03-20T00:40:31","guid":{"rendered":"https:\/\/absolutlaprairie.ca\/?post_type=product&#038;p=7635"},"modified":"2026-03-19T19:42:24","modified_gmt":"2026-03-20T00:42:24","slug":"stmnt-styling-poudre-cire-15g","status":"publish","type":"product","link":"https:\/\/absolutlaprairie.ca\/en\/product\/stmnt-styling-poudre-cire-15g\/","title":{"rendered":"STMNT &#8211; Styling Poudre cir\u00e9 (15g)"},"content":{"rendered":"<div class=\"product attribute overview\">\n<div class=\"value\">\n<div class=\"product attribute overview\">\n<div class=\"value\">\n<div class=\"product attribute overview\">\n<div class=\"value\">\n<div class=\"product attribute overview\">\n<div class=\"value\">\n<div class=\"product attribute overview\">\n<div class=\"value\">\n<div class=\"product attribute overview\">\n<div class=\"value\">\n<div class=\"product attribute overview\">\n<div class=\"value\">\n<div class=\"product attribute overview\">\n<div class=\"value\">\n<div class=\"product attribute overview\">\n<div class=\"value\">\n<div class=\"product attribute overview\">\n<div class=\"value\"><\/div>\n<\/div>\n<div class=\"product-add-form\">\n<div class=\"product attribute overview\">\n<div class=\"value\">Cette poudre l\u00e9g\u00e8re se transforme en une cire non-collante. Pour une fixation flexible, un volume au contr\u00f4le moyen et un fini semi-mat.<\/p>\n<p>A utiliser sur cheveux secs.<\/p>\n<p>Formule vegane.<\/p><\/div>\n<\/div>\n<div class=\"product-add-form\"><\/div>\n<\/div>\n<\/div>\n<\/div>\n<div class=\"product-add-form\"><\/div>\n<\/div>\n<\/div>\n<div class=\"product-add-form\"><\/div>\n<\/div>\n<\/div>\n<\/div>\n<\/div>\n<\/div>\n<\/div>\n<div class=\"product-add-form\"><\/div>\n<\/div>\n<\/div>\n<\/div>\n<\/div>\n<div class=\"product-add-form\"><\/div>\n<\/div>\n<\/div>\n<div class=\"product-add-form\"><\/div>\n<\/div>\n<\/div>\n<div class=\"product-add-form\"><\/div>\n","protected":false},"excerpt":{"rendered":"<p>Cette poudre l\u00e9g\u00e8re se transforme en une cire non-collante. Pour une fixation flexible, un volume au contr\u00f4le moyen et un fini semi-mat. A utiliser sur cheveux secs. Formule vegane.<\/p>\n","protected":false},"featured_media":7636,"comment_status":"open","ping_status":"closed","template":"","meta":{"_acf_changed":false,"_seopress_robots_primary_cat":"none","_seopress_titles_title":"","_seopress_titles_desc":"","_seopress_robots_index":""},"product_brand":[],"product_cat":[70],"product_tag":[159,110],"class_list":{"0":"post-7635","1":"product","2":"type-product","3":"status-publish","4":"has-post-thumbnail","6":"product_cat-pommade-soins-pour-peau","7":"product_tag-pomade-de-cire","8":"product_tag-pommade","10":"first","11":"instock","12":"taxable","13":"shipping-taxable","14":"purchasable","15":"product-type-simple"},"acf":[],"_links":{"self":[{"href":"https:\/\/absolutlaprairie.ca\/en\/wp-json\/wp\/v2\/product\/7635","targetHints":{"allow":["GET"]}}],"collection":[{"href":"https:\/\/absolutlaprairie.ca\/en\/wp-json\/wp\/v2\/product"}],"about":[{"href":"https:\/\/absolutlaprairie.ca\/en\/wp-json\/wp\/v2\/types\/product"}],"replies":[{"embeddable":true,"href":"https:\/\/absolutlaprairie.ca\/en\/wp-json\/wp\/v2\/comments?post=7635"}],"wp:featuredmedia":[{"embeddable":true,"href":"https:\/\/absolutlaprairie.ca\/en\/wp-json\/wp\/v2\/media\/7636"}],"wp:attachment":[{"href":"https:\/\/absolutlaprairie.ca\/en\/wp-json\/wp\/v2\/media?parent=7635"}],"wp:term":[{"taxonomy":"product_brand","embeddable":true,"href":"https:\/\/absolutlaprairie.ca\/en\/wp-json\/wp\/v2\/product_brand?post=7635"},{"taxonomy":"product_cat","embeddable":true,"href":"https:\/\/absolutlaprairie.ca\/en\/wp-json\/wp\/v2\/product_cat?post=7635"},{"taxonomy":"product_tag","embeddable":true,"href":"https:\/\/absolutlaprairie.ca\/en\/wp-json\/wp\/v2\/product_tag?post=7635"}],"curies":[{"name":"wp","href":"https:\/\/api.w.org\/{rel}","templated":true}]}}