{"id":7632,"date":"2026-03-19T19:37:26","date_gmt":"2026-03-20T00:37:26","guid":{"rendered":"https:\/\/absolutlaprairie.ca\/?post_type=product&#038;p=7632"},"modified":"2026-03-19T19:40:06","modified_gmt":"2026-03-20T00:40:06","slug":"stmnt-styling-pommade-fibreuse-100ml-2","status":"publish","type":"product","link":"https:\/\/absolutlaprairie.ca\/en\/product\/stmnt-styling-pommade-fibreuse-100ml-2\/","title":{"rendered":"STMNT &#8211; Styling Pommade fibreuse (100ml)"},"content":{"rendered":"<div class=\"product attribute overview\">\n<div class=\"value\">\n<div class=\"product attribute overview\">\n<div class=\"value\">\n<div class=\"product attribute overview\">\n<div class=\"value\">\n<div class=\"product attribute overview\">\n<div class=\"value\">\n<div class=\"product attribute overview\">\n<div class=\"value\">\n<div class=\"product attribute overview\">\n<div class=\"value\">\n<div class=\"product attribute overview\">\n<div class=\"value\">\n<div class=\"product attribute overview\">\n<div class=\"value\">\n<div class=\"product attribute overview\">\n<div class=\"value\">\n<div class=\"product attribute overview\">\n<div class=\"value\">Ton ticket gagnant pour un look d\u00e9coiff\u00e9.<\/p>\n<p>Contr\u00f4le fort m\u00eame sur les cheveux \u00e9pais.<br \/>\nS\u00e9paration incroyable et texture remodelable.<br \/>\nFormule tr\u00e8s souple avec des fibres \u00e9lastiques<br \/>\nContr\u00f4le fort et fini semi-mat.<br \/>\nFacile \u00e0 laver.<br \/>\nUtilisation sur cheveux secs.<\/p>\n<p>Parfum d&#8217;agrumes, de notes aquatiques et bois\u00e9es<\/p>\n<p>Formule vegane.<\/p><\/div>\n<\/div>\n<div class=\"product-add-form\"><\/div>\n<\/div>\n<\/div>\n<div class=\"product-add-form\"><\/div>\n<\/div>\n<\/div>\n<div class=\"product-add-form\"><\/div>\n<\/div>\n<\/div>\n<\/div>\n<\/div>\n<\/div>\n<\/div>\n<div class=\"product-add-form\"><\/div>\n<\/div>\n<\/div>\n<\/div>\n<\/div>\n<div class=\"product-add-form\"><\/div>\n<\/div>\n<\/div>\n<div class=\"product-add-form\"><\/div>\n<\/div>\n<\/div>\n<div class=\"product-add-form\"><\/div>\n","protected":false},"excerpt":{"rendered":"<p>Ton ticket gagnant pour un look d\u00e9coiff\u00e9. Contr\u00f4le fort m\u00eame sur les cheveux \u00e9pais. S\u00e9paration incroyable et texture remodelable. Formule tr\u00e8s souple avec des fibres \u00e9lastiques Contr\u00f4le fort et fini semi-mat. Facile \u00e0 laver. Utilisation sur cheveux secs. Parfum d&#8217;agrumes, de notes aquatiques et bois\u00e9es Formule vegane.<\/p>\n","protected":false},"featured_media":7633,"comment_status":"open","ping_status":"closed","template":"","meta":{"_acf_changed":false,"_seopress_robots_primary_cat":"none","_seopress_titles_title":"","_seopress_titles_desc":"","_seopress_robots_index":""},"product_brand":[],"product_cat":[70],"product_tag":[161,110],"class_list":{"0":"post-7632","1":"product","2":"type-product","3":"status-publish","4":"has-post-thumbnail","6":"product_cat-pommade-soins-pour-peau","7":"product_tag-pate-coiffante","8":"product_tag-pommade","10":"first","11":"instock","12":"taxable","13":"shipping-taxable","14":"purchasable","15":"product-type-simple"},"acf":[],"_links":{"self":[{"href":"https:\/\/absolutlaprairie.ca\/en\/wp-json\/wp\/v2\/product\/7632","targetHints":{"allow":["GET"]}}],"collection":[{"href":"https:\/\/absolutlaprairie.ca\/en\/wp-json\/wp\/v2\/product"}],"about":[{"href":"https:\/\/absolutlaprairie.ca\/en\/wp-json\/wp\/v2\/types\/product"}],"replies":[{"embeddable":true,"href":"https:\/\/absolutlaprairie.ca\/en\/wp-json\/wp\/v2\/comments?post=7632"}],"wp:featuredmedia":[{"embeddable":true,"href":"https:\/\/absolutlaprairie.ca\/en\/wp-json\/wp\/v2\/media\/7633"}],"wp:attachment":[{"href":"https:\/\/absolutlaprairie.ca\/en\/wp-json\/wp\/v2\/media?parent=7632"}],"wp:term":[{"taxonomy":"product_brand","embeddable":true,"href":"https:\/\/absolutlaprairie.ca\/en\/wp-json\/wp\/v2\/product_brand?post=7632"},{"taxonomy":"product_cat","embeddable":true,"href":"https:\/\/absolutlaprairie.ca\/en\/wp-json\/wp\/v2\/product_cat?post=7632"},{"taxonomy":"product_tag","embeddable":true,"href":"https:\/\/absolutlaprairie.ca\/en\/wp-json\/wp\/v2\/product_tag?post=7632"}],"curies":[{"name":"wp","href":"https:\/\/api.w.org\/{rel}","templated":true}]}}