{"id":7629,"date":"2026-03-19T19:35:11","date_gmt":"2026-03-20T00:35:11","guid":{"rendered":"https:\/\/absolutlaprairie.ca\/?post_type=product&#038;p=7629"},"modified":"2026-03-19T19:36:56","modified_gmt":"2026-03-20T00:36:56","slug":"stmnt-styling-pommade-classique-100ml","status":"publish","type":"product","link":"https:\/\/absolutlaprairie.ca\/en\/product\/stmnt-styling-pommade-classique-100ml\/","title":{"rendered":"STMNT &#8211; Styling Pommade classique (100ml)"},"content":{"rendered":"<div class=\"product attribute overview\">\n<div class=\"value\">\n<div class=\"product attribute overview\">\n<div class=\"value\">\n<div class=\"product attribute overview\">\n<div class=\"value\">\n<div class=\"product attribute overview\">\n<div class=\"value\">\n<div class=\"product attribute overview\">\n<div class=\"value\">\n<div class=\"product attribute overview\">\n<div class=\"value\">\n<div class=\"product attribute overview\">\n<div class=\"value\">\n<div class=\"product attribute overview\">\n<div class=\"value\">\n<div class=\"product attribute overview\">\n<div class=\"value\">A utiliser sur cheveux humides ou secs pour cr\u00e9er des looks polis avec un style intemporel.<\/p>\n<p>Tenue souple sans rigidit\u00e9.<br \/>\nContr\u00f4le fort et brillance naturelle.<br \/>\nFormule \u00e0 base d&#8217;eau.<br \/>\nFacile \u00e0 laver.<br \/>\nPeut \u00eatre r\u00e9activ\u00e9 avec de l&#8217;eau<br \/>\nParfum : \u00c9pices, lavande et un soup\u00e7on de bois.<\/p>\n<p>Formule vegane<\/p><\/div>\n<\/div>\n<div class=\"product-add-form\"><\/div>\n<\/div>\n<\/div>\n<div class=\"product-add-form\"><\/div>\n<\/div>\n<\/div>\n<\/div>\n<\/div>\n<\/div>\n<\/div>\n<div class=\"product-add-form\"><\/div>\n<\/div>\n<\/div>\n<\/div>\n<\/div>\n<div class=\"product-add-form\"><\/div>\n<\/div>\n<\/div>\n<div class=\"product-add-form\"><\/div>\n<\/div>\n<\/div>\n<div class=\"product-add-form\"><\/div>\n","protected":false},"excerpt":{"rendered":"<p>A utiliser sur cheveux humides ou secs pour cr\u00e9er des looks polis avec un style intemporel. Tenue souple sans rigidit\u00e9. Contr\u00f4le fort et brillance naturelle. Formule \u00e0 base d&#8217;eau. Facile \u00e0 laver. Peut \u00eatre r\u00e9activ\u00e9 avec de l&#8217;eau Parfum : \u00c9pices, lavande et un soup\u00e7on de bois. Formule vegane<\/p>\n","protected":false},"featured_media":7630,"comment_status":"open","ping_status":"closed","template":"","meta":{"_acf_changed":false,"_seopress_robots_primary_cat":"none","_seopress_titles_title":"","_seopress_titles_desc":"","_seopress_robots_index":""},"product_brand":[],"product_cat":[70],"product_tag":[161,110],"class_list":{"0":"post-7629","1":"product","2":"type-product","3":"status-publish","4":"has-post-thumbnail","6":"product_cat-pommade-soins-pour-peau","7":"product_tag-pate-coiffante","8":"product_tag-pommade","10":"first","11":"instock","12":"taxable","13":"shipping-taxable","14":"purchasable","15":"product-type-simple"},"acf":[],"_links":{"self":[{"href":"https:\/\/absolutlaprairie.ca\/en\/wp-json\/wp\/v2\/product\/7629","targetHints":{"allow":["GET"]}}],"collection":[{"href":"https:\/\/absolutlaprairie.ca\/en\/wp-json\/wp\/v2\/product"}],"about":[{"href":"https:\/\/absolutlaprairie.ca\/en\/wp-json\/wp\/v2\/types\/product"}],"replies":[{"embeddable":true,"href":"https:\/\/absolutlaprairie.ca\/en\/wp-json\/wp\/v2\/comments?post=7629"}],"wp:featuredmedia":[{"embeddable":true,"href":"https:\/\/absolutlaprairie.ca\/en\/wp-json\/wp\/v2\/media\/7630"}],"wp:attachment":[{"href":"https:\/\/absolutlaprairie.ca\/en\/wp-json\/wp\/v2\/media?parent=7629"}],"wp:term":[{"taxonomy":"product_brand","embeddable":true,"href":"https:\/\/absolutlaprairie.ca\/en\/wp-json\/wp\/v2\/product_brand?post=7629"},{"taxonomy":"product_cat","embeddable":true,"href":"https:\/\/absolutlaprairie.ca\/en\/wp-json\/wp\/v2\/product_cat?post=7629"},{"taxonomy":"product_tag","embeddable":true,"href":"https:\/\/absolutlaprairie.ca\/en\/wp-json\/wp\/v2\/product_tag?post=7629"}],"curies":[{"name":"wp","href":"https:\/\/api.w.org\/{rel}","templated":true}]}}