{"id":7623,"date":"2026-03-19T19:22:51","date_gmt":"2026-03-20T00:22:51","guid":{"rendered":"https:\/\/absolutlaprairie.ca\/?post_type=product&#038;p=7623"},"modified":"2026-03-19T19:26:51","modified_gmt":"2026-03-20T00:26:51","slug":"stmnt-styling-argile-seche-100ml","status":"publish","type":"product","link":"https:\/\/absolutlaprairie.ca\/en\/product\/stmnt-styling-argile-seche-100ml\/","title":{"rendered":"STMNT &#8211; Styling Argile Seche (100ml)"},"content":{"rendered":"<div class=\"product attribute overview\">\n<div class=\"value\">\n<div class=\"product attribute overview\">\n<div class=\"value\">\n<div class=\"product attribute overview\">\n<div class=\"value\">\n<div class=\"product attribute overview\">\n<div class=\"value\">\n<div class=\"product attribute overview\">\n<div class=\"value\">\n<div class=\"product attribute overview\">\n<div class=\"value\">\n<div class=\"product attribute overview\">\n<div class=\"value\">\n<p>STMNT Grooming Goods Dry Clay (argile s\u00e8che)<\/p>\n<p>Un effet brutal avec un impact mat suppl\u00e9mentaire.<br \/>\nOffre un contr\u00f4le tr\u00e8s fort et des r\u00e9sultats tr\u00e8s mats.<br \/>\nParfum : M\u00e9lange frais d&#8217;\u00e9pices, de lavande et d&#8217;un soup\u00e7on de bois.<br \/>\nTexture s\u00e8che longue dur\u00e9e<br \/>\nFormule facile \u00e0 travailler<br \/>\nFacile \u00e0 laver<br \/>\nAppliquer sur cheveux secs ou humides<\/p>\n<\/div>\n<\/div>\n<\/div>\n<\/div>\n<\/div>\n<\/div>\n<div class=\"product-add-form\"><\/div>\n<\/div>\n<\/div>\n<\/div>\n<\/div>\n<div class=\"product-add-form\"><\/div>\n<\/div>\n<\/div>\n<div class=\"product-add-form\"><\/div>\n<\/div>\n<\/div>\n<div class=\"product-add-form\"><\/div>\n","protected":false},"excerpt":{"rendered":"<p>STMNT Grooming Goods Dry Clay (argile s\u00e8che) Un effet brutal avec un impact mat suppl\u00e9mentaire. Offre un contr\u00f4le tr\u00e8s fort et des r\u00e9sultats tr\u00e8s mats. Parfum : M\u00e9lange frais d&#8217;\u00e9pices, de lavande et d&#8217;un soup\u00e7on de bois. Texture s\u00e8che longue dur\u00e9e Formule facile \u00e0 travailler Facile \u00e0 laver Appliquer sur cheveux secs ou humides<\/p>\n","protected":false},"featured_media":7624,"comment_status":"open","ping_status":"closed","template":"","meta":{"_acf_changed":false,"_seopress_robots_primary_cat":"none","_seopress_titles_title":"","_seopress_titles_desc":"","_seopress_robots_index":""},"product_brand":[],"product_cat":[70],"product_tag":[110],"class_list":{"0":"post-7623","1":"product","2":"type-product","3":"status-publish","4":"has-post-thumbnail","6":"product_cat-pommade-soins-pour-peau","7":"product_tag-pommade","9":"first","10":"instock","11":"taxable","12":"shipping-taxable","13":"purchasable","14":"product-type-simple"},"acf":[],"_links":{"self":[{"href":"https:\/\/absolutlaprairie.ca\/en\/wp-json\/wp\/v2\/product\/7623","targetHints":{"allow":["GET"]}}],"collection":[{"href":"https:\/\/absolutlaprairie.ca\/en\/wp-json\/wp\/v2\/product"}],"about":[{"href":"https:\/\/absolutlaprairie.ca\/en\/wp-json\/wp\/v2\/types\/product"}],"replies":[{"embeddable":true,"href":"https:\/\/absolutlaprairie.ca\/en\/wp-json\/wp\/v2\/comments?post=7623"}],"wp:featuredmedia":[{"embeddable":true,"href":"https:\/\/absolutlaprairie.ca\/en\/wp-json\/wp\/v2\/media\/7624"}],"wp:attachment":[{"href":"https:\/\/absolutlaprairie.ca\/en\/wp-json\/wp\/v2\/media?parent=7623"}],"wp:term":[{"taxonomy":"product_brand","embeddable":true,"href":"https:\/\/absolutlaprairie.ca\/en\/wp-json\/wp\/v2\/product_brand?post=7623"},{"taxonomy":"product_cat","embeddable":true,"href":"https:\/\/absolutlaprairie.ca\/en\/wp-json\/wp\/v2\/product_cat?post=7623"},{"taxonomy":"product_tag","embeddable":true,"href":"https:\/\/absolutlaprairie.ca\/en\/wp-json\/wp\/v2\/product_tag?post=7623"}],"curies":[{"name":"wp","href":"https:\/\/api.w.org\/{rel}","templated":true}]}}