{"id":7620,"date":"2026-03-19T19:17:51","date_gmt":"2026-03-20T00:17:51","guid":{"rendered":"https:\/\/absolutlaprairie.ca\/?post_type=product&#038;p=7620"},"modified":"2026-03-19T19:27:32","modified_gmt":"2026-03-20T00:27:32","slug":"stmnt-spray-definition-200-ml","status":"publish","type":"product","link":"https:\/\/absolutlaprairie.ca\/en\/product\/stmnt-spray-definition-200-ml\/","title":{"rendered":"STMNT &#8211; Spray d\u00e9finition (200 ml)"},"content":{"rendered":"<div class=\"product attribute overview\">\n<div class=\"value\">\n<div class=\"product attribute overview\">\n<div class=\"value\">\n<div class=\"product attribute overview\">\n<div class=\"value\">\n<div class=\"product attribute overview\">\n<div class=\"value\">\n<div class=\"product attribute overview\">\n<div class=\"value\">\n<div class=\"product attribute overview\">\n<div class=\"value\">\n<div class=\"product attribute overview\">\n<div class=\"value\">Fais passer ton style au niveau sup\u00e9rieur. La formule \u00e0 base de sucre, de sel et de glyc\u00e9rine offre de l&#8217;adh\u00e9rence, du volume et une sensation de cheveux plus volumineux.<\/p>\n<p>Ce spray offre une texture et une d\u00e9finition fortes, une tenue non collante, un fini semi-mat et n\u2019ass\u00e8che pas les cheveux.<\/p>\n<p>Il est certifi\u00e9 PETA avec une formule v\u00e9g\u00e9talienne. Il d\u00e9gage un doux parfum aux notes d&#8217;agrumes, de menthe poivr\u00e9e, aquatiques et bois\u00e9es.<\/p><\/div>\n<\/div>\n<div class=\"product-add-form\"><\/div>\n<\/div>\n<\/div>\n<\/div>\n<\/div>\n<div class=\"product-add-form\"><\/div>\n<\/div>\n<\/div>\n<\/div>\n<\/div>\n<div class=\"product-add-form\"><\/div>\n<\/div>\n<\/div>\n<div class=\"product-add-form\"><\/div>\n<\/div>\n<\/div>\n<div class=\"product-add-form\"><\/div>\n","protected":false},"excerpt":{"rendered":"<p>Fais passer ton style au niveau sup\u00e9rieur. La formule \u00e0 base de sucre, de sel et de glyc\u00e9rine offre de l&#8217;adh\u00e9rence, du volume et une sensation de cheveux plus volumineux. Ce spray offre une texture et une d\u00e9finition fortes, une tenue non collante, un fini semi-mat et n\u2019ass\u00e8che pas les cheveux. Il est certifi\u00e9 PETA [&hellip;]<\/p>\n","protected":false},"featured_media":7621,"comment_status":"open","ping_status":"closed","template":"","meta":{"_acf_changed":false,"_seopress_robots_primary_cat":"none","_seopress_titles_title":"","_seopress_titles_desc":"","_seopress_robots_index":""},"product_brand":[],"product_cat":[70],"product_tag":[164,111],"class_list":{"0":"post-7620","1":"product","2":"type-product","3":"status-publish","4":"has-post-thumbnail","6":"product_cat-pommade-soins-pour-peau","7":"product_tag-gel-coiffant","8":"product_tag-shampooing","10":"first","11":"instock","12":"taxable","13":"shipping-taxable","14":"purchasable","15":"product-type-simple"},"acf":[],"_links":{"self":[{"href":"https:\/\/absolutlaprairie.ca\/en\/wp-json\/wp\/v2\/product\/7620","targetHints":{"allow":["GET"]}}],"collection":[{"href":"https:\/\/absolutlaprairie.ca\/en\/wp-json\/wp\/v2\/product"}],"about":[{"href":"https:\/\/absolutlaprairie.ca\/en\/wp-json\/wp\/v2\/types\/product"}],"replies":[{"embeddable":true,"href":"https:\/\/absolutlaprairie.ca\/en\/wp-json\/wp\/v2\/comments?post=7620"}],"wp:featuredmedia":[{"embeddable":true,"href":"https:\/\/absolutlaprairie.ca\/en\/wp-json\/wp\/v2\/media\/7621"}],"wp:attachment":[{"href":"https:\/\/absolutlaprairie.ca\/en\/wp-json\/wp\/v2\/media?parent=7620"}],"wp:term":[{"taxonomy":"product_brand","embeddable":true,"href":"https:\/\/absolutlaprairie.ca\/en\/wp-json\/wp\/v2\/product_brand?post=7620"},{"taxonomy":"product_cat","embeddable":true,"href":"https:\/\/absolutlaprairie.ca\/en\/wp-json\/wp\/v2\/product_cat?post=7620"},{"taxonomy":"product_tag","embeddable":true,"href":"https:\/\/absolutlaprairie.ca\/en\/wp-json\/wp\/v2\/product_tag?post=7620"}],"curies":[{"name":"wp","href":"https:\/\/api.w.org\/{rel}","templated":true}]}}