{"id":7617,"date":"2026-03-19T19:12:57","date_gmt":"2026-03-20T00:12:57","guid":{"rendered":"https:\/\/absolutlaprairie.ca\/?post_type=product&#038;p=7617"},"modified":"2026-03-19T19:16:12","modified_gmt":"2026-03-20T00:16:12","slug":"stmnt-gel-150-ml","status":"publish","type":"product","link":"https:\/\/absolutlaprairie.ca\/en\/product\/stmnt-gel-150-ml\/","title":{"rendered":"STMNT &#8211; Gel (150 ml)"},"content":{"rendered":"<div class=\"product attribute overview\">\n<div class=\"value\">\n<div class=\"product attribute overview\">\n<div class=\"value\">\n<div class=\"product attribute overview\">\n<div class=\"value\">\n<div class=\"product attribute overview\">\n<div class=\"value\">\n<div class=\"product attribute overview\">\n<div class=\"value\">\n<div class=\"product attribute overview\">\n<div class=\"value\">Un classique avec une touche d&#8217;originalit\u00e9. Ce gel offre une d\u00e9finition forte, un aspect satin\u00e9, un fini semi-mat pour une tenue longue dur\u00e9e.<\/p>\n<p>Facile \u00e0 \u00e9liminer au shampoing, il est certifi\u00e9 PETA avec une formule v\u00e9g\u00e9talienne. Il d\u00e9gage un doux parfum aux notes \u00e9pic\u00e9es et bois\u00e9es de lavande.<\/p><\/div>\n<\/div>\n<div class=\"product-add-form\"><\/div>\n<\/div>\n<\/div>\n<div class=\"product-add-form\"><\/div>\n<\/div>\n<\/div>\n<\/div>\n<\/div>\n<div class=\"product-add-form\"><\/div>\n<\/div>\n<\/div>\n<div class=\"product-add-form\"><\/div>\n<\/div>\n<\/div>\n<div class=\"product-add-form\"><\/div>\n","protected":false},"excerpt":{"rendered":"<p>Un classique avec une touche d&#8217;originalit\u00e9. Ce gel offre une d\u00e9finition forte, un aspect satin\u00e9, un fini semi-mat pour une tenue longue dur\u00e9e. Facile \u00e0 \u00e9liminer au shampoing, il est certifi\u00e9 PETA avec une formule v\u00e9g\u00e9talienne. Il d\u00e9gage un doux parfum aux notes \u00e9pic\u00e9es et bois\u00e9es de lavande.<\/p>\n","protected":false},"featured_media":7618,"comment_status":"open","ping_status":"closed","template":"","meta":{"_acf_changed":false,"_seopress_robots_primary_cat":"none","_seopress_titles_title":"","_seopress_titles_desc":"","_seopress_robots_index":""},"product_brand":[],"product_cat":[70],"product_tag":[164,111],"class_list":{"0":"post-7617","1":"product","2":"type-product","3":"status-publish","4":"has-post-thumbnail","6":"product_cat-pommade-soins-pour-peau","7":"product_tag-gel-coiffant","8":"product_tag-shampooing","10":"first","11":"instock","12":"taxable","13":"shipping-taxable","14":"purchasable","15":"product-type-simple"},"acf":[],"_links":{"self":[{"href":"https:\/\/absolutlaprairie.ca\/en\/wp-json\/wp\/v2\/product\/7617","targetHints":{"allow":["GET"]}}],"collection":[{"href":"https:\/\/absolutlaprairie.ca\/en\/wp-json\/wp\/v2\/product"}],"about":[{"href":"https:\/\/absolutlaprairie.ca\/en\/wp-json\/wp\/v2\/types\/product"}],"replies":[{"embeddable":true,"href":"https:\/\/absolutlaprairie.ca\/en\/wp-json\/wp\/v2\/comments?post=7617"}],"wp:featuredmedia":[{"embeddable":true,"href":"https:\/\/absolutlaprairie.ca\/en\/wp-json\/wp\/v2\/media\/7618"}],"wp:attachment":[{"href":"https:\/\/absolutlaprairie.ca\/en\/wp-json\/wp\/v2\/media?parent=7617"}],"wp:term":[{"taxonomy":"product_brand","embeddable":true,"href":"https:\/\/absolutlaprairie.ca\/en\/wp-json\/wp\/v2\/product_brand?post=7617"},{"taxonomy":"product_cat","embeddable":true,"href":"https:\/\/absolutlaprairie.ca\/en\/wp-json\/wp\/v2\/product_cat?post=7617"},{"taxonomy":"product_tag","embeddable":true,"href":"https:\/\/absolutlaprairie.ca\/en\/wp-json\/wp\/v2\/product_tag?post=7617"}],"curies":[{"name":"wp","href":"https:\/\/api.w.org\/{rel}","templated":true}]}}