{"id":7614,"date":"2026-03-19T19:09:02","date_gmt":"2026-03-20T00:09:02","guid":{"rendered":"https:\/\/absolutlaprairie.ca\/?post_type=product&#038;p=7614"},"modified":"2026-03-19T19:12:09","modified_gmt":"2026-03-20T00:12:09","slug":"stmnt-creme-pour-cheveux-boucles-150-ml","status":"publish","type":"product","link":"https:\/\/absolutlaprairie.ca\/en\/product\/stmnt-creme-pour-cheveux-boucles-150-ml\/","title":{"rendered":"STMNT &#8211; Cr\u00e8me pour cheveux boucl\u00e9s (150 ml)"},"content":{"rendered":"<div class=\"product attribute overview\">\n<div class=\"value\">\n<div class=\"product attribute overview\">\n<div class=\"value\">\n<div class=\"product attribute overview\">\n<div class=\"value\">\n<div class=\"product attribute overview\">\n<div class=\"value\">\n<div class=\"product attribute overview\">\n<div class=\"value\">Fais ressortir le meilleur de chaque boucle avec cette cr\u00e8me enrichie \u00e0 la glyc\u00e9rine, \u00e0 l&#8217;huile d&#8217;argan et aux cires naturelles d&#8217;origine v\u00e9g\u00e9tale. Elle am\u00e9liore, contr\u00f4le, d\u00e9finit et perfectionne tous les types d\u2019ondulations et de boucles.<\/p>\n<p>Elle apporte une forte d\u00e9finition sans effet cartonn\u00e9 et laisse une sensation de cheveux brillants et nourris. Fonctionne \u00e9galement tr\u00e8s bien sur les barbes et offre une protection contre la chaleur jusqu&#8217;\u00e0 230\u00b0C (450oF).<\/p>\n<p>Certifi\u00e9 PETA avec une formule v\u00e9g\u00e9talienne. Elle d\u00e9gage un doux parfum aux notes de noix de coco, de bois de santal et d\u2019orris.<\/p><\/div>\n<\/div>\n<div class=\"product-add-form\"><\/div>\n<\/div>\n<\/div>\n<\/div>\n<\/div>\n<div class=\"product-add-form\"><\/div>\n<\/div>\n<\/div>\n<div class=\"product-add-form\"><\/div>\n<\/div>\n<\/div>\n<div class=\"product-add-form\"><\/div>\n","protected":false},"excerpt":{"rendered":"<p>Fais ressortir le meilleur de chaque boucle avec cette cr\u00e8me enrichie \u00e0 la glyc\u00e9rine, \u00e0 l&#8217;huile d&#8217;argan et aux cires naturelles d&#8217;origine v\u00e9g\u00e9tale. Elle am\u00e9liore, contr\u00f4le, d\u00e9finit et perfectionne tous les types d\u2019ondulations et de boucles. Elle apporte une forte d\u00e9finition sans effet cartonn\u00e9 et laisse une sensation de cheveux brillants et nourris. Fonctionne \u00e9galement [&hellip;]<\/p>\n","protected":false},"featured_media":7615,"comment_status":"open","ping_status":"closed","template":"","meta":{"_acf_changed":false,"_seopress_robots_primary_cat":"none","_seopress_titles_title":"","_seopress_titles_desc":"","_seopress_robots_index":""},"product_brand":[],"product_cat":[70],"product_tag":[111],"class_list":{"0":"post-7614","1":"product","2":"type-product","3":"status-publish","4":"has-post-thumbnail","6":"product_cat-pommade-soins-pour-peau","7":"product_tag-shampooing","9":"first","10":"instock","11":"taxable","12":"shipping-taxable","13":"purchasable","14":"product-type-simple"},"acf":[],"_links":{"self":[{"href":"https:\/\/absolutlaprairie.ca\/en\/wp-json\/wp\/v2\/product\/7614","targetHints":{"allow":["GET"]}}],"collection":[{"href":"https:\/\/absolutlaprairie.ca\/en\/wp-json\/wp\/v2\/product"}],"about":[{"href":"https:\/\/absolutlaprairie.ca\/en\/wp-json\/wp\/v2\/types\/product"}],"replies":[{"embeddable":true,"href":"https:\/\/absolutlaprairie.ca\/en\/wp-json\/wp\/v2\/comments?post=7614"}],"wp:featuredmedia":[{"embeddable":true,"href":"https:\/\/absolutlaprairie.ca\/en\/wp-json\/wp\/v2\/media\/7615"}],"wp:attachment":[{"href":"https:\/\/absolutlaprairie.ca\/en\/wp-json\/wp\/v2\/media?parent=7614"}],"wp:term":[{"taxonomy":"product_brand","embeddable":true,"href":"https:\/\/absolutlaprairie.ca\/en\/wp-json\/wp\/v2\/product_brand?post=7614"},{"taxonomy":"product_cat","embeddable":true,"href":"https:\/\/absolutlaprairie.ca\/en\/wp-json\/wp\/v2\/product_cat?post=7614"},{"taxonomy":"product_tag","embeddable":true,"href":"https:\/\/absolutlaprairie.ca\/en\/wp-json\/wp\/v2\/product_tag?post=7614"}],"curies":[{"name":"wp","href":"https:\/\/api.w.org\/{rel}","templated":true}]}}