{"id":7608,"date":"2026-03-19T19:03:33","date_gmt":"2026-03-20T00:03:33","guid":{"rendered":"https:\/\/absolutlaprairie.ca\/?post_type=product&#038;p=7608"},"modified":"2026-03-19T19:06:36","modified_gmt":"2026-03-20T00:06:36","slug":"stmnt-care-bain-tout-en-un-300-ml","status":"publish","type":"product","link":"https:\/\/absolutlaprairie.ca\/en\/product\/stmnt-care-bain-tout-en-un-300-ml\/","title":{"rendered":"STMNT &#8211; Care Bain tout-en-un (300 ml)"},"content":{"rendered":"<div class=\"product attribute overview\">\n<div class=\"value\">\n<div class=\"product attribute overview\">\n<div class=\"value\">\n<div class=\"product attribute overview\">\n<div class=\"value\">\n<div class=\"product attribute overview\">\n<div class=\"value\">Ce bain tout-en-un est un produit polyvalent qui peut \u00eatre utilis\u00e9 comme shampoing, gel-douche et soin de barbe.<\/p>\n<p>Formule enrichie au charbon actif et menthol pour un nettoyage en profondeur et une sensation de fra\u00eecheur.<\/p>\n<p>Elimine les impuret\u00e9s des cheveux, de la barbe, du corps, du visage et des mains.<\/p>\n<p>Exempt de tensioactifs sulfat\u00e9s et d&#8217;huiles de silicone.<\/p>\n<p>Parfum haut de gamme : agrumes frais et lavande avec f\u00e8ve tonka.<\/p>\n<p>Formule vegane.<\/p><\/div>\n<\/div>\n<div class=\"product-add-form\"><\/div>\n<\/div>\n<\/div>\n<div class=\"product-add-form\"><\/div>\n<\/div>\n<\/div>\n<div class=\"product-add-form\"><\/div>\n<\/div>\n<\/div>\n<div class=\"product-add-form\"><\/div>\n","protected":false},"excerpt":{"rendered":"<p>Ce bain tout-en-un est un produit polyvalent qui peut \u00eatre utilis\u00e9 comme shampoing, gel-douche et soin de barbe. Formule enrichie au charbon actif et menthol pour un nettoyage en profondeur et une sensation de fra\u00eecheur. Elimine les impuret\u00e9s des cheveux, de la barbe, du corps, du visage et des mains. Exempt de tensioactifs sulfat\u00e9s et [&hellip;]<\/p>\n","protected":false},"featured_media":7609,"comment_status":"open","ping_status":"closed","template":"","meta":{"_acf_changed":false,"_seopress_robots_primary_cat":"none","_seopress_titles_title":"","_seopress_titles_desc":"","_seopress_robots_index":""},"product_brand":[],"product_cat":[70],"product_tag":[113,111],"class_list":{"0":"post-7608","1":"product","2":"type-product","3":"status-publish","4":"has-post-thumbnail","6":"product_cat-pommade-soins-pour-peau","7":"product_tag-huile-a-barbe","8":"product_tag-shampooing","10":"first","11":"instock","12":"taxable","13":"shipping-taxable","14":"purchasable","15":"product-type-simple"},"acf":[],"_links":{"self":[{"href":"https:\/\/absolutlaprairie.ca\/en\/wp-json\/wp\/v2\/product\/7608","targetHints":{"allow":["GET"]}}],"collection":[{"href":"https:\/\/absolutlaprairie.ca\/en\/wp-json\/wp\/v2\/product"}],"about":[{"href":"https:\/\/absolutlaprairie.ca\/en\/wp-json\/wp\/v2\/types\/product"}],"replies":[{"embeddable":true,"href":"https:\/\/absolutlaprairie.ca\/en\/wp-json\/wp\/v2\/comments?post=7608"}],"wp:featuredmedia":[{"embeddable":true,"href":"https:\/\/absolutlaprairie.ca\/en\/wp-json\/wp\/v2\/media\/7609"}],"wp:attachment":[{"href":"https:\/\/absolutlaprairie.ca\/en\/wp-json\/wp\/v2\/media?parent=7608"}],"wp:term":[{"taxonomy":"product_brand","embeddable":true,"href":"https:\/\/absolutlaprairie.ca\/en\/wp-json\/wp\/v2\/product_brand?post=7608"},{"taxonomy":"product_cat","embeddable":true,"href":"https:\/\/absolutlaprairie.ca\/en\/wp-json\/wp\/v2\/product_cat?post=7608"},{"taxonomy":"product_tag","embeddable":true,"href":"https:\/\/absolutlaprairie.ca\/en\/wp-json\/wp\/v2\/product_tag?post=7608"}],"curies":[{"name":"wp","href":"https:\/\/api.w.org\/{rel}","templated":true}]}}