{"id":7599,"date":"2026-03-19T18:53:42","date_gmt":"2026-03-19T23:53:42","guid":{"rendered":"https:\/\/absolutlaprairie.ca\/?post_type=product&#038;p=7599"},"modified":"2026-03-19T18:56:17","modified_gmt":"2026-03-19T23:56:17","slug":"stmnt-care-huile-a-barbe-50-ml","status":"publish","type":"product","link":"https:\/\/absolutlaprairie.ca\/en\/product\/stmnt-care-huile-a-barbe-50-ml\/","title":{"rendered":"STMNT &#8211; Care Huile \u00e0 barbe (50 ml)"},"content":{"rendered":"<div class=\"product attribute overview\">\n<div class=\"value\">\n<div class=\"product attribute overview\">\n<div class=\"value\">Cette huile nourrissante pour la barbe \u00e0 base d&#8217;huiles naturelles rend tous les types de barbe doux, hydrat\u00e9s et soign\u00e9s, en leur apportant un beau fini brillant naturel.<\/p>\n<p>Sans silicones.<br \/>\nPeut \u00eatre utilis\u00e9e quotidiennement.<br \/>\nSenteur d&#8217;agrumes, d&#8217;encens et de notes bois\u00e9es.<\/p>\n<p>Formule vegane.<\/p>\n<\/div>\n<\/div>\n<div class=\"product-add-form\"><\/div>\n<\/div>\n<\/div>\n<div class=\"product-add-form\"><\/div>\n","protected":false},"excerpt":{"rendered":"<p>Cette huile nourrissante pour la barbe \u00e0 base d&#8217;huiles naturelles rend tous les types de barbe doux, hydrat\u00e9s et soign\u00e9s, en leur apportant un beau fini brillant naturel. Sans silicones. Peut \u00eatre utilis\u00e9e quotidiennement. Senteur d&#8217;agrumes, d&#8217;encens et de notes bois\u00e9es. Formule vegane.<\/p>\n","protected":false},"featured_media":7600,"comment_status":"open","ping_status":"closed","template":"","meta":{"_acf_changed":false,"_seopress_robots_primary_cat":"none","_seopress_titles_title":"","_seopress_titles_desc":"","_seopress_robots_index":""},"product_brand":[],"product_cat":[70],"product_tag":[113],"class_list":{"0":"post-7599","1":"product","2":"type-product","3":"status-publish","4":"has-post-thumbnail","6":"product_cat-pommade-soins-pour-peau","7":"product_tag-huile-a-barbe","9":"first","10":"instock","11":"taxable","12":"shipping-taxable","13":"purchasable","14":"product-type-simple"},"acf":[],"_links":{"self":[{"href":"https:\/\/absolutlaprairie.ca\/en\/wp-json\/wp\/v2\/product\/7599","targetHints":{"allow":["GET"]}}],"collection":[{"href":"https:\/\/absolutlaprairie.ca\/en\/wp-json\/wp\/v2\/product"}],"about":[{"href":"https:\/\/absolutlaprairie.ca\/en\/wp-json\/wp\/v2\/types\/product"}],"replies":[{"embeddable":true,"href":"https:\/\/absolutlaprairie.ca\/en\/wp-json\/wp\/v2\/comments?post=7599"}],"wp:featuredmedia":[{"embeddable":true,"href":"https:\/\/absolutlaprairie.ca\/en\/wp-json\/wp\/v2\/media\/7600"}],"wp:attachment":[{"href":"https:\/\/absolutlaprairie.ca\/en\/wp-json\/wp\/v2\/media?parent=7599"}],"wp:term":[{"taxonomy":"product_brand","embeddable":true,"href":"https:\/\/absolutlaprairie.ca\/en\/wp-json\/wp\/v2\/product_brand?post=7599"},{"taxonomy":"product_cat","embeddable":true,"href":"https:\/\/absolutlaprairie.ca\/en\/wp-json\/wp\/v2\/product_cat?post=7599"},{"taxonomy":"product_tag","embeddable":true,"href":"https:\/\/absolutlaprairie.ca\/en\/wp-json\/wp\/v2\/product_tag?post=7599"}],"curies":[{"name":"wp","href":"https:\/\/api.w.org\/{rel}","templated":true}]}}