{"id":7596,"date":"2026-03-19T18:51:53","date_gmt":"2026-03-19T23:51:53","guid":{"rendered":"https:\/\/absolutlaprairie.ca\/?post_type=product&#038;p=7596"},"modified":"2026-03-19T18:57:11","modified_gmt":"2026-03-19T23:57:11","slug":"stmnt-care-conditioner-baume-675-ml","status":"publish","type":"product","link":"https:\/\/absolutlaprairie.ca\/en\/product\/stmnt-care-conditioner-baume-675-ml\/","title":{"rendered":"STMNT &#8211; Care Conditioner Baume (675 ml)"},"content":{"rendered":"<div class=\"product attribute overview\">\n<div class=\"value\">Pr\u00e9pare les cheveux \u00e0 la coupe ou au stylisme.<br \/>\nFormule hydratante pour les cheveux et la barbe contenant du charbon activ\u00e9.<br \/>\nRedonne de la brillance et de la douceur aux cheveux.<br \/>\nAide \u00e0 prot\u00e9ger contre les dommages du s\u00e9choir.<br \/>\nAdditionn\u00e9 de menthol pour une sensation de fra\u00eecheur.<br \/>\nSans huiles de silicone.<br \/>\nPeut \u00eatre utilis\u00e9 quotidiennementFormule vegane.<\/div>\n<\/div>\n<div class=\"product-add-form\"><\/div>\n","protected":false},"excerpt":{"rendered":"<p>Pr\u00e9pare les cheveux \u00e0 la coupe ou au stylisme. Formule hydratante pour les cheveux et la barbe contenant du charbon activ\u00e9. Redonne de la brillance et de la douceur aux cheveux. Aide \u00e0 prot\u00e9ger contre les dommages du s\u00e9choir. Additionn\u00e9 de menthol pour une sensation de fra\u00eecheur. Sans huiles de silicone. Peut \u00eatre utilis\u00e9 quotidiennementFormule [&hellip;]<\/p>\n","protected":false},"featured_media":7597,"comment_status":"open","ping_status":"closed","template":"","meta":{"_acf_changed":false,"_seopress_robots_primary_cat":"none","_seopress_titles_title":"","_seopress_titles_desc":"","_seopress_robots_index":""},"product_brand":[],"product_cat":[70],"product_tag":[111],"class_list":{"0":"post-7596","1":"product","2":"type-product","3":"status-publish","4":"has-post-thumbnail","6":"product_cat-pommade-soins-pour-peau","7":"product_tag-shampooing","9":"first","10":"instock","11":"taxable","12":"shipping-taxable","13":"purchasable","14":"product-type-simple"},"acf":[],"_links":{"self":[{"href":"https:\/\/absolutlaprairie.ca\/en\/wp-json\/wp\/v2\/product\/7596","targetHints":{"allow":["GET"]}}],"collection":[{"href":"https:\/\/absolutlaprairie.ca\/en\/wp-json\/wp\/v2\/product"}],"about":[{"href":"https:\/\/absolutlaprairie.ca\/en\/wp-json\/wp\/v2\/types\/product"}],"replies":[{"embeddable":true,"href":"https:\/\/absolutlaprairie.ca\/en\/wp-json\/wp\/v2\/comments?post=7596"}],"wp:featuredmedia":[{"embeddable":true,"href":"https:\/\/absolutlaprairie.ca\/en\/wp-json\/wp\/v2\/media\/7597"}],"wp:attachment":[{"href":"https:\/\/absolutlaprairie.ca\/en\/wp-json\/wp\/v2\/media?parent=7596"}],"wp:term":[{"taxonomy":"product_brand","embeddable":true,"href":"https:\/\/absolutlaprairie.ca\/en\/wp-json\/wp\/v2\/product_brand?post=7596"},{"taxonomy":"product_cat","embeddable":true,"href":"https:\/\/absolutlaprairie.ca\/en\/wp-json\/wp\/v2\/product_cat?post=7596"},{"taxonomy":"product_tag","embeddable":true,"href":"https:\/\/absolutlaprairie.ca\/en\/wp-json\/wp\/v2\/product_tag?post=7596"}],"curies":[{"name":"wp","href":"https:\/\/api.w.org\/{rel}","templated":true}]}}