{"id":7586,"date":"2026-03-18T18:34:42","date_gmt":"2026-03-18T23:34:42","guid":{"rendered":"https:\/\/absolutlaprairie.ca\/?post_type=product&#038;p=7586"},"modified":"2026-03-18T18:36:34","modified_gmt":"2026-03-18T23:36:34","slug":"gibs-tea-tree-revitalisant-revigorant-355ml","status":"publish","type":"product","link":"https:\/\/absolutlaprairie.ca\/en\/product\/gibs-tea-tree-revitalisant-revigorant-355ml\/","title":{"rendered":"Gibs &#8211; Tea Tree Revitalisant Revigorant (355ml)"},"content":{"rendered":"<p>Sans sulfate, sans parab\u00e8ne et sans phtalate<\/p>\n<p>Gardez vos cheveux et votre cuir chevelu sains et hydrat\u00e9s gr\u00e2ce \u00e0 l&#8217;apr\u00e8s-shampoing rajeunissant \u00e0 l&#8217;arbre \u00e0 th\u00e9 GIBS.<\/p>\n<p>Notre formule sans sulfates, sans parab\u00e8nes et sans phtalates est enrichie en k\u00e9ratine, alo\u00e8s et acide hyaluronique pour renforcer, lisser et d\u00e9m\u00ealer. L&#8217;arbre \u00e0 th\u00e9, l&#8217;eucalyptus, la menthe poivr\u00e9e et le menthol s&#8217;associent pour une sensation de fra\u00eecheur et de<\/p>\n<p>fra\u00eecheur qui vous laissera, ainsi qu&#8217;\u00e0 votre cuir chevelu, revitalis\u00e9s et renouvel\u00e9s.<\/p>\n<p>L&#8217;apr\u00e8s -shampoing GIBS \u00e0 l&#8217;arbre \u00e0 th\u00e9 est le compl\u00e9ment id\u00e9al du shampoing GIBS \u00e0 l&#8217;arbre \u00e0 th\u00e9 pour une action rajeunissante.<\/p>\n","protected":false},"excerpt":{"rendered":"<p>Sans sulfate, sans parab\u00e8ne et sans phtalate Gardez vos cheveux et votre cuir chevelu sains et hydrat\u00e9s gr\u00e2ce \u00e0 l&#8217;apr\u00e8s-shampoing rajeunissant \u00e0 l&#8217;arbre \u00e0 th\u00e9 GIBS. Notre formule sans sulfates, sans parab\u00e8nes et sans phtalates est enrichie en k\u00e9ratine, alo\u00e8s et acide hyaluronique pour renforcer, lisser et d\u00e9m\u00ealer. L&#8217;arbre \u00e0 th\u00e9, l&#8217;eucalyptus, la menthe poivr\u00e9e [&hellip;]<\/p>\n","protected":false},"featured_media":7587,"comment_status":"open","ping_status":"closed","template":"","meta":{"_acf_changed":false,"_seopress_robots_primary_cat":"none","_seopress_titles_title":"","_seopress_titles_desc":"","_seopress_robots_index":""},"product_brand":[],"product_cat":[70],"product_tag":[113,111],"class_list":{"0":"post-7586","1":"product","2":"type-product","3":"status-publish","4":"has-post-thumbnail","6":"product_cat-pommade-soins-pour-peau","7":"product_tag-huile-a-barbe","8":"product_tag-shampooing","10":"first","11":"instock","12":"taxable","13":"shipping-taxable","14":"purchasable","15":"product-type-simple"},"acf":[],"_links":{"self":[{"href":"https:\/\/absolutlaprairie.ca\/en\/wp-json\/wp\/v2\/product\/7586","targetHints":{"allow":["GET"]}}],"collection":[{"href":"https:\/\/absolutlaprairie.ca\/en\/wp-json\/wp\/v2\/product"}],"about":[{"href":"https:\/\/absolutlaprairie.ca\/en\/wp-json\/wp\/v2\/types\/product"}],"replies":[{"embeddable":true,"href":"https:\/\/absolutlaprairie.ca\/en\/wp-json\/wp\/v2\/comments?post=7586"}],"wp:featuredmedia":[{"embeddable":true,"href":"https:\/\/absolutlaprairie.ca\/en\/wp-json\/wp\/v2\/media\/7587"}],"wp:attachment":[{"href":"https:\/\/absolutlaprairie.ca\/en\/wp-json\/wp\/v2\/media?parent=7586"}],"wp:term":[{"taxonomy":"product_brand","embeddable":true,"href":"https:\/\/absolutlaprairie.ca\/en\/wp-json\/wp\/v2\/product_brand?post=7586"},{"taxonomy":"product_cat","embeddable":true,"href":"https:\/\/absolutlaprairie.ca\/en\/wp-json\/wp\/v2\/product_cat?post=7586"},{"taxonomy":"product_tag","embeddable":true,"href":"https:\/\/absolutlaprairie.ca\/en\/wp-json\/wp\/v2\/product_tag?post=7586"}],"curies":[{"name":"wp","href":"https:\/\/api.w.org\/{rel}","templated":true}]}}