{"id":7583,"date":"2026-03-18T18:29:39","date_gmt":"2026-03-18T23:29:39","guid":{"rendered":"https:\/\/absolutlaprairie.ca\/?post_type=product&#038;p=7583"},"modified":"2026-03-18T18:33:38","modified_gmt":"2026-03-18T23:33:38","slug":"gibs-man-wash-barbe-cheveux-et-corps-355ml","status":"publish","type":"product","link":"https:\/\/absolutlaprairie.ca\/en\/product\/gibs-man-wash-barbe-cheveux-et-corps-355ml\/","title":{"rendered":"Gibs &#8211; Man Wash Barbe, cheveux et corps (355ml)"},"content":{"rendered":"<p>Gibs &#8211; Man Wash Barbe, cheveux et corps (355ml)<\/p>\n<div class=\"product attribute overview\">\n<div class=\"value\">\n<div class=\"product attribute overview\">\n<div class=\"value\">\n<div class=\"product attribute overview\">\n<div class=\"value\">\n<div class=\"product attribute overview\">\n<div class=\"value\">\n<p>Gel douche pour barbe, cheveux et corps 12 oz<\/p>\n<p>Offrez-vous le soin triple ultime avec le nettoyant pour homme GIBS BHB !<\/p>\n<p>Profitez instantan\u00e9ment d&#8217;un m\u00e9lange parfum\u00e9 d&#8217;agrumes, de ch\u00eane et de basilic gr\u00e2ce au nettoyant pour homme BHB.<\/p>\n<p>Ce nettoyant nettoie et revitalise \u00e9galement votre peau naturellement gr\u00e2ce \u00e0 l&#8217;huile de baume de copa\u00efba et aux huiles d&#8217;arbre \u00e0 th\u00e9. Ne vous arr\u00eatez pas l\u00e0 !<\/p>\n<p>L&#8217;huile de chanvre et l&#8217;huile d&#8217;argan compl\u00e8tent le tout avec des prot\u00e9ines et des acides gras pour une chevelure plus forte, une croissance plus saine et une meilleure maniabilit\u00e9.<\/p>\n<p>Ce nettoyant tout-en-un, de la t\u00eate aux pieds, a vraiment tout pour plaire !<\/p>\n<p>Man Wash BHB est le 3-way ultime pour votre douche ; celui que vous ne regretterez jamais le lendemain matin.<\/p>\n<p>Parfum : Ce parfum aventureux et robuste aux notes d&#8217;agrumes, de ch\u00eane et de basilic vous laissera une odeur comme si vous sortiez tout juste de la for\u00eat.<\/p>\n<\/div>\n<\/div>\n<div class=\"product-add-form\"><\/div>\n<\/div>\n<\/div>\n<\/div>\n<\/div>\n<\/div>\n<\/div>\n","protected":false},"excerpt":{"rendered":"<p>Gibs &#8211; Man Wash Barbe, cheveux et corps (355ml) Gel douche pour barbe, cheveux et corps 12 oz Offrez-vous le soin triple ultime avec le nettoyant pour homme GIBS BHB ! Profitez instantan\u00e9ment d&#8217;un m\u00e9lange parfum\u00e9 d&#8217;agrumes, de ch\u00eane et de basilic gr\u00e2ce au nettoyant pour homme BHB. Ce nettoyant nettoie et revitalise \u00e9galement votre [&hellip;]<\/p>\n","protected":false},"featured_media":7584,"comment_status":"open","ping_status":"closed","template":"","meta":{"_acf_changed":false,"_seopress_robots_primary_cat":"none","_seopress_titles_title":"","_seopress_titles_desc":"","_seopress_robots_index":""},"product_brand":[],"product_cat":[70],"product_tag":[113,111],"class_list":{"0":"post-7583","1":"product","2":"type-product","3":"status-publish","4":"has-post-thumbnail","6":"product_cat-pommade-soins-pour-peau","7":"product_tag-huile-a-barbe","8":"product_tag-shampooing","10":"first","11":"instock","12":"taxable","13":"shipping-taxable","14":"purchasable","15":"product-type-simple"},"acf":[],"_links":{"self":[{"href":"https:\/\/absolutlaprairie.ca\/en\/wp-json\/wp\/v2\/product\/7583","targetHints":{"allow":["GET"]}}],"collection":[{"href":"https:\/\/absolutlaprairie.ca\/en\/wp-json\/wp\/v2\/product"}],"about":[{"href":"https:\/\/absolutlaprairie.ca\/en\/wp-json\/wp\/v2\/types\/product"}],"replies":[{"embeddable":true,"href":"https:\/\/absolutlaprairie.ca\/en\/wp-json\/wp\/v2\/comments?post=7583"}],"wp:featuredmedia":[{"embeddable":true,"href":"https:\/\/absolutlaprairie.ca\/en\/wp-json\/wp\/v2\/media\/7584"}],"wp:attachment":[{"href":"https:\/\/absolutlaprairie.ca\/en\/wp-json\/wp\/v2\/media?parent=7583"}],"wp:term":[{"taxonomy":"product_brand","embeddable":true,"href":"https:\/\/absolutlaprairie.ca\/en\/wp-json\/wp\/v2\/product_brand?post=7583"},{"taxonomy":"product_cat","embeddable":true,"href":"https:\/\/absolutlaprairie.ca\/en\/wp-json\/wp\/v2\/product_cat?post=7583"},{"taxonomy":"product_tag","embeddable":true,"href":"https:\/\/absolutlaprairie.ca\/en\/wp-json\/wp\/v2\/product_tag?post=7583"}],"curies":[{"name":"wp","href":"https:\/\/api.w.org\/{rel}","templated":true}]}}