{"id":7580,"date":"2026-03-18T18:25:55","date_gmt":"2026-03-18T23:25:55","guid":{"rendered":"https:\/\/absolutlaprairie.ca\/?post_type=product&#038;p=7580"},"modified":"2026-03-18T18:27:49","modified_gmt":"2026-03-18T23:27:49","slug":"gibs-colorado-kid-crane-de-verre-30ml","status":"publish","type":"product","link":"https:\/\/absolutlaprairie.ca\/en\/product\/gibs-colorado-kid-crane-de-verre-30ml\/","title":{"rendered":"Gibs &#8220;Colorado Kid Cr\u00e2ne de verre&#8221; 30ml"},"content":{"rendered":"<p>Gibs &#8220;Colorado Kid Cr\u00e2ne de verre&#8221; 30ml<\/p>\n<div class=\"product attribute overview\">\n<div class=\"value\">\n<div class=\"product attribute overview\">\n<div class=\"value\">\n<div class=\"product attribute overview\">\n<div class=\"value\">\n<div class=\"product attribute overview\">\n<div class=\"value\">notre huile signature dans un flacon collector en verre<\/p>\n<p>Parfum : Touche d&#8217;ambre, de gingembre et de musc<\/p>\n<p>Une fois de plus pour l&#8217;\u00e9quipe locale ! Cette huile signature int\u00e8gre notre m\u00e9lange original d&#8217;huiles d&#8217;olive, d&#8217;argan, de graines de tournesol, de fruit de la passion et de baume de copa\u00efba, ainsi que les bienfaits antioxydants de l&#8217;huile d&#8217;a\u00e7a\u00ef !<\/p>\n<p>Son nouveau parfum puissant et audacieux de whisky, relev\u00e9 d&#8217;une touche d&#8217;ambre, de gingembre et de musc, vous fera sentir comme un vrai Colorado Kid.<\/p>\n<p>Flacon collector en verre inclus.<\/p><\/div>\n<\/div>\n<div class=\"product-add-form\">\n<form id=\"product_addtocart_form\" action=\"https:\/\/www.capilexbeaute.ca\/fr\/checkout\/cart\/add\/uenc\/aHR0cHM6Ly93d3cuY2FwaWxleGJlYXV0ZS5jYS9mci9naWJzLWh1aWxlLWNvbG9yYWRvLWtpZC0zMG1sdGV0ZS1kZS1tb3J0LTUwOTkxNzY1Lmh0bWw~\/product\/9063\/\" method=\"post\" novalidate=\"novalidate\" data-product-sku=\"50991765\"><\/form>\n<\/div>\n<\/div>\n<\/div>\n<\/div>\n<\/div>\n<\/div>\n<\/div>\n","protected":false},"excerpt":{"rendered":"<p>Gibs &#8220;Colorado Kid Cr\u00e2ne de verre&#8221; 30ml notre huile signature dans un flacon collector en verre Parfum : Touche d&#8217;ambre, de gingembre et de musc Une fois de plus pour l&#8217;\u00e9quipe locale ! Cette huile signature int\u00e8gre notre m\u00e9lange original d&#8217;huiles d&#8217;olive, d&#8217;argan, de graines de tournesol, de fruit de la passion et de baume [&hellip;]<\/p>\n","protected":false},"featured_media":7581,"comment_status":"open","ping_status":"closed","template":"","meta":{"_acf_changed":false,"_seopress_robots_primary_cat":"none","_seopress_titles_title":"","_seopress_titles_desc":"","_seopress_robots_index":""},"product_brand":[],"product_cat":[70],"product_tag":[113,111],"class_list":{"0":"post-7580","1":"product","2":"type-product","3":"status-publish","4":"has-post-thumbnail","6":"product_cat-pommade-soins-pour-peau","7":"product_tag-huile-a-barbe","8":"product_tag-shampooing","10":"first","11":"instock","12":"taxable","13":"shipping-taxable","14":"purchasable","15":"product-type-simple"},"acf":[],"_links":{"self":[{"href":"https:\/\/absolutlaprairie.ca\/en\/wp-json\/wp\/v2\/product\/7580","targetHints":{"allow":["GET"]}}],"collection":[{"href":"https:\/\/absolutlaprairie.ca\/en\/wp-json\/wp\/v2\/product"}],"about":[{"href":"https:\/\/absolutlaprairie.ca\/en\/wp-json\/wp\/v2\/types\/product"}],"replies":[{"embeddable":true,"href":"https:\/\/absolutlaprairie.ca\/en\/wp-json\/wp\/v2\/comments?post=7580"}],"wp:featuredmedia":[{"embeddable":true,"href":"https:\/\/absolutlaprairie.ca\/en\/wp-json\/wp\/v2\/media\/7581"}],"wp:attachment":[{"href":"https:\/\/absolutlaprairie.ca\/en\/wp-json\/wp\/v2\/media?parent=7580"}],"wp:term":[{"taxonomy":"product_brand","embeddable":true,"href":"https:\/\/absolutlaprairie.ca\/en\/wp-json\/wp\/v2\/product_brand?post=7580"},{"taxonomy":"product_cat","embeddable":true,"href":"https:\/\/absolutlaprairie.ca\/en\/wp-json\/wp\/v2\/product_cat?post=7580"},{"taxonomy":"product_tag","embeddable":true,"href":"https:\/\/absolutlaprairie.ca\/en\/wp-json\/wp\/v2\/product_tag?post=7580"}],"curies":[{"name":"wp","href":"https:\/\/api.w.org\/{rel}","templated":true}]}}