{"id":7574,"date":"2026-03-18T18:18:23","date_gmt":"2026-03-18T23:18:23","guid":{"rendered":"https:\/\/absolutlaprairie.ca\/?post_type=product&#038;p=7574"},"modified":"2026-03-18T18:25:21","modified_gmt":"2026-03-18T23:25:21","slug":"gibs-huile-pour-barbe-cheveux-et-tatouage-mauve-alpha-male-crane-de-verre","status":"publish","type":"product","link":"https:\/\/absolutlaprairie.ca\/en\/product\/gibs-huile-pour-barbe-cheveux-et-tatouage-mauve-alpha-male-crane-de-verre\/","title":{"rendered":"Gibs &#8211; &#8220;Alpha Male Cr\u00e2ne de verre&#8221; 30ml"},"content":{"rendered":"<p>Gibs &#8211; Huile pour barbe, cheveux et tatouage Mauve &#8220;Alpha Male Cr\u00e2ne de verre&#8221;<\/p>\n<div class=\"product attribute overview\">\n<div class=\"value\">\n<div class=\"product attribute overview\">\n<div class=\"value\">\n<div class=\"product attribute overview\">\n<div class=\"value\">\n<p>Maintenant disponible en flacon pompe de 30 ml<\/p>\n<p>Cette huile contient notre m\u00e9lange original d&#8217;huiles d&#8217;olive, d&#8217;argan, de graines de tournesol, de fruit de la passion et de baume de Copaiba.<\/p>\n<p>Ainsi que les bienfaits antioxydants de l&#8217;huile d&#8217;a\u00e7a\u00ef<br \/>\n.<br \/>\nUn nouveau parfum sophistiqu\u00e9 de vanille, de bois de santal et de musc blanc \u00e0 l&#8217;int\u00e9rieur d&#8217;un flacon collector en verre.<\/p>\n<\/div>\n<\/div>\n<div class=\"product-add-form\"><\/div>\n<\/div>\n<\/div>\n<\/div>\n<\/div>\n<div class=\"product-add-form\"><\/div>\n","protected":false},"excerpt":{"rendered":"<p>Gibs &#8211; Huile pour barbe, cheveux et tatouage Mauve &#8220;Alpha Male Cr\u00e2ne de verre&#8221; Maintenant disponible en flacon pompe de 30 ml Cette huile contient notre m\u00e9lange original d&#8217;huiles d&#8217;olive, d&#8217;argan, de graines de tournesol, de fruit de la passion et de baume de Copaiba. Ainsi que les bienfaits antioxydants de l&#8217;huile d&#8217;a\u00e7a\u00ef . Un [&hellip;]<\/p>\n","protected":false},"featured_media":7577,"comment_status":"open","ping_status":"closed","template":"","meta":{"_acf_changed":false,"_seopress_robots_primary_cat":"none","_seopress_titles_title":"","_seopress_titles_desc":"","_seopress_robots_index":""},"product_brand":[],"product_cat":[70],"product_tag":[113,111],"class_list":{"0":"post-7574","1":"product","2":"type-product","3":"status-publish","4":"has-post-thumbnail","6":"product_cat-pommade-soins-pour-peau","7":"product_tag-huile-a-barbe","8":"product_tag-shampooing","10":"first","11":"instock","12":"taxable","13":"shipping-taxable","14":"purchasable","15":"product-type-simple"},"acf":[],"_links":{"self":[{"href":"https:\/\/absolutlaprairie.ca\/en\/wp-json\/wp\/v2\/product\/7574","targetHints":{"allow":["GET"]}}],"collection":[{"href":"https:\/\/absolutlaprairie.ca\/en\/wp-json\/wp\/v2\/product"}],"about":[{"href":"https:\/\/absolutlaprairie.ca\/en\/wp-json\/wp\/v2\/types\/product"}],"replies":[{"embeddable":true,"href":"https:\/\/absolutlaprairie.ca\/en\/wp-json\/wp\/v2\/comments?post=7574"}],"wp:featuredmedia":[{"embeddable":true,"href":"https:\/\/absolutlaprairie.ca\/en\/wp-json\/wp\/v2\/media\/7577"}],"wp:attachment":[{"href":"https:\/\/absolutlaprairie.ca\/en\/wp-json\/wp\/v2\/media?parent=7574"}],"wp:term":[{"taxonomy":"product_brand","embeddable":true,"href":"https:\/\/absolutlaprairie.ca\/en\/wp-json\/wp\/v2\/product_brand?post=7574"},{"taxonomy":"product_cat","embeddable":true,"href":"https:\/\/absolutlaprairie.ca\/en\/wp-json\/wp\/v2\/product_cat?post=7574"},{"taxonomy":"product_tag","embeddable":true,"href":"https:\/\/absolutlaprairie.ca\/en\/wp-json\/wp\/v2\/product_tag?post=7574"}],"curies":[{"name":"wp","href":"https:\/\/api.w.org\/{rel}","templated":true}]}}