{"id":7560,"date":"2026-03-18T18:06:31","date_gmt":"2026-03-18T23:06:31","guid":{"rendered":"https:\/\/absolutlaprairie.ca\/?post_type=product&#038;p=7560"},"modified":"2026-03-18T18:10:32","modified_gmt":"2026-03-18T23:10:32","slug":"gibs-huile-pour-barbe-cheveux-et-tatouage-manscaper-jaune","status":"publish","type":"product","link":"https:\/\/absolutlaprairie.ca\/en\/product\/gibs-huile-pour-barbe-cheveux-et-tatouage-manscaper-jaune\/","title":{"rendered":"Gibs &#8211; Huile pour barbe, cheveux et tatouage &#8220;Manscaper Jaune&#8221;"},"content":{"rendered":"<p>Gibs &#8211; Huile pour barbe, cheveux et tatouage &#8220;Manscaper Jaune&#8221;<\/p>\n<div class=\"product attribute overview\">\n<div class=\"value\">Les huiles d&#8217;olive et d&#8217;argan adoucissent, tandis que l&#8217;huile de tournesol renforce et prot\u00e8ge.<\/p>\n<p>Les huiles de fruit de la passion et de baume de Copaiba sont utilis\u00e9es pour aider \u00e0 hydrater la peau et les cheveux.<\/p>\n<p>Appliquez sur votre barbe, vos cheveux et votre peau dans le cadre de votre routine quotidienne de toilettage Gibs !<\/p>\n<p>3 parfums naturels vivifiants comprenant des notes de &#8211; Bergamote, bois de santal et sauge (VooDoo Prince) Pamplemousse, tabac, fleur et safran (Manscaper) Muscade, cuir, vanille et musc (Bush Master).<\/p>\n<\/div>\n<\/div>\n<div class=\"product-add-form\"><\/div>\n","protected":false},"excerpt":{"rendered":"<p>Gibs &#8211; Huile pour barbe, cheveux et tatouage &#8220;Manscaper Jaune&#8221; Les huiles d&#8217;olive et d&#8217;argan adoucissent, tandis que l&#8217;huile de tournesol renforce et prot\u00e8ge. Les huiles de fruit de la passion et de baume de Copaiba sont utilis\u00e9es pour aider \u00e0 hydrater la peau et les cheveux. Appliquez sur votre barbe, vos cheveux et votre [&hellip;]<\/p>\n","protected":false},"featured_media":7563,"comment_status":"open","ping_status":"closed","template":"","meta":{"_acf_changed":false,"_seopress_robots_primary_cat":"none","_seopress_titles_title":"","_seopress_titles_desc":"","_seopress_robots_index":""},"product_brand":[],"product_cat":[70],"product_tag":[113,111],"class_list":{"0":"post-7560","1":"product","2":"type-product","3":"status-publish","4":"has-post-thumbnail","6":"product_cat-pommade-soins-pour-peau","7":"product_tag-huile-a-barbe","8":"product_tag-shampooing","10":"first","11":"instock","12":"taxable","13":"shipping-taxable","14":"purchasable","15":"product-type-variable"},"acf":[],"_links":{"self":[{"href":"https:\/\/absolutlaprairie.ca\/en\/wp-json\/wp\/v2\/product\/7560","targetHints":{"allow":["GET"]}}],"collection":[{"href":"https:\/\/absolutlaprairie.ca\/en\/wp-json\/wp\/v2\/product"}],"about":[{"href":"https:\/\/absolutlaprairie.ca\/en\/wp-json\/wp\/v2\/types\/product"}],"replies":[{"embeddable":true,"href":"https:\/\/absolutlaprairie.ca\/en\/wp-json\/wp\/v2\/comments?post=7560"}],"wp:featuredmedia":[{"embeddable":true,"href":"https:\/\/absolutlaprairie.ca\/en\/wp-json\/wp\/v2\/media\/7563"}],"wp:attachment":[{"href":"https:\/\/absolutlaprairie.ca\/en\/wp-json\/wp\/v2\/media?parent=7560"}],"wp:term":[{"taxonomy":"product_brand","embeddable":true,"href":"https:\/\/absolutlaprairie.ca\/en\/wp-json\/wp\/v2\/product_brand?post=7560"},{"taxonomy":"product_cat","embeddable":true,"href":"https:\/\/absolutlaprairie.ca\/en\/wp-json\/wp\/v2\/product_cat?post=7560"},{"taxonomy":"product_tag","embeddable":true,"href":"https:\/\/absolutlaprairie.ca\/en\/wp-json\/wp\/v2\/product_tag?post=7560"}],"curies":[{"name":"wp","href":"https:\/\/api.w.org\/{rel}","templated":true}]}}