{"id":7549,"date":"2026-03-18T17:41:07","date_gmt":"2026-03-18T22:41:07","guid":{"rendered":"https:\/\/absolutlaprairie.ca\/?post_type=product&#038;p=7549"},"modified":"2026-03-18T17:44:59","modified_gmt":"2026-03-18T22:44:59","slug":"gibs-huile-pour-barbe-cheveux-et-tatouages","status":"publish","type":"product","link":"https:\/\/absolutlaprairie.ca\/en\/product\/gibs-huile-pour-barbe-cheveux-et-tatouages\/","title":{"rendered":"Gibs &#8211; Huile pour barbe, cheveux et tatouages (30ml)"},"content":{"rendered":"<p>Gibs &#8211; Alpha Male Huile pour barbe, cheveux et tatouages Mauve<\/p>\n<p>Les huiles d&#8217;olive et d&#8217;argan adoucissent, tandis que l&#8217;huile de tournesol renforce et prot\u00e8ge.<\/p>\n<p>Les huiles de fruit de la passion et de baume de Copaiba sont utilis\u00e9es pour aider \u00e0 hydrater la peau et les cheveux.<\/p>\n<p>Appliquez sur votre barbe, vos cheveux et votre peau dans le cadre de votre routine quotidienne de toilettage Gibs !<\/p>\n<p>3 parfums naturels vivifiants comprenant des notes de &#8211; Bergamote, bois de santal et sauge (VooDoo Prince) Pamplemousse, tabac, fleur et safran (Manscaper) Muscade, cuir, vanille et musc (Bush Master).<\/p>\n","protected":false},"excerpt":{"rendered":"<p>Gibs &#8211; Alpha Male Huile pour barbe, cheveux et tatouages Mauve Les huiles d&#8217;olive et d&#8217;argan adoucissent, tandis que l&#8217;huile de tournesol renforce et prot\u00e8ge. Les huiles de fruit de la passion et de baume de Copaiba sont utilis\u00e9es pour aider \u00e0 hydrater la peau et les cheveux. Appliquez sur votre barbe, vos cheveux et [&hellip;]<\/p>\n","protected":false},"featured_media":7550,"comment_status":"open","ping_status":"closed","template":"","meta":{"_acf_changed":false,"_seopress_robots_primary_cat":"none","_seopress_titles_title":"","_seopress_titles_desc":"","_seopress_robots_index":""},"product_brand":[],"product_cat":[70],"product_tag":[111],"class_list":{"0":"post-7549","1":"product","2":"type-product","3":"status-publish","4":"has-post-thumbnail","6":"product_cat-pommade-soins-pour-peau","7":"product_tag-shampooing","9":"first","10":"instock","11":"taxable","12":"shipping-taxable","13":"purchasable","14":"product-type-simple"},"acf":[],"_links":{"self":[{"href":"https:\/\/absolutlaprairie.ca\/en\/wp-json\/wp\/v2\/product\/7549","targetHints":{"allow":["GET"]}}],"collection":[{"href":"https:\/\/absolutlaprairie.ca\/en\/wp-json\/wp\/v2\/product"}],"about":[{"href":"https:\/\/absolutlaprairie.ca\/en\/wp-json\/wp\/v2\/types\/product"}],"replies":[{"embeddable":true,"href":"https:\/\/absolutlaprairie.ca\/en\/wp-json\/wp\/v2\/comments?post=7549"}],"wp:featuredmedia":[{"embeddable":true,"href":"https:\/\/absolutlaprairie.ca\/en\/wp-json\/wp\/v2\/media\/7550"}],"wp:attachment":[{"href":"https:\/\/absolutlaprairie.ca\/en\/wp-json\/wp\/v2\/media?parent=7549"}],"wp:term":[{"taxonomy":"product_brand","embeddable":true,"href":"https:\/\/absolutlaprairie.ca\/en\/wp-json\/wp\/v2\/product_brand?post=7549"},{"taxonomy":"product_cat","embeddable":true,"href":"https:\/\/absolutlaprairie.ca\/en\/wp-json\/wp\/v2\/product_cat?post=7549"},{"taxonomy":"product_tag","embeddable":true,"href":"https:\/\/absolutlaprairie.ca\/en\/wp-json\/wp\/v2\/product_tag?post=7549"}],"curies":[{"name":"wp","href":"https:\/\/api.w.org\/{rel}","templated":true}]}}