{"id":7170,"date":"2025-12-10T19:34:55","date_gmt":"2025-12-11T00:34:55","guid":{"rendered":"https:\/\/absolutlaprairie.ca\/?post_type=product&#038;p=7170"},"modified":"2025-12-10T19:34:55","modified_gmt":"2025-12-11T00:34:55","slug":"babylisspro-loprofx-high-performance-low-profile-clipper","status":"publish","type":"product","link":"https:\/\/absolutlaprairie.ca\/en\/product\/babylisspro-loprofx-high-performance-low-profile-clipper\/","title":{"rendered":"BABYLISSPRO LOPROFX High Performance Low Profile Clipper"},"content":{"rendered":"<h2>Tondeuse haute performance \u00e0 profil bas LO-PROFX<\/h2>\n<p>Les tondeuses LO-PROFX sont dot\u00e9es d&#8217;un couvercle de protection m\u00e9tallique \u00e0 profil ultra-bas et d&#8217;un bo\u00eetier de prise ergonomique. Il est aliment\u00e9 par un moteur sans balais haute performance de 6 800 tr\/min avec une batterie lithium-ion haute capacit\u00e9 de 3 300 mAh. La conception et la puissance sont compl\u00e9t\u00e9es par l&#8217;armement d&#8217;une lame \u00e0 basse temp\u00e9rature qui parach\u00e8ve son design et sa puissance. LoPROFX, la machine parfaite pour la sensation globale, la puissance et les performances de coupe.<\/p>\n<h2><strong>Caract\u00e9ristiques<\/strong><\/h2>\n<ul>\n<li>Couvercle de blindage m\u00e9tallique \u00e0 profil ultra-bas<\/li>\n<li>Moteur sans brosse \u00e0 haute rendement<\/li>\n<li>Couple \u00e9lev\u00e9 de 6,800 Rpm<\/li>\n<li>Batterie au lithium-ion d&#8217;une capacit\u00e9 de 3,000 mAh<\/li>\n<li>2 heures d&#8217;autonomie<\/li>\n<li>Lame de coin en graphite Z\u00e9ro \u00e9cart r\u00e9glable<\/li>\n<li>Bras conique en m\u00e9tal verrouillable \u00e0 5 positions<\/li>\n<li>Bo\u00eetier de poign\u00e9e ergonomique<\/li>\n<li>Double tension<\/li>\n<li>Cordon\/Sans fil<\/li>\n<li>Indicateur de batterie au LED<\/li>\n<\/ul>\n","protected":false},"excerpt":{"rendered":"<p>Tondeuse haute performance \u00e0 profil bas LO-PROFX Les tondeuses LO-PROFX sont dot\u00e9es d&#8217;un couvercle de protection m\u00e9tallique \u00e0 profil ultra-bas et d&#8217;un bo\u00eetier de prise ergonomique. Il est aliment\u00e9 par un moteur sans balais haute performance de 6 800 tr\/min avec une batterie lithium-ion haute capacit\u00e9 de 3 300 mAh. La conception et la puissance [&hellip;]<\/p>\n","protected":false},"featured_media":7172,"comment_status":"open","ping_status":"closed","template":"","meta":{"_acf_changed":false,"_seopress_robots_primary_cat":"","_seopress_titles_title":"","_seopress_titles_desc":"","_seopress_robots_index":""},"product_brand":[],"product_cat":[69],"product_tag":[],"class_list":{"0":"post-7170","1":"product","2":"type-product","3":"status-publish","4":"has-post-thumbnail","6":"product_cat-tondeuse-sechoir","8":"first","9":"instock","10":"taxable","11":"shipping-taxable","12":"purchasable","13":"product-type-simple"},"acf":[],"_links":{"self":[{"href":"https:\/\/absolutlaprairie.ca\/en\/wp-json\/wp\/v2\/product\/7170","targetHints":{"allow":["GET"]}}],"collection":[{"href":"https:\/\/absolutlaprairie.ca\/en\/wp-json\/wp\/v2\/product"}],"about":[{"href":"https:\/\/absolutlaprairie.ca\/en\/wp-json\/wp\/v2\/types\/product"}],"replies":[{"embeddable":true,"href":"https:\/\/absolutlaprairie.ca\/en\/wp-json\/wp\/v2\/comments?post=7170"}],"wp:featuredmedia":[{"embeddable":true,"href":"https:\/\/absolutlaprairie.ca\/en\/wp-json\/wp\/v2\/media\/7172"}],"wp:attachment":[{"href":"https:\/\/absolutlaprairie.ca\/en\/wp-json\/wp\/v2\/media?parent=7170"}],"wp:term":[{"taxonomy":"product_brand","embeddable":true,"href":"https:\/\/absolutlaprairie.ca\/en\/wp-json\/wp\/v2\/product_brand?post=7170"},{"taxonomy":"product_cat","embeddable":true,"href":"https:\/\/absolutlaprairie.ca\/en\/wp-json\/wp\/v2\/product_cat?post=7170"},{"taxonomy":"product_tag","embeddable":true,"href":"https:\/\/absolutlaprairie.ca\/en\/wp-json\/wp\/v2\/product_tag?post=7170"}],"curies":[{"name":"wp","href":"https:\/\/api.w.org\/{rel}","templated":true}]}}