{"id":7161,"date":"2025-12-10T18:53:25","date_gmt":"2025-12-10T23:53:25","guid":{"rendered":"https:\/\/absolutlaprairie.ca\/?post_type=product&#038;p=7161"},"modified":"2025-12-10T18:54:50","modified_gmt":"2025-12-10T23:54:50","slug":"babylisspro-silverfx-all-metal-lithium-clipper","status":"publish","type":"product","link":"https:\/\/absolutlaprairie.ca\/en\/product\/babylisspro-silverfx-all-metal-lithium-clipper\/","title":{"rendered":"BaBylissPRO SilverFX+ All-metal Lithium Clipper"},"content":{"rendered":"<p><strong>Tondeuse BaBylissPRO SilverFX+ Tout M\u00e9tal Lithium &#8211; FX870NS &#8211; 6\u00a0800 tr\/min &#8211; 3 heures d&#8217;autonomie<\/strong>.<\/p>\n<p>La collection embl\u00e9matique est de retour, plus performante que jamais. Dot\u00e9e d&#8217;un nouveau moteur sans balais N1 am\u00e9lior\u00e9, d&#8217;une batterie lithium-ion haute capacit\u00e9 pour une autonomie prolong\u00e9e et d&#8217;une nouvelle connectivit\u00e9 USB-C pour la charge universelle, la nouvelle collection Tout M\u00e9tal de BaBylissPRO est un incontournable pour tout coiffeur ou styliste.<\/p>\n<p>Caract\u00e9ristiques\u00a0:<\/p>\n<ul>\n<li>NOUVEAU Moteur sans balais N1 am\u00e9lior\u00e9<\/li>\n<li>Double roulement \u00e0 billes pour une efficacit\u00e9 accrue<\/li>\n<li>6\u00a0800 tr\/min \/ 13\u00a0600 CPM<\/li>\n<li>Longue dur\u00e9e de vie<\/li>\n<li>NOUVELLE Batterie am\u00e9lior\u00e9e<\/li>\n<li>Jusqu&#8217;\u00e0 3 heures d&#8217;autonomie<\/li>\n<li>Batterie lithium-ion haute performance<\/li>\n<li>Haute capacit\u00e9 \u2014 3\u00a0300 mAh<\/li>\n<li>Bo\u00eetier tout m\u00e9tal \/ Poign\u00e9e molet\u00e9e<\/li>\n<li>Fonctionnement avec ou sans fil<\/li>\n<li>NOUVEAU Compatible USB-C et c\u00e2ble standard<\/li>\n<li>Crochet de suspension \u00e0 cran d&#8217;arr\u00eat<\/li>\n<li>Lame conique en acier inoxydable (FX801J)<\/li>\n<li>Haute duret\u00e9<\/li>\n<li>Temp\u00e9rature de lame r\u00e9duite<\/li>\n<li>R\u00e9glage de l&#8217;\u00e9cartement \u00e0 z\u00e9ro<\/li>\n<\/ul>\n","protected":false},"excerpt":{"rendered":"<p>Tondeuse BaBylissPRO SilverFX+ Tout M\u00e9tal Lithium &#8211; FX870NS &#8211; 6\u00a0800 tr\/min &#8211; 3 heures d&#8217;autonomie. La collection embl\u00e9matique est de retour, plus performante que jamais. Dot\u00e9e d&#8217;un nouveau moteur sans balais N1 am\u00e9lior\u00e9, d&#8217;une batterie lithium-ion haute capacit\u00e9 pour une autonomie prolong\u00e9e et d&#8217;une nouvelle connectivit\u00e9 USB-C pour la charge universelle, la nouvelle collection Tout [&hellip;]<\/p>\n","protected":false},"featured_media":7163,"comment_status":"open","ping_status":"closed","template":"","meta":{"_acf_changed":false,"_seopress_robots_primary_cat":"none","_seopress_titles_title":"","_seopress_titles_desc":"","_seopress_robots_index":""},"product_brand":[],"product_cat":[69],"product_tag":[],"class_list":{"0":"post-7161","1":"product","2":"type-product","3":"status-publish","4":"has-post-thumbnail","6":"product_cat-tondeuse-sechoir","8":"first","9":"instock","10":"taxable","11":"shipping-taxable","12":"purchasable","13":"product-type-simple"},"acf":[],"_links":{"self":[{"href":"https:\/\/absolutlaprairie.ca\/en\/wp-json\/wp\/v2\/product\/7161","targetHints":{"allow":["GET"]}}],"collection":[{"href":"https:\/\/absolutlaprairie.ca\/en\/wp-json\/wp\/v2\/product"}],"about":[{"href":"https:\/\/absolutlaprairie.ca\/en\/wp-json\/wp\/v2\/types\/product"}],"replies":[{"embeddable":true,"href":"https:\/\/absolutlaprairie.ca\/en\/wp-json\/wp\/v2\/comments?post=7161"}],"wp:featuredmedia":[{"embeddable":true,"href":"https:\/\/absolutlaprairie.ca\/en\/wp-json\/wp\/v2\/media\/7163"}],"wp:attachment":[{"href":"https:\/\/absolutlaprairie.ca\/en\/wp-json\/wp\/v2\/media?parent=7161"}],"wp:term":[{"taxonomy":"product_brand","embeddable":true,"href":"https:\/\/absolutlaprairie.ca\/en\/wp-json\/wp\/v2\/product_brand?post=7161"},{"taxonomy":"product_cat","embeddable":true,"href":"https:\/\/absolutlaprairie.ca\/en\/wp-json\/wp\/v2\/product_cat?post=7161"},{"taxonomy":"product_tag","embeddable":true,"href":"https:\/\/absolutlaprairie.ca\/en\/wp-json\/wp\/v2\/product_tag?post=7161"}],"curies":[{"name":"wp","href":"https:\/\/api.w.org\/{rel}","templated":true}]}}