{"id":7049,"date":"2025-11-15T15:24:38","date_gmt":"2025-11-15T20:24:38","guid":{"rendered":"https:\/\/absolutlaprairie.ca\/?post_type=product&#038;p=7049"},"modified":"2026-02-24T13:45:56","modified_gmt":"2026-02-24T18:45:56","slug":"moroccanoil-laque-lumineuse-medium-75ml","status":"publish","type":"product","link":"https:\/\/absolutlaprairie.ca\/en\/product\/moroccanoil-laque-lumineuse-medium-75ml\/","title":{"rendered":"Moroccanoil &#8211; Laque Lumineuse Medium (75ml)"},"content":{"rendered":"<p>La formule de la Laque Lumineuse contient une combinaison d&#8217;ingr\u00e9dients hautement sophistiqu\u00e9s infus\u00e9s \u00e0 l\u2019huile d\u2019argan. Cette laque l\u00e9g\u00e8re et facile \u00e0 travailler offre une tenue souple prolong\u00e9e qui ne laisse aucun r\u00e9sidu collant. Elle convient parfaitement pour cr\u00e9er et maintenir des coiffures souples et naturelles. La laque peut \u00eatre \u00e9limin\u00e9e facilement par simple brossage, elle n&#8217;alourdit pas les cheveux, et elle offre un protection lumineuse qui repousse l&#8217;humidit\u00e9 et les frisottis.<\/p>\n<p>Mention honorable, Prix des Lectrices,\u00a0<em>TotalBeauty.com<\/em>\u00a0Beauty Awards, ao\u00fbt 2015<\/p>\n","protected":false},"excerpt":{"rendered":"<p>La formule de la Laque Lumineuse contient une combinaison d&#8217;ingr\u00e9dients hautement sophistiqu\u00e9s infus\u00e9s \u00e0 l\u2019huile d\u2019argan. Cette laque l\u00e9g\u00e8re et facile \u00e0 travailler offre une tenue souple prolong\u00e9e qui ne laisse aucun r\u00e9sidu collant. Elle convient parfaitement pour cr\u00e9er et maintenir des coiffures souples et naturelles. La laque peut \u00eatre \u00e9limin\u00e9e facilement par simple brossage, [&hellip;]<\/p>\n","protected":false},"featured_media":7050,"comment_status":"open","ping_status":"closed","template":"","meta":{"_acf_changed":false,"_seopress_robots_primary_cat":"none","_seopress_titles_title":"","_seopress_titles_desc":"","_seopress_robots_index":""},"product_brand":[],"product_cat":[216,70],"product_tag":[110],"class_list":{"0":"post-7049","1":"product","2":"type-product","3":"status-publish","4":"has-post-thumbnail","6":"product_cat-moroccanoil","7":"product_cat-pommade-soins-pour-peau","8":"product_tag-pommade","10":"first","11":"instock","12":"taxable","13":"shipping-taxable","14":"purchasable","15":"product-type-simple"},"acf":[],"_links":{"self":[{"href":"https:\/\/absolutlaprairie.ca\/en\/wp-json\/wp\/v2\/product\/7049","targetHints":{"allow":["GET"]}}],"collection":[{"href":"https:\/\/absolutlaprairie.ca\/en\/wp-json\/wp\/v2\/product"}],"about":[{"href":"https:\/\/absolutlaprairie.ca\/en\/wp-json\/wp\/v2\/types\/product"}],"replies":[{"embeddable":true,"href":"https:\/\/absolutlaprairie.ca\/en\/wp-json\/wp\/v2\/comments?post=7049"}],"wp:featuredmedia":[{"embeddable":true,"href":"https:\/\/absolutlaprairie.ca\/en\/wp-json\/wp\/v2\/media\/7050"}],"wp:attachment":[{"href":"https:\/\/absolutlaprairie.ca\/en\/wp-json\/wp\/v2\/media?parent=7049"}],"wp:term":[{"taxonomy":"product_brand","embeddable":true,"href":"https:\/\/absolutlaprairie.ca\/en\/wp-json\/wp\/v2\/product_brand?post=7049"},{"taxonomy":"product_cat","embeddable":true,"href":"https:\/\/absolutlaprairie.ca\/en\/wp-json\/wp\/v2\/product_cat?post=7049"},{"taxonomy":"product_tag","embeddable":true,"href":"https:\/\/absolutlaprairie.ca\/en\/wp-json\/wp\/v2\/product_tag?post=7049"}],"curies":[{"name":"wp","href":"https:\/\/api.w.org\/{rel}","templated":true}]}}