{"id":7046,"date":"2025-11-15T15:17:48","date_gmt":"2025-11-15T20:17:48","guid":{"rendered":"https:\/\/absolutlaprairie.ca\/?post_type=product&#038;p=7046"},"modified":"2025-11-15T15:20:50","modified_gmt":"2025-11-15T20:20:50","slug":"moroccanoil-defense-absolue-225ml","status":"publish","type":"product","link":"https:\/\/absolutlaprairie.ca\/en\/product\/moroccanoil-defense-absolue-225ml\/","title":{"rendered":"Moroccanoil &#8211; D\u00e9fense Absolue (225ml)"},"content":{"rendered":"<p>D\u00e9fense Absolue Moroccanoil\u00ae est un spray a\u00e9rosol sec, l\u00e9ger et protecteur contre la chaleur. La formule nourrissante, charg\u00e9e en huile d\u2019argan et en vitamines, r\u00e9hydrate les cheveux tout en les prot\u00e9geant contre les effets n\u00e9fastes du coiffage \u00e0 chaud, jusqu\u2019\u00e0 450\u2070F\/230\u2070C.<\/p>\n<p>Winner, 2018 Glamour Beauty Awards, The Best Pro Leave-In,\u00a0<em>Glamour<\/em>, 2018<\/p>\n<p>Winner, Health Beauty Award, Must-Have Haircare Product, Influenster.com, 2018<\/p>\n<p>Winner, Reviewer&#8217;s Choice Awards: Best in Beauty, Best Luxury Hairspray, Influenster.com, 2018<\/p>\n","protected":false},"excerpt":{"rendered":"<p>D\u00e9fense Absolue Moroccanoil\u00ae est un spray a\u00e9rosol sec, l\u00e9ger et protecteur contre la chaleur. La formule nourrissante, charg\u00e9e en huile d\u2019argan et en vitamines, r\u00e9hydrate les cheveux tout en les prot\u00e9geant contre les effets n\u00e9fastes du coiffage \u00e0 chaud, jusqu\u2019\u00e0 450\u2070F\/230\u2070C. Winner, 2018 Glamour Beauty Awards, The Best Pro Leave-In,\u00a0Glamour, 2018 Winner, Health Beauty Award, [&hellip;]<\/p>\n","protected":false},"featured_media":7047,"comment_status":"open","ping_status":"closed","template":"","meta":{"_acf_changed":false,"_seopress_robots_primary_cat":"none","_seopress_titles_title":"","_seopress_titles_desc":"","_seopress_robots_index":""},"product_brand":[],"product_cat":[216,70],"product_tag":[],"class_list":{"0":"post-7046","1":"product","2":"type-product","3":"status-publish","4":"has-post-thumbnail","6":"product_cat-moroccanoil","7":"product_cat-pommade-soins-pour-peau","9":"first","10":"instock","11":"taxable","12":"shipping-taxable","13":"purchasable","14":"product-type-simple"},"acf":[],"_links":{"self":[{"href":"https:\/\/absolutlaprairie.ca\/en\/wp-json\/wp\/v2\/product\/7046","targetHints":{"allow":["GET"]}}],"collection":[{"href":"https:\/\/absolutlaprairie.ca\/en\/wp-json\/wp\/v2\/product"}],"about":[{"href":"https:\/\/absolutlaprairie.ca\/en\/wp-json\/wp\/v2\/types\/product"}],"replies":[{"embeddable":true,"href":"https:\/\/absolutlaprairie.ca\/en\/wp-json\/wp\/v2\/comments?post=7046"}],"wp:featuredmedia":[{"embeddable":true,"href":"https:\/\/absolutlaprairie.ca\/en\/wp-json\/wp\/v2\/media\/7047"}],"wp:attachment":[{"href":"https:\/\/absolutlaprairie.ca\/en\/wp-json\/wp\/v2\/media?parent=7046"}],"wp:term":[{"taxonomy":"product_brand","embeddable":true,"href":"https:\/\/absolutlaprairie.ca\/en\/wp-json\/wp\/v2\/product_brand?post=7046"},{"taxonomy":"product_cat","embeddable":true,"href":"https:\/\/absolutlaprairie.ca\/en\/wp-json\/wp\/v2\/product_cat?post=7046"},{"taxonomy":"product_tag","embeddable":true,"href":"https:\/\/absolutlaprairie.ca\/en\/wp-json\/wp\/v2\/product_tag?post=7046"}],"curies":[{"name":"wp","href":"https:\/\/api.w.org\/{rel}","templated":true}]}}