{"id":7039,"date":"2025-11-13T20:20:41","date_gmt":"2025-11-14T01:20:41","guid":{"rendered":"https:\/\/absolutlaprairie.ca\/?post_type=product&#038;p=7039"},"modified":"2026-02-24T13:46:33","modified_gmt":"2026-02-24T18:46:33","slug":"moroccanoil-shampooing-sec-tons-fonces-205ml","status":"publish","type":"product","link":"https:\/\/absolutlaprairie.ca\/en\/product\/moroccanoil-shampooing-sec-tons-fonces-205ml\/","title":{"rendered":"Moroccanoil &#8211; Shampooing Sec Tons Fonc\u00e9s (205ml)"},"content":{"rendered":"<p>La couleur des cheveux est personnelle. Un shampooing sec devrait l\u2019\u00eatre aussi. \u00c0 la demande g\u00e9n\u00e9rale, Moroccanoil\u00ae lance son premier shampooing sec en deux formules, pour les Cheveux Tons Clairs et les Cheveux Tons Fonc\u00e9s.<\/p>\n<p>Les formules de shampooing sec traditionnelles sont connues pour laisser des r\u00e9sidus blancs qui diminuent l\u2019\u00e9clat et la brillance des cheveux. Notre formule Tons Fonc\u00e9s contient des amidons de riz ultra-fins qui se d\u00e9composent imm\u00e9diatement apr\u00e8s le massage dans le cuir chevelu. Ce nettoyant qui se dissipe instantan\u00e9ment ne laisse aucun r\u00e9sidu terne et pr\u00e9serve la richesse naturelle des tons fonc\u00e9s en laissant les cheveux rafra\u00eechis. Prot\u00e8ge contre les UV, infus\u00e9 \u00e0 l&#8217;huile d\u2019argan.<\/p>\n<p>Laur\u00e9at, Cheveux, Prix des Lectrices\u00a0<em>Essence,<\/em>\u00a0octobre 2015<\/p>\n<p>Laur\u00e9at, Meilleur Produit pour Prolonger le Brushing, Be Beautiful\u00a0<em>Latina<\/em>\u00a0Beauty Awards, septembre 2015<\/p>\n<p>Laur\u00e9at, S\u00e9lection de la R\u00e9daction,\u00a0<em>TotalBeauty.com<\/em>Beauty Awards, ao\u00fbt 2015<\/p>\n<p>Laur\u00e9at, Meilleur Soin Cheveux,\u00a0<em>Latina Magazine<\/em>Latina Beauty Awards, juillet 2015<\/p>\n","protected":false},"excerpt":{"rendered":"<p>La couleur des cheveux est personnelle. Un shampooing sec devrait l\u2019\u00eatre aussi. \u00c0 la demande g\u00e9n\u00e9rale, Moroccanoil\u00ae lance son premier shampooing sec en deux formules, pour les Cheveux Tons Clairs et les Cheveux Tons Fonc\u00e9s. Les formules de shampooing sec traditionnelles sont connues pour laisser des r\u00e9sidus blancs qui diminuent l\u2019\u00e9clat et la brillance des [&hellip;]<\/p>\n","protected":false},"featured_media":7040,"comment_status":"open","ping_status":"closed","template":"","meta":{"_acf_changed":false,"_seopress_robots_primary_cat":"none","_seopress_titles_title":"","_seopress_titles_desc":"","_seopress_robots_index":""},"product_brand":[],"product_cat":[216,70],"product_tag":[111],"class_list":{"0":"post-7039","1":"product","2":"type-product","3":"status-publish","4":"has-post-thumbnail","6":"product_cat-moroccanoil","7":"product_cat-pommade-soins-pour-peau","8":"product_tag-shampooing","10":"first","11":"instock","12":"taxable","13":"shipping-taxable","14":"purchasable","15":"product-type-simple"},"acf":[],"_links":{"self":[{"href":"https:\/\/absolutlaprairie.ca\/en\/wp-json\/wp\/v2\/product\/7039","targetHints":{"allow":["GET"]}}],"collection":[{"href":"https:\/\/absolutlaprairie.ca\/en\/wp-json\/wp\/v2\/product"}],"about":[{"href":"https:\/\/absolutlaprairie.ca\/en\/wp-json\/wp\/v2\/types\/product"}],"replies":[{"embeddable":true,"href":"https:\/\/absolutlaprairie.ca\/en\/wp-json\/wp\/v2\/comments?post=7039"}],"wp:featuredmedia":[{"embeddable":true,"href":"https:\/\/absolutlaprairie.ca\/en\/wp-json\/wp\/v2\/media\/7040"}],"wp:attachment":[{"href":"https:\/\/absolutlaprairie.ca\/en\/wp-json\/wp\/v2\/media?parent=7039"}],"wp:term":[{"taxonomy":"product_brand","embeddable":true,"href":"https:\/\/absolutlaprairie.ca\/en\/wp-json\/wp\/v2\/product_brand?post=7039"},{"taxonomy":"product_cat","embeddable":true,"href":"https:\/\/absolutlaprairie.ca\/en\/wp-json\/wp\/v2\/product_cat?post=7039"},{"taxonomy":"product_tag","embeddable":true,"href":"https:\/\/absolutlaprairie.ca\/en\/wp-json\/wp\/v2\/product_tag?post=7039"}],"curies":[{"name":"wp","href":"https:\/\/api.w.org\/{rel}","templated":true}]}}