{"id":7009,"date":"2025-11-13T19:24:52","date_gmt":"2025-11-14T00:24:52","guid":{"rendered":"https:\/\/absolutlaprairie.ca\/?post_type=product&#038;p=7009"},"modified":"2025-11-13T19:26:44","modified_gmt":"2025-11-14T00:26:44","slug":"moroccanoil-duo-eclat-cheveux-et-corps-good-to-glow-traitement","status":"publish","type":"product","link":"https:\/\/absolutlaprairie.ca\/en\/product\/moroccanoil-duo-eclat-cheveux-et-corps-good-to-glow-traitement\/","title":{"rendered":"Moroccanoil &#8211; Duo \u00e9clat cheveux et corps &#8220;Good-to-Glow&#8221; traitement"},"content":{"rendered":"<h1 class=\"h3 m-b-10\">Duo \u00e9clat cheveux et corps &#8220;Good-to-Glow&#8221; traitement \u00e0 l&#8217;argan &#8220;Light&#8221; &amp; s\u00e9rum concentr\u00e9 pour le corps (100ml\/3.4oz, 50ml\/1.7oz)<\/h1>\n<h2><\/h2>\n<h2>Duo \u00e9clat cheveux et corps &#8220;Good-to-Glow&#8221; &#8211; Light<\/h2>\n<p>D\u00e9couvrez le duo \u00e9clat cheveux et corps &#8220;Good-to-Glow&#8221; &#8211; Light de Moroccanoil, un coffret en \u00e9dition limit\u00e9e r\u00e9unissant deux de leurs soins hydratants les plus pris\u00e9s. Ce duo essentiel combine l&#8217;embl\u00e9matique traitement Moroccanoil Light, qui transforme instantan\u00e9ment les cheveux fins en les rendant plus brillants, plus doux et sans frisottis, avec le puissant s\u00e9rum concentr\u00e9 pour le corps. Ce dernier, gr\u00e2ce \u00e0 ses ingr\u00e9dients performants, agit en profondeur pour une peau visiblement plus ferme et lisse d\u00e8s la premi\u00e8re application, vous offrant un \u00e9clat de la t\u00eate aux pieds.<\/p>\n<h2>Traitement &#8220;Light&#8221; \u00e0 base d&#8217;huile d&#8217;argan<\/h2>\n<ul>\n<li>Adoucit instantan\u00e9ment et r\u00e9pare les cheveux<\/li>\n<li>Hydrate en l\u00e9g\u00e8ret\u00e9 et nourrit sans lourdeur<\/li>\n<li>Augmente le lustre et la dimension des reflets<\/li>\n<li>Acc\u00e9l\u00e8re le s\u00e9chage et facilite le coiffage<\/li>\n<li>Fournit une protection thermique<\/li>\n<li>\u00c9limine et combat les frisottis<\/li>\n<li>Ne jaunit pas les cheveux blonds<\/li>\n<li>Hydrate et nourrit la peau<\/li>\n<\/ul>\n","protected":false},"excerpt":{"rendered":"<p>Duo \u00e9clat cheveux et corps &#8220;Good-to-Glow&#8221; traitement \u00e0 l&#8217;argan &#8220;Light&#8221; &amp; s\u00e9rum concentr\u00e9 pour le corps (100ml\/3.4oz, 50ml\/1.7oz) Duo \u00e9clat cheveux et corps &#8220;Good-to-Glow&#8221; &#8211; Light D\u00e9couvrez le duo \u00e9clat cheveux et corps &#8220;Good-to-Glow&#8221; &#8211; Light de Moroccanoil, un coffret en \u00e9dition limit\u00e9e r\u00e9unissant deux de leurs soins hydratants les plus pris\u00e9s. Ce duo essentiel [&hellip;]<\/p>\n","protected":false},"featured_media":7010,"comment_status":"open","ping_status":"closed","template":"","meta":{"_acf_changed":false,"_seopress_robots_primary_cat":"none","_seopress_titles_title":"","_seopress_titles_desc":"","_seopress_robots_index":""},"product_brand":[],"product_cat":[216,70],"product_tag":[],"class_list":{"0":"post-7009","1":"product","2":"type-product","3":"status-publish","4":"has-post-thumbnail","6":"product_cat-moroccanoil","7":"product_cat-pommade-soins-pour-peau","9":"first","10":"instock","11":"taxable","12":"shipping-taxable","13":"purchasable","14":"product-type-simple"},"acf":[],"_links":{"self":[{"href":"https:\/\/absolutlaprairie.ca\/en\/wp-json\/wp\/v2\/product\/7009","targetHints":{"allow":["GET"]}}],"collection":[{"href":"https:\/\/absolutlaprairie.ca\/en\/wp-json\/wp\/v2\/product"}],"about":[{"href":"https:\/\/absolutlaprairie.ca\/en\/wp-json\/wp\/v2\/types\/product"}],"replies":[{"embeddable":true,"href":"https:\/\/absolutlaprairie.ca\/en\/wp-json\/wp\/v2\/comments?post=7009"}],"wp:featuredmedia":[{"embeddable":true,"href":"https:\/\/absolutlaprairie.ca\/en\/wp-json\/wp\/v2\/media\/7010"}],"wp:attachment":[{"href":"https:\/\/absolutlaprairie.ca\/en\/wp-json\/wp\/v2\/media?parent=7009"}],"wp:term":[{"taxonomy":"product_brand","embeddable":true,"href":"https:\/\/absolutlaprairie.ca\/en\/wp-json\/wp\/v2\/product_brand?post=7009"},{"taxonomy":"product_cat","embeddable":true,"href":"https:\/\/absolutlaprairie.ca\/en\/wp-json\/wp\/v2\/product_cat?post=7009"},{"taxonomy":"product_tag","embeddable":true,"href":"https:\/\/absolutlaprairie.ca\/en\/wp-json\/wp\/v2\/product_tag?post=7009"}],"curies":[{"name":"wp","href":"https:\/\/api.w.org\/{rel}","templated":true}]}}