{"id":6802,"date":"2025-10-30T19:23:45","date_gmt":"2025-10-31T00:23:45","guid":{"rendered":"https:\/\/absolutlaprairie.ca\/?post_type=product&#038;p=6802"},"modified":"2026-02-24T14:08:44","modified_gmt":"2026-02-24T19:08:44","slug":"moroccanoil-shampoing-frizz-control-70ml","status":"publish","type":"product","link":"https:\/\/absolutlaprairie.ca\/en\/product\/moroccanoil-shampoing-frizz-control-70ml\/","title":{"rendered":"Moroccanoil &#8211; Shampoing Frizz Control (70ml)"},"content":{"rendered":"<p><b>Description\u00a0:\u00a0<\/b>Un shampoing doux et nourrissant pour combattre les frisottis, les m\u00e8ches rebelles et l\u2019\u00e9lectricit\u00e9 statique tout en prot\u00e9geant les cheveux contre les effets de l\u2019humidit\u00e9.<\/p>\n<p><b>Type de cheveux\u00a0:<\/b>\u00a0Raides, ondul\u00e9s, fris\u00e9s et boucl\u00e9s<\/p>\n<p><b>Texture des cheveux\u00a0:<\/b>\u00a0Fins, moyens et \u00e9pais<\/p>\n<p><b>Probl\u00e8mes de cheveux\u00a0:<br \/>\n<\/b>\u2013\u00a0Frisottis<br \/>\n\u2013\u00a0Brillance<\/p>\n<p><b>Principaux bienfaits\u00a0:<br \/>\n<\/b>\u2013 R\u00e9duit les frisottis, les m\u00e8ches rebelles et l\u2019\u00e9lectricit\u00e9 statique<br \/>\n\u2013\u00a0Prot\u00e8ge de l\u2019humidit\u00e9<br \/>\n\u2013\u00a0Rehausse la douceur et la brillance<\/p>\n<p><b>Ingr\u00e9dients vedettes\u00a0:<br \/>\n<\/b>\u2013\u00a0Huile d\u2019argan\u00a0: Nourrit, rehausse la maniabilit\u00e9 et r\u00e9duit les frisottis.<br \/>\n&#8211; Extract jacquier\u00a0: Hydrate les cheveux pour une r\u00e9sistance accrue aux frisottis.<br \/>\n&#8211; Huile d\u2019amaranthe\u00a0: Se lie \u00e0 la fibre capillaire pour prot\u00e9ger sa structure de k\u00e9ratine.<\/p>\n<p><b>Informations sur les ingr\u00e9dients\u00a0:<\/b>\u00a0Sans parab\u00e8nes ni sulfates SLS et SLES. Produit non test\u00e9 sur les animaux.<\/p>\n<p><b>Information suppl\u00e9mentaire\u00a0:<\/b>\u00a0Ce shampoing doux anti-frisottis r\u00e9tablit la maniabilit\u00e9 et la brillance des cheveux ternes et sujets aux frisottis. L\u2019extrait de jacquier revaloris\u00e9 augmente la r\u00e9sistance aux frisottis et prot\u00e8ge contre les dommages, tandis que l\u2019extrait de nori et l\u2019huile d\u2019amarante renforcent et prot\u00e8gent la structure de k\u00e9ratine des cheveux.<\/p>\n<p><b>Description du parfum\u00a0:\u00a0<\/b>Parfum\u00e9s avec le parfum caract\u00e9ristique de Moroccanoil, un m\u00e9lange d\u2019ambre \u00e9pic\u00e9 et des notes de fleurs sucr\u00e9es.<b><br \/>\n<\/b><br \/>\n<b>R\u00e9sultats cliniques\u00a0:<\/b>\u00a0R\u00e9sultats fond\u00e9s sur une \u00e9tude clinique ind\u00e9pendante\u00a0:<br \/>\n\u2013\u00a0Procure un contr\u00f4le des frisottis pendant jusqu\u2019\u00e0 72\u00a0heures<br \/>\n\u2013\u00a0Prot\u00e8ge contre les frisottis jusqu\u2019\u00e0 90\u00a0% d\u2019humidit\u00e9<\/p>\n","protected":false},"excerpt":{"rendered":"<p>Description\u00a0:\u00a0Un shampoing doux et nourrissant pour combattre les frisottis, les m\u00e8ches rebelles et l\u2019\u00e9lectricit\u00e9 statique tout en prot\u00e9geant les cheveux contre les effets de l\u2019humidit\u00e9. Type de cheveux\u00a0:\u00a0Raides, ondul\u00e9s, fris\u00e9s et boucl\u00e9s Texture des cheveux\u00a0:\u00a0Fins, moyens et \u00e9pais Probl\u00e8mes de cheveux\u00a0: \u2013\u00a0Frisottis \u2013\u00a0Brillance Principaux bienfaits\u00a0: \u2013 R\u00e9duit les frisottis, les m\u00e8ches rebelles et l\u2019\u00e9lectricit\u00e9 statique [&hellip;]<\/p>\n","protected":false},"featured_media":6803,"comment_status":"open","ping_status":"closed","template":"","meta":{"_acf_changed":false,"_seopress_robots_primary_cat":"none","_seopress_titles_title":"","_seopress_titles_desc":"","_seopress_robots_index":""},"product_brand":[],"product_cat":[216,70],"product_tag":[111],"class_list":{"0":"post-6802","1":"product","2":"type-product","3":"status-publish","4":"has-post-thumbnail","6":"product_cat-moroccanoil","7":"product_cat-pommade-soins-pour-peau","8":"product_tag-shampooing","10":"first","11":"instock","12":"taxable","13":"shipping-taxable","14":"purchasable","15":"product-type-simple"},"acf":[],"_links":{"self":[{"href":"https:\/\/absolutlaprairie.ca\/en\/wp-json\/wp\/v2\/product\/6802","targetHints":{"allow":["GET"]}}],"collection":[{"href":"https:\/\/absolutlaprairie.ca\/en\/wp-json\/wp\/v2\/product"}],"about":[{"href":"https:\/\/absolutlaprairie.ca\/en\/wp-json\/wp\/v2\/types\/product"}],"replies":[{"embeddable":true,"href":"https:\/\/absolutlaprairie.ca\/en\/wp-json\/wp\/v2\/comments?post=6802"}],"wp:featuredmedia":[{"embeddable":true,"href":"https:\/\/absolutlaprairie.ca\/en\/wp-json\/wp\/v2\/media\/6803"}],"wp:attachment":[{"href":"https:\/\/absolutlaprairie.ca\/en\/wp-json\/wp\/v2\/media?parent=6802"}],"wp:term":[{"taxonomy":"product_brand","embeddable":true,"href":"https:\/\/absolutlaprairie.ca\/en\/wp-json\/wp\/v2\/product_brand?post=6802"},{"taxonomy":"product_cat","embeddable":true,"href":"https:\/\/absolutlaprairie.ca\/en\/wp-json\/wp\/v2\/product_cat?post=6802"},{"taxonomy":"product_tag","embeddable":true,"href":"https:\/\/absolutlaprairie.ca\/en\/wp-json\/wp\/v2\/product_tag?post=6802"}],"curies":[{"name":"wp","href":"https:\/\/api.w.org\/{rel}","templated":true}]}}