{"id":6794,"date":"2025-10-30T19:13:58","date_gmt":"2025-10-31T00:13:58","guid":{"rendered":"https:\/\/absolutlaprairie.ca\/?post_type=product&#038;p=6794"},"modified":"2025-10-30T19:22:48","modified_gmt":"2025-10-31T00:22:48","slug":"moroccanoil-argile-texturante-75ml","status":"publish","type":"product","link":"https:\/\/absolutlaprairie.ca\/en\/product\/moroccanoil-argile-texturante-75ml\/","title":{"rendered":"Moroccanoil &#8211; Argile texturante (75ml)"},"content":{"rendered":"<div class=\"css-1uzy5bx e15t7owz0\" data-comp=\"BaseComponent \">\n<p><b>\u00c0 quel type de texture de cheveux convient-il?<\/b><br \/>\n\u2714 Raide<br \/>\n\u2714 Ondul\u00e9s<br \/>\n\u2714 Boucl\u00e9s<br \/>\n\u2714 Torsad\u00e9s<\/p>\n<p><b>Type de cheveux\u00a0:\u00a0<\/b>Fins, moyens et \u00e9pais<\/p>\n<p><b>Probl\u00e8mes de cheveux\u00a0:<\/b><br \/>\n\u2013\u00a0Apporter du volume<br \/>\n\u2013\u00a0Maintien et prolongement de la coiffure<br \/>\n\u2013\u00a0Frisottis<\/p>\n<p><b>Description\u00a0:<\/b><br \/>\nUne argile facile \u00e0 travailler qui d\u00e9finit et sculpte pour cr\u00e9er des looks naturels avec un fini mat et une tenue forte.<\/p>\n<p><b>Principaux bienfaits\u00a0:<\/b><br \/>\n\u2013\u00a0Cette formule facile \u00e0 travailler vous permet d\u2019obtenir le niveau de texture d\u00e9sir\u00e9<br \/>\n\u2013\u00a0Tenue forte dot\u00e9e d\u2019un fini mat non collant<br \/>\n\u2013\u00a0Nourrit les cheveux gr\u00e2ce \u00e0 l\u2019huile d\u2019argan<\/p>\n<p><b>Compl\u00e9ment d\u2019information\u00a0:<\/b><br \/>\nLa cr\u00e8me Texture Clay de Moroccanoil\u00ae contient un m\u00e9lange d\u2019huile d\u2019argan, de beurre de karit\u00e9 et d\u2019argile bentonite pour cr\u00e9er des coiffures d\u00e9sordonn\u00e9es et d\u00e9structur\u00e9es. Cette formule dompte et ma\u00eetrise les frisottis toute la journ\u00e9e avec un fini ni gras ni collant. Elle laisse \u00e9galement le temps de sculpter la coiffure avant la fixation, vous permettant de modeler le niveau de texture d\u00e9sir\u00e9.<\/p>\n<p><b>Produit SANS\u00a0:<\/b><br \/>\n\u2013\u00a0Parab\u00e8nes<br \/>\n\u2013\u00a0Phtalates<\/p>\n<\/div>\n","protected":false},"excerpt":{"rendered":"<p>\u00c0 quel type de texture de cheveux convient-il? \u2714 Raide \u2714 Ondul\u00e9s \u2714 Boucl\u00e9s \u2714 Torsad\u00e9s Type de cheveux\u00a0:\u00a0Fins, moyens et \u00e9pais Probl\u00e8mes de cheveux\u00a0: \u2013\u00a0Apporter du volume \u2013\u00a0Maintien et prolongement de la coiffure \u2013\u00a0Frisottis Description\u00a0: Une argile facile \u00e0 travailler qui d\u00e9finit et sculpte pour cr\u00e9er des looks naturels avec un fini mat et [&hellip;]<\/p>\n","protected":false},"featured_media":6797,"comment_status":"open","ping_status":"closed","template":"","meta":{"_acf_changed":false,"_seopress_robots_primary_cat":"none","_seopress_titles_title":"","_seopress_titles_desc":"","_seopress_robots_index":""},"product_brand":[],"product_cat":[216,70],"product_tag":[],"class_list":{"0":"post-6794","1":"product","2":"type-product","3":"status-publish","4":"has-post-thumbnail","6":"product_cat-moroccanoil","7":"product_cat-pommade-soins-pour-peau","9":"first","10":"instock","11":"taxable","12":"shipping-taxable","13":"purchasable","14":"product-type-simple"},"acf":[],"_links":{"self":[{"href":"https:\/\/absolutlaprairie.ca\/en\/wp-json\/wp\/v2\/product\/6794","targetHints":{"allow":["GET"]}}],"collection":[{"href":"https:\/\/absolutlaprairie.ca\/en\/wp-json\/wp\/v2\/product"}],"about":[{"href":"https:\/\/absolutlaprairie.ca\/en\/wp-json\/wp\/v2\/types\/product"}],"replies":[{"embeddable":true,"href":"https:\/\/absolutlaprairie.ca\/en\/wp-json\/wp\/v2\/comments?post=6794"}],"wp:featuredmedia":[{"embeddable":true,"href":"https:\/\/absolutlaprairie.ca\/en\/wp-json\/wp\/v2\/media\/6797"}],"wp:attachment":[{"href":"https:\/\/absolutlaprairie.ca\/en\/wp-json\/wp\/v2\/media?parent=6794"}],"wp:term":[{"taxonomy":"product_brand","embeddable":true,"href":"https:\/\/absolutlaprairie.ca\/en\/wp-json\/wp\/v2\/product_brand?post=6794"},{"taxonomy":"product_cat","embeddable":true,"href":"https:\/\/absolutlaprairie.ca\/en\/wp-json\/wp\/v2\/product_cat?post=6794"},{"taxonomy":"product_tag","embeddable":true,"href":"https:\/\/absolutlaprairie.ca\/en\/wp-json\/wp\/v2\/product_tag?post=6794"}],"curies":[{"name":"wp","href":"https:\/\/api.w.org\/{rel}","templated":true}]}}