{"id":6789,"date":"2025-10-30T19:02:49","date_gmt":"2025-10-31T00:02:49","guid":{"rendered":"https:\/\/absolutlaprairie.ca\/?post_type=product&#038;p=6789"},"modified":"2025-10-30T19:09:59","modified_gmt":"2025-10-31T00:09:59","slug":"moroccanoil-vaporisateur-pour-texture-seche","status":"publish","type":"product","link":"https:\/\/absolutlaprairie.ca\/en\/product\/moroccanoil-vaporisateur-pour-texture-seche\/","title":{"rendered":"Moroccanoil &#8211; Vaporisateur pour texture s\u00e8che (205ml)"},"content":{"rendered":"<div class=\"css-1uzy5bx e15t7owz0\" data-comp=\"BaseComponent \">\n<div>\n<p><b>Description\u00a0:\u00a0<\/b>Un texturiseur sec infus\u00e9 d\u2019huile d\u2019argan pour des coiffures \u00e9bouriff\u00e9es \u00e0 l\u2019effet coiff\u00e9 d\u00e9coiff\u00e9 longue tenue avec du volume.<\/p>\n<p><b>Type de cheveux\u00a0:\u00a0<\/b>Fins, moyens et \u00e9pais<\/p>\n<p><b>Texture des cheveux\u00a0:\u00a0<\/b>boucl\u00e9e, fris\u00e9e, droite et ondul\u00e9e<\/p>\n<p><b>Probl\u00e8mes de cheveux\u00a0:<\/b><br \/>\n\u2013\u00a0Maintien et prolongement de la coiffure<br \/>\n\u2013\u00a0Apporter du volume<\/p>\n<p><b>Principaux bienfaits\u00a0:\u00a0<\/b>Contr\u00f4le la tenue, donne du volume et prot\u00e8ge la couleur<\/p>\n<p><b>Formule\u00a0:\u00a0<\/b>Vaporisateur<\/p>\n<p><b>Ingr\u00e9dients vedettes\u00a0:<\/b><br \/>\n\u2013\u00a0Huile d\u2019argan\u00a0: Restaure l\u2019\u00e9lasticit\u00e9, la douceur et facilite le coiffage.<br \/>\n\u2013\u00a0Z\u00e9olite\u00a0: Cr\u00e9e de la tenue, de la texture et absorbe les odeurs.<br \/>\n\u2013\u00a0Prot\u00e9ine de bl\u00e9 hydrolys\u00e9e\u00a0: Revitalise et hydrate le cheveu.<\/p>\n<p><b>Informations sur les ingr\u00e9dients\u00a0:<\/b>\u00a0Sans sulfates (SLS et SLES), parab\u00e8nes, formald\u00e9hydes, agents lib\u00e9rant des formald\u00e9hydes, phtalates, huile min\u00e9rale, palmitate de r\u00e9tinyle, oxybenzone, goudron de houille, hydroquinone, triclosan ni triclocarban. Ce produit se pr\u00e9sente \u00e9galement en emballage recyclable.<\/p>\n<p><b>Information suppl\u00e9mentaire\u00a0:\u00a0<\/b>Utilisez-le comme touche de finition pourdes coiffures coiff\u00e9es d\u00e9coiff\u00e9es ou comme vaporisateur de pr\u00e9paration pour offrir une prise antid\u00e9rapante pour les tresses et les chignons. La formule haute performance contient de la r\u00e9sine et de la z\u00e9olite pour former un lien flexible entre les m\u00e8ches, pour une tenue textur\u00e9e avec un fini doux et r\u00eache.<\/p>\n<\/div>\n<\/div>\n","protected":false},"excerpt":{"rendered":"<p>Description\u00a0:\u00a0Un texturiseur sec infus\u00e9 d\u2019huile d\u2019argan pour des coiffures \u00e9bouriff\u00e9es \u00e0 l\u2019effet coiff\u00e9 d\u00e9coiff\u00e9 longue tenue avec du volume. Type de cheveux\u00a0:\u00a0Fins, moyens et \u00e9pais Texture des cheveux\u00a0:\u00a0boucl\u00e9e, fris\u00e9e, droite et ondul\u00e9e Probl\u00e8mes de cheveux\u00a0: \u2013\u00a0Maintien et prolongement de la coiffure \u2013\u00a0Apporter du volume Principaux bienfaits\u00a0:\u00a0Contr\u00f4le la tenue, donne du volume et prot\u00e8ge la couleur [&hellip;]<\/p>\n","protected":false},"featured_media":6790,"comment_status":"open","ping_status":"closed","template":"","meta":{"_acf_changed":false,"_seopress_robots_primary_cat":"none","_seopress_titles_title":"","_seopress_titles_desc":"","_seopress_robots_index":""},"product_brand":[],"product_cat":[216,70],"product_tag":[],"class_list":{"0":"post-6789","1":"product","2":"type-product","3":"status-publish","4":"has-post-thumbnail","6":"product_cat-moroccanoil","7":"product_cat-pommade-soins-pour-peau","9":"first","10":"instock","11":"taxable","12":"shipping-taxable","13":"purchasable","14":"product-type-simple"},"acf":[],"_links":{"self":[{"href":"https:\/\/absolutlaprairie.ca\/en\/wp-json\/wp\/v2\/product\/6789","targetHints":{"allow":["GET"]}}],"collection":[{"href":"https:\/\/absolutlaprairie.ca\/en\/wp-json\/wp\/v2\/product"}],"about":[{"href":"https:\/\/absolutlaprairie.ca\/en\/wp-json\/wp\/v2\/types\/product"}],"replies":[{"embeddable":true,"href":"https:\/\/absolutlaprairie.ca\/en\/wp-json\/wp\/v2\/comments?post=6789"}],"wp:featuredmedia":[{"embeddable":true,"href":"https:\/\/absolutlaprairie.ca\/en\/wp-json\/wp\/v2\/media\/6790"}],"wp:attachment":[{"href":"https:\/\/absolutlaprairie.ca\/en\/wp-json\/wp\/v2\/media?parent=6789"}],"wp:term":[{"taxonomy":"product_brand","embeddable":true,"href":"https:\/\/absolutlaprairie.ca\/en\/wp-json\/wp\/v2\/product_brand?post=6789"},{"taxonomy":"product_cat","embeddable":true,"href":"https:\/\/absolutlaprairie.ca\/en\/wp-json\/wp\/v2\/product_cat?post=6789"},{"taxonomy":"product_tag","embeddable":true,"href":"https:\/\/absolutlaprairie.ca\/en\/wp-json\/wp\/v2\/product_tag?post=6789"}],"curies":[{"name":"wp","href":"https:\/\/api.w.org\/{rel}","templated":true}]}}