{"id":6783,"date":"2025-10-30T18:40:51","date_gmt":"2025-10-30T23:40:51","guid":{"rendered":"https:\/\/absolutlaprairie.ca\/?post_type=product&#038;p=6783"},"modified":"2025-10-30T18:42:31","modified_gmt":"2025-10-30T23:42:31","slug":"moroccanoil-huile-de-soin-pour-les-cheveux-50ml","status":"publish","type":"product","link":"https:\/\/absolutlaprairie.ca\/en\/product\/moroccanoil-huile-de-soin-pour-les-cheveux-50ml\/","title":{"rendered":"Moroccanoil &#8211; Huile de soin pour les cheveux (50ml)"},"content":{"rendered":"<p><strong>Description :\u00a0<\/strong>Un soin capillaire infus\u00e9 d\u2019huile d\u2019argan qui lisse les frisottis, d\u00e9m\u00eale, revitalise, prot\u00e8ge contre les dommages caus\u00e9s par la chaleur et augmente la brillance jusqu\u2019\u00e0 118 %.*<\/p>\n<p><strong>Type de cheveux\u00a0:<\/strong>\u00a0Moyen et \u00e9pais<\/p>\n<p><strong>Texture de cheveux\u00a0:\u00a0<\/strong>boucl\u00e9s, fris\u00e9s, droits et ondul\u00e9s<\/p>\n<p><strong>Probl\u00e8mes de cheveux\u00a0:<\/strong><\/p>\n<p>\u2013\u00a0Cheveux secs<\/p>\n<p>\u2013\u00a0Frisottis<\/p>\n<p>\u2013\u00a0Brillance<\/p>\n<p><strong>Principaux bienfaits\u00a0:<\/strong><\/p>\n<p>\u2013\u00a0Revitalise, adoucit et rehausse la brillance<\/p>\n<p>\u2013\u00a0D\u00e9m\u00eale et prot\u00e8ge contre les dommages caus\u00e9s par la chaleur*<\/p>\n<p>\u2013\u00a0Lisse les frisottis et les m\u00e8ches rebelles<\/p>\n<p><strong>Ingr\u00e9dients vedettes\u00a0:<\/strong><\/p>\n<p>\u2013\u00a0Huile d\u2019argan\u00a0: Riche en vitamine E et en antioxydants pour aider \u00e0 hydrater et nourrir les cheveux.<\/p>\n<p>\u2013\u00a0Extrait de graine de lin\u00a0: Un acide gras essentiel qui aide \u00e0 am\u00e9liorer la sant\u00e9 des cheveux.<\/p>\n<p><strong>Informations sur les ingr\u00e9dients\u00a0:<\/strong>\u00a0Sans parab\u00e8nes, formald\u00e9hydes, agents lib\u00e9rant des formald\u00e9hydes, phtalates, huile min\u00e9rale, palmitate de r\u00e9tinyle, oxybenzone, goudron de houille, hydroquinone, sulfates SLS et SLES, triclocarban et triclosan, et contient moins d\u2019un\u00a0pour\u00a0cent de parfum synth\u00e9tique. Il est \u00e9galement non test\u00e9 sur les animaux et est offert dans un emballage recyclable.<\/p>\n<p><strong>Information suppl\u00e9mentaire\u00a0:<\/strong>\u00a0L\u2019huile de soin pour les cheveux Moroccanoil est un soin pour les cheveux et un produit coiffant polyvalent qui s\u2019utilise sur les cheveux humides ou secs pour leur donner une apparence plus saine. Il est d\u00e9licatement parfum\u00e9 par la senteur embl\u00e9matique de Moroccanoil et vient dans une bouteille faire de verre recycl\u00e9 \u00e0 40\u00a0pour cent.<\/p>\n<p><strong>Description du parfum\u00a0:<\/strong>\u00a0Le parfum est un m\u00e9lange d\u2019ambre \u00e9pic\u00e9 et de notes florales et sucr\u00e9es.<\/p>\n<p><strong>R\u00e9sultats d\u2019\u00e9tudes\u00a0:<\/strong>\u00a0Selon une \u00e9tude ind\u00e9pendante, une seule application du soin pour cheveux Moroccanoil augmente la brillance des cheveux de 118\u00a0%.<\/p>\n<p>Le soin Moroccanoil est l\u2019huile capillaire num\u00e9ro\u00a01 aux \u00c9tats-Unis, selon The NPD Group\/U.S. Prestige Beauty Total Measured Market, Haircare Product Sales, Annual\u00a02021.<\/p>\n<p>Le soin Moroccanoil prot\u00e8ge contre les dommages caus\u00e9s par la chaleur, selon un test instrumental.<\/p>\n","protected":false},"excerpt":{"rendered":"<p>Description :\u00a0Un soin capillaire infus\u00e9 d\u2019huile d\u2019argan qui lisse les frisottis, d\u00e9m\u00eale, revitalise, prot\u00e8ge contre les dommages caus\u00e9s par la chaleur et augmente la brillance jusqu\u2019\u00e0 118 %.* Type de cheveux\u00a0:\u00a0Moyen et \u00e9pais Texture de cheveux\u00a0:\u00a0boucl\u00e9s, fris\u00e9s, droits et ondul\u00e9s Probl\u00e8mes de cheveux\u00a0: \u2013\u00a0Cheveux secs \u2013\u00a0Frisottis \u2013\u00a0Brillance Principaux bienfaits\u00a0: \u2013\u00a0Revitalise, adoucit et rehausse la brillance [&hellip;]<\/p>\n","protected":false},"featured_media":6784,"comment_status":"open","ping_status":"closed","template":"","meta":{"_acf_changed":false,"_seopress_robots_primary_cat":"none","_seopress_titles_title":"","_seopress_titles_desc":"","_seopress_robots_index":""},"product_brand":[],"product_cat":[216,70],"product_tag":[],"class_list":{"0":"post-6783","1":"product","2":"type-product","3":"status-publish","4":"has-post-thumbnail","6":"product_cat-moroccanoil","7":"product_cat-pommade-soins-pour-peau","9":"first","10":"instock","11":"taxable","12":"shipping-taxable","13":"purchasable","14":"product-type-simple"},"acf":[],"_links":{"self":[{"href":"https:\/\/absolutlaprairie.ca\/en\/wp-json\/wp\/v2\/product\/6783","targetHints":{"allow":["GET"]}}],"collection":[{"href":"https:\/\/absolutlaprairie.ca\/en\/wp-json\/wp\/v2\/product"}],"about":[{"href":"https:\/\/absolutlaprairie.ca\/en\/wp-json\/wp\/v2\/types\/product"}],"replies":[{"embeddable":true,"href":"https:\/\/absolutlaprairie.ca\/en\/wp-json\/wp\/v2\/comments?post=6783"}],"wp:featuredmedia":[{"embeddable":true,"href":"https:\/\/absolutlaprairie.ca\/en\/wp-json\/wp\/v2\/media\/6784"}],"wp:attachment":[{"href":"https:\/\/absolutlaprairie.ca\/en\/wp-json\/wp\/v2\/media?parent=6783"}],"wp:term":[{"taxonomy":"product_brand","embeddable":true,"href":"https:\/\/absolutlaprairie.ca\/en\/wp-json\/wp\/v2\/product_brand?post=6783"},{"taxonomy":"product_cat","embeddable":true,"href":"https:\/\/absolutlaprairie.ca\/en\/wp-json\/wp\/v2\/product_cat?post=6783"},{"taxonomy":"product_tag","embeddable":true,"href":"https:\/\/absolutlaprairie.ca\/en\/wp-json\/wp\/v2\/product_tag?post=6783"}],"curies":[{"name":"wp","href":"https:\/\/api.w.org\/{rel}","templated":true}]}}