{"id":6765,"date":"2025-10-30T18:15:38","date_gmt":"2025-10-30T23:15:38","guid":{"rendered":"https:\/\/absolutlaprairie.ca\/?post_type=product&#038;p=6765"},"modified":"2025-10-30T18:17:08","modified_gmt":"2025-10-30T23:17:08","slug":"moroccanoil-dahlia-rouge-creme-pour-les-mains-100ml","status":"publish","type":"product","link":"https:\/\/absolutlaprairie.ca\/en\/product\/moroccanoil-dahlia-rouge-creme-pour-les-mains-100ml\/","title":{"rendered":"Moroccanoil &#8211; Dahlia Rouge Cr\u00e8me pour les mains (100ml)"},"content":{"rendered":"<p><b>Description\u00a0:\u00a0<\/b>Un hydratant \u00e0 absorption rapide qui nourrit intens\u00e9ment les mains, les ongles et les cuticules.<\/p>\n<p><b>Type de peau\u00a0:<\/b>\u00a0Normale, s\u00e8che, mixte et grasse<\/p>\n<p><b>Probl\u00e8mes de peau\u00a0:<\/b>\u00a0Peau s\u00e8che<\/p>\n<p><b>Formule\u00a0:<\/b>\u00a0Cr\u00e8me<\/p>\n<p><b>Ingr\u00e9dients vedettes\u00a0:<br \/>\n<\/b>\u2013\u00a0Huile d\u2019argan\u00a0: Riche en antioxydants, hydrate et nourrit la peau.<br \/>\n\u2013\u00a0Acide hyaluronique\u00a0: Aide \u00e0 hydrater, \u00e0 am\u00e9liorer la souplesse et \u00e0 r\u00e9duire l\u2019apparence des ridules s\u00e8ches.<br \/>\n\u2013\u00a0Beurres de karit\u00e9 et de noix de coco\u00a0: Conserve l\u2019hydratation et soutient la barri\u00e8re cutan\u00e9e.<\/p>\n<p><b>Informations sur les ingr\u00e9dients\u00a0:<\/b>\u00a0Sans parab\u00e8nes ni huile min\u00e9rale. Il est \u00e9galement non test\u00e9 sur les animaux et est offert dans un emballage recyclable.<\/p>\n<p><b>Information suppl\u00e9mentaire\u00a0:<\/b>\u00a0Cette formule prestigieuse et non grasse fond au contact pour nourrir et adoucir intens\u00e9ment. Il contient de l\u2019acide hyaluronique, qui attire et emprisonne l\u2019humidit\u00e9, tandis que l\u2019huile d\u2019argan riche en antioxydants et le m\u00e9lange de beurres de cacao et de karit\u00e9 laissent la peau douce et soyeuse.<\/p>\n","protected":false},"excerpt":{"rendered":"<p>Description\u00a0:\u00a0Un hydratant \u00e0 absorption rapide qui nourrit intens\u00e9ment les mains, les ongles et les cuticules. Type de peau\u00a0:\u00a0Normale, s\u00e8che, mixte et grasse Probl\u00e8mes de peau\u00a0:\u00a0Peau s\u00e8che Formule\u00a0:\u00a0Cr\u00e8me Ingr\u00e9dients vedettes\u00a0: \u2013\u00a0Huile d\u2019argan\u00a0: Riche en antioxydants, hydrate et nourrit la peau. \u2013\u00a0Acide hyaluronique\u00a0: Aide \u00e0 hydrater, \u00e0 am\u00e9liorer la souplesse et \u00e0 r\u00e9duire l\u2019apparence des ridules s\u00e8ches. [&hellip;]<\/p>\n","protected":false},"featured_media":6763,"comment_status":"open","ping_status":"closed","template":"","meta":{"_acf_changed":false,"_seopress_robots_primary_cat":"none","_seopress_titles_title":"","_seopress_titles_desc":"","_seopress_robots_index":""},"product_brand":[],"product_cat":[216,70],"product_tag":[],"class_list":{"0":"post-6765","1":"product","2":"type-product","3":"status-publish","4":"has-post-thumbnail","6":"product_cat-moroccanoil","7":"product_cat-pommade-soins-pour-peau","9":"first","10":"instock","11":"taxable","12":"shipping-taxable","13":"purchasable","14":"product-type-simple"},"acf":[],"_links":{"self":[{"href":"https:\/\/absolutlaprairie.ca\/en\/wp-json\/wp\/v2\/product\/6765","targetHints":{"allow":["GET"]}}],"collection":[{"href":"https:\/\/absolutlaprairie.ca\/en\/wp-json\/wp\/v2\/product"}],"about":[{"href":"https:\/\/absolutlaprairie.ca\/en\/wp-json\/wp\/v2\/types\/product"}],"replies":[{"embeddable":true,"href":"https:\/\/absolutlaprairie.ca\/en\/wp-json\/wp\/v2\/comments?post=6765"}],"wp:featuredmedia":[{"embeddable":true,"href":"https:\/\/absolutlaprairie.ca\/en\/wp-json\/wp\/v2\/media\/6763"}],"wp:attachment":[{"href":"https:\/\/absolutlaprairie.ca\/en\/wp-json\/wp\/v2\/media?parent=6765"}],"wp:term":[{"taxonomy":"product_brand","embeddable":true,"href":"https:\/\/absolutlaprairie.ca\/en\/wp-json\/wp\/v2\/product_brand?post=6765"},{"taxonomy":"product_cat","embeddable":true,"href":"https:\/\/absolutlaprairie.ca\/en\/wp-json\/wp\/v2\/product_cat?post=6765"},{"taxonomy":"product_tag","embeddable":true,"href":"https:\/\/absolutlaprairie.ca\/en\/wp-json\/wp\/v2\/product_tag?post=6765"}],"curies":[{"name":"wp","href":"https:\/\/api.w.org\/{rel}","templated":true}]}}