{"id":6743,"date":"2025-10-28T19:11:44","date_gmt":"2025-10-29T00:11:44","guid":{"rendered":"https:\/\/absolutlaprairie.ca\/?post_type=product&#038;p=6743"},"modified":"2025-10-29T18:29:26","modified_gmt":"2025-10-29T23:29:26","slug":"moroccanoil-soin-du-cuir-chevelu-gras-45ml","status":"publish","type":"product","link":"https:\/\/absolutlaprairie.ca\/en\/product\/moroccanoil-soin-du-cuir-chevelu-gras-45ml\/","title":{"rendered":"Moroccanoil &#8211; Soin du cuir chevelu gras (45ml)"},"content":{"rendered":"<div class=\"css-1uzy5bx e15t7owz0\" data-comp=\"BaseComponent \">\n<div>\n<p><b>Description\u00a0:\u00a0<\/b>Un s\u00e9rum pr\u00e9shampoing de cinq minutes pour purifier, revitaliser et r\u00e9\u00e9quilibrer les cuirs chevelus gras.<\/p>\n<p><b>Type de cheveux\u00a0:<\/b>\u00a0Fins et moyens<\/p>\n<p><b>Texture de cheveux\u00a0:\u00a0<\/b>boucl\u00e9s, fris\u00e9s, droits et ondul\u00e9s<\/p>\n<p><b>Probl\u00e8mes de cheveux\u00a0:<br \/>\n<\/b>\u2013\u00a0Accumulation sur le cuir chevelu<br \/>\n\u2013\u00a0Cuir chevelu gras<\/p>\n<p><b>Principaux bienfaits\u00a0:<br \/>\n<\/b>-Nettoie les impuret\u00e9s pour un soulagement rapide<br \/>\n-\u00c9limine l\u2019huile du cuir chevelu, la sueur et l\u2019accumulation<br \/>\n-Prot\u00e8ge contre les d\u00e9balancements futurs<\/p>\n<p><b>Ingr\u00e9dients vedettes\u00a0:<br \/>\n<\/b>\u2013\u00a0Huile d\u2019argan\u00a0: Une huile naturelle riche en antioxydants qui nourrit les cheveux et le cuir chevelu.<br \/>\n-Huile de racine de gingembre\u00a0: Stimule le cuir chevelu et minimise l\u2019exc\u00e8s d\u2019huile.<br \/>\n-Complexe de peptides biotine\u00a0: Favorise la sant\u00e9 des follicules pileux.<\/p>\n<p><b>Informations sur les ingr\u00e9dients\u00a0:<\/b>\u00a0Sans parab\u00e8nes, huile min\u00e9rale, palmitate de r\u00e9tinyle, oxybenzone, goudron de houille, hydroquinone, sulfates SLS et SLES ni triclosan. En prime, il se pr\u00e9sente dans un emballage recyclable.<\/p>\n<p><b>Information suppl\u00e9mentaire\u00a0:<\/b>\u00a0Le soin pour cuir chevelu gras \u00e9limine les impuret\u00e9s avec de la racine de gingembre, des peptides biotine, de la lavande et de l\u2019huile d\u2019argan, tout en revitalisant le cuir chevelu et les follicules des cheveux avec des peptides biotine. Les cheveux ont l\u2019air \u00e9quilibr\u00e9s et sains.<\/p>\n<p><b>Description du parfum\u00a0:\u00a0<\/b>L\u2019ar\u00f4me naturel contient un m\u00e9lange de lavande et de g\u00e9raniums profond\u00e9ment relaxant.<b><br \/>\n<\/b><br \/>\n<b>R\u00e9sultats cliniques\u00a0:<\/b>\u00a0Dans le cadre d\u2019une \u00e9tude sur la perception des consommateurs men\u00e9e aupr\u00e8s de 50\u00a0r\u00e9pondants, apr\u00e8s seulement deux semaines\u00a0:<br \/>\n-96\u00a0% des r\u00e9pondants ont dit que les cheveux \u00e9taient moins alourdis par la graisse, les huiles et les r\u00e9sidus<br \/>\n-94\u00a0% des r\u00e9pondants ont dit que le cuir chevelu \u00e9tait moins gras<br \/>\n-92 % des r\u00e9pondants ont dit que le cuir chevelu \u00e9tait plus confortable avec le temps<\/p>\n<\/div>\n<\/div>\n","protected":false},"excerpt":{"rendered":"<p>Description\u00a0:\u00a0Un s\u00e9rum pr\u00e9shampoing de cinq minutes pour purifier, revitaliser et r\u00e9\u00e9quilibrer les cuirs chevelus gras. Type de cheveux\u00a0:\u00a0Fins et moyens Texture de cheveux\u00a0:\u00a0boucl\u00e9s, fris\u00e9s, droits et ondul\u00e9s Probl\u00e8mes de cheveux\u00a0: \u2013\u00a0Accumulation sur le cuir chevelu \u2013\u00a0Cuir chevelu gras Principaux bienfaits\u00a0: -Nettoie les impuret\u00e9s pour un soulagement rapide -\u00c9limine l\u2019huile du cuir chevelu, la sueur et [&hellip;]<\/p>\n","protected":false},"featured_media":6744,"comment_status":"open","ping_status":"closed","template":"","meta":{"_acf_changed":false,"_seopress_robots_primary_cat":"none","_seopress_titles_title":"","_seopress_titles_desc":"","_seopress_robots_index":""},"product_brand":[],"product_cat":[216,70],"product_tag":[],"class_list":{"0":"post-6743","1":"product","2":"type-product","3":"status-publish","4":"has-post-thumbnail","6":"product_cat-moroccanoil","7":"product_cat-pommade-soins-pour-peau","9":"first","10":"instock","11":"taxable","12":"shipping-taxable","13":"purchasable","14":"product-type-simple"},"acf":[],"_links":{"self":[{"href":"https:\/\/absolutlaprairie.ca\/en\/wp-json\/wp\/v2\/product\/6743","targetHints":{"allow":["GET"]}}],"collection":[{"href":"https:\/\/absolutlaprairie.ca\/en\/wp-json\/wp\/v2\/product"}],"about":[{"href":"https:\/\/absolutlaprairie.ca\/en\/wp-json\/wp\/v2\/types\/product"}],"replies":[{"embeddable":true,"href":"https:\/\/absolutlaprairie.ca\/en\/wp-json\/wp\/v2\/comments?post=6743"}],"wp:featuredmedia":[{"embeddable":true,"href":"https:\/\/absolutlaprairie.ca\/en\/wp-json\/wp\/v2\/media\/6744"}],"wp:attachment":[{"href":"https:\/\/absolutlaprairie.ca\/en\/wp-json\/wp\/v2\/media?parent=6743"}],"wp:term":[{"taxonomy":"product_brand","embeddable":true,"href":"https:\/\/absolutlaprairie.ca\/en\/wp-json\/wp\/v2\/product_brand?post=6743"},{"taxonomy":"product_cat","embeddable":true,"href":"https:\/\/absolutlaprairie.ca\/en\/wp-json\/wp\/v2\/product_cat?post=6743"},{"taxonomy":"product_tag","embeddable":true,"href":"https:\/\/absolutlaprairie.ca\/en\/wp-json\/wp\/v2\/product_tag?post=6743"}],"curies":[{"name":"wp","href":"https:\/\/api.w.org\/{rel}","templated":true}]}}