{"id":6718,"date":"2025-10-28T18:41:31","date_gmt":"2025-10-28T23:41:31","guid":{"rendered":"https:\/\/absolutlaprairie.ca\/?post_type=product&#038;p=6718"},"modified":"2025-10-29T18:35:40","modified_gmt":"2025-10-29T23:35:40","slug":"moroccanoil-nettoyant-pour-les-mains-360ml","status":"publish","type":"product","link":"https:\/\/absolutlaprairie.ca\/en\/product\/moroccanoil-nettoyant-pour-les-mains-360ml\/","title":{"rendered":"Moroccanoil &#8211; Nettoyant pour les mains (360ml)"},"content":{"rendered":"<p><b>Description\u00a0:\u00a0<\/b>Un prestigieux nettoyant pour les mains, inspir\u00e9 des soins de la peau, qui nettoie en douceur mais efficacement, infus\u00e9 d\u2019huile d\u2019argan pour hydrater et d\u2019acide hyaluronique pour fixer l\u2019humidit\u00e9.<br \/>\n<b><br \/>\nType de peau\u00a0:<\/b>\u00a0Normale, s\u00e8che, mixte et grasse<\/p>\n<p><b>Probl\u00e8mes de peau\u00a0:<\/b>\u00a0Peau s\u00e8che<\/p>\n<p><b>Formule\u00a0:<\/b>\u00a0Gel l\u00e9ger<\/p>\n<p><b>Ingr\u00e9dients vedettes\u00a0:<br \/>\n<\/b>\u2013\u00a0Huile d\u2019argan\u00a0: Riche en antioxydants et aide \u00e0 hydrater et nourrir.<br \/>\n\u2013\u00a0Acide hyaluronique\u00a0: Aide \u00e0 hydrater, \u00e0 am\u00e9liorer la souplesse et \u00e0 r\u00e9duire l\u2019apparence des lignes fines et s\u00e8ches.<br \/>\n\u2013\u00a0Glyc\u00e9rine\u00a0: Aide \u00e0 raffermir l\u2019apparence de la peau et procure une hydratation durable.<\/p>\n<p><b>Informations sur les ingr\u00e9dients\u00a0:<\/b>\u00a0Sans parab\u00e8nes, huile min\u00e9rale, ni sulfates SLS et SLES. En prime, il se pr\u00e9sente dans un emballage recyclable.<\/p>\n<p><b>Information suppl\u00e9mentaire\u00a0:<\/b>\u00a0Ce liquide hydratant pour les mains nettoie et nourrit en douceur mais efficacement. Formul\u00e9 avec des ingr\u00e9dients inspir\u00e9s des soins de la peau, notamment de l\u2019huile d\u2019argan riche en antioxydants, de l\u2019acide hyaluronique pour am\u00e9liorer la souplesse et de la glyc\u00e9rine pour aider \u00e0 resserrer l\u2019aspect de la peau, ce nettoyant pour les mains est disponible en six\u00a0parfums d\u2019inspiration m\u00e9diterran\u00e9enne.<\/p>\n","protected":false},"excerpt":{"rendered":"<p>Description\u00a0:\u00a0Un prestigieux nettoyant pour les mains, inspir\u00e9 des soins de la peau, qui nettoie en douceur mais efficacement, infus\u00e9 d\u2019huile d\u2019argan pour hydrater et d\u2019acide hyaluronique pour fixer l\u2019humidit\u00e9. Type de peau\u00a0:\u00a0Normale, s\u00e8che, mixte et grasse Probl\u00e8mes de peau\u00a0:\u00a0Peau s\u00e8che Formule\u00a0:\u00a0Gel l\u00e9ger Ingr\u00e9dients vedettes\u00a0: \u2013\u00a0Huile d\u2019argan\u00a0: Riche en antioxydants et aide \u00e0 hydrater et nourrir. [&hellip;]<\/p>\n","protected":false},"featured_media":6719,"comment_status":"open","ping_status":"closed","template":"","meta":{"_acf_changed":false,"_seopress_robots_primary_cat":"none","_seopress_titles_title":"","_seopress_titles_desc":"","_seopress_robots_index":""},"product_brand":[],"product_cat":[216,70],"product_tag":[],"class_list":{"0":"post-6718","1":"product","2":"type-product","3":"status-publish","4":"has-post-thumbnail","6":"product_cat-moroccanoil","7":"product_cat-pommade-soins-pour-peau","9":"first","10":"instock","11":"taxable","12":"shipping-taxable","13":"purchasable","14":"product-type-simple"},"acf":[],"_links":{"self":[{"href":"https:\/\/absolutlaprairie.ca\/en\/wp-json\/wp\/v2\/product\/6718","targetHints":{"allow":["GET"]}}],"collection":[{"href":"https:\/\/absolutlaprairie.ca\/en\/wp-json\/wp\/v2\/product"}],"about":[{"href":"https:\/\/absolutlaprairie.ca\/en\/wp-json\/wp\/v2\/types\/product"}],"replies":[{"embeddable":true,"href":"https:\/\/absolutlaprairie.ca\/en\/wp-json\/wp\/v2\/comments?post=6718"}],"wp:featuredmedia":[{"embeddable":true,"href":"https:\/\/absolutlaprairie.ca\/en\/wp-json\/wp\/v2\/media\/6719"}],"wp:attachment":[{"href":"https:\/\/absolutlaprairie.ca\/en\/wp-json\/wp\/v2\/media?parent=6718"}],"wp:term":[{"taxonomy":"product_brand","embeddable":true,"href":"https:\/\/absolutlaprairie.ca\/en\/wp-json\/wp\/v2\/product_brand?post=6718"},{"taxonomy":"product_cat","embeddable":true,"href":"https:\/\/absolutlaprairie.ca\/en\/wp-json\/wp\/v2\/product_cat?post=6718"},{"taxonomy":"product_tag","embeddable":true,"href":"https:\/\/absolutlaprairie.ca\/en\/wp-json\/wp\/v2\/product_tag?post=6718"}],"curies":[{"name":"wp","href":"https:\/\/api.w.org\/{rel}","templated":true}]}}