{"id":6715,"date":"2025-10-28T18:37:10","date_gmt":"2025-10-28T23:37:10","guid":{"rendered":"https:\/\/absolutlaprairie.ca\/?post_type=product&#038;p=6715"},"modified":"2025-10-29T18:36:24","modified_gmt":"2025-10-29T23:36:24","slug":"moroccanoil-lotion-pour-les-mains-fragrance-originale-360ml","status":"publish","type":"product","link":"https:\/\/absolutlaprairie.ca\/en\/product\/moroccanoil-lotion-pour-les-mains-fragrance-originale-360ml\/","title":{"rendered":"Moroccanoil &#8211; Lotion pour les mains Fragrance Originale (360ml)"},"content":{"rendered":"<h2>Lotion pour les mains &#8220;Hand Lotion&#8221;<\/h2>\n<p>Nourrissez d\u00e9licatement vos mains et vos cuticules avec la lotion pour les mains &#8220;Hand Lotion&#8221; de Moroccanoil. Sa formule l\u00e9g\u00e8re et soyeuse, enrichie en huile d&#8217;argan et en squalane v\u00e9g\u00e9tal, p\u00e9n\u00e8tre rapidement pour hydrater en profondeur et am\u00e9liorer la texture de la peau. D\u00e8s l&#8217;application, vos mains sont plus douces, souples et d\u00e9licatement parfum\u00e9es de l&#8217;ar\u00f4me iconique de Moroccanoil, sans laisser de film gras d\u00e9sagr\u00e9able.<\/p>\n<h2>Avantages<\/h2>\n<ul>\n<li>Hydratant l\u00e9ger et agr\u00e9able pour les mains et les cuticules<\/li>\n<li>Procure 88 % plus d\u2019hydratation apr\u00e8s une utilisation<\/li>\n<li>Absorb\u00e9e rapidement sans laisser de sensation grasse<\/li>\n<li>Bouteille \u00e0 pompe pratique pour une utilisation facile<\/li>\n<\/ul>\n","protected":false},"excerpt":{"rendered":"<p>Lotion pour les mains &#8220;Hand Lotion&#8221; Nourrissez d\u00e9licatement vos mains et vos cuticules avec la lotion pour les mains &#8220;Hand Lotion&#8221; de Moroccanoil. Sa formule l\u00e9g\u00e8re et soyeuse, enrichie en huile d&#8217;argan et en squalane v\u00e9g\u00e9tal, p\u00e9n\u00e8tre rapidement pour hydrater en profondeur et am\u00e9liorer la texture de la peau. D\u00e8s l&#8217;application, vos mains sont plus [&hellip;]<\/p>\n","protected":false},"featured_media":6716,"comment_status":"open","ping_status":"closed","template":"","meta":{"_acf_changed":false,"_seopress_robots_primary_cat":"none","_seopress_titles_title":"","_seopress_titles_desc":"","_seopress_robots_index":""},"product_brand":[],"product_cat":[216,70],"product_tag":[],"class_list":{"0":"post-6715","1":"product","2":"type-product","3":"status-publish","4":"has-post-thumbnail","6":"product_cat-moroccanoil","7":"product_cat-pommade-soins-pour-peau","9":"first","10":"instock","11":"taxable","12":"shipping-taxable","13":"purchasable","14":"product-type-simple"},"acf":[],"_links":{"self":[{"href":"https:\/\/absolutlaprairie.ca\/en\/wp-json\/wp\/v2\/product\/6715","targetHints":{"allow":["GET"]}}],"collection":[{"href":"https:\/\/absolutlaprairie.ca\/en\/wp-json\/wp\/v2\/product"}],"about":[{"href":"https:\/\/absolutlaprairie.ca\/en\/wp-json\/wp\/v2\/types\/product"}],"replies":[{"embeddable":true,"href":"https:\/\/absolutlaprairie.ca\/en\/wp-json\/wp\/v2\/comments?post=6715"}],"wp:featuredmedia":[{"embeddable":true,"href":"https:\/\/absolutlaprairie.ca\/en\/wp-json\/wp\/v2\/media\/6716"}],"wp:attachment":[{"href":"https:\/\/absolutlaprairie.ca\/en\/wp-json\/wp\/v2\/media?parent=6715"}],"wp:term":[{"taxonomy":"product_brand","embeddable":true,"href":"https:\/\/absolutlaprairie.ca\/en\/wp-json\/wp\/v2\/product_brand?post=6715"},{"taxonomy":"product_cat","embeddable":true,"href":"https:\/\/absolutlaprairie.ca\/en\/wp-json\/wp\/v2\/product_cat?post=6715"},{"taxonomy":"product_tag","embeddable":true,"href":"https:\/\/absolutlaprairie.ca\/en\/wp-json\/wp\/v2\/product_tag?post=6715"}],"curies":[{"name":"wp","href":"https:\/\/api.w.org\/{rel}","templated":true}]}}