{"id":6695,"date":"2025-10-28T18:14:04","date_gmt":"2025-10-28T23:14:04","guid":{"rendered":"https:\/\/absolutlaprairie.ca\/?post_type=product&#038;p=6695"},"modified":"2025-10-29T18:39:34","modified_gmt":"2025-10-29T23:39:34","slug":"moroccanoil-lotion-hydratante-pour-le-corps-360ml","status":"publish","type":"product","link":"https:\/\/absolutlaprairie.ca\/en\/product\/moroccanoil-lotion-hydratante-pour-le-corps-360ml\/","title":{"rendered":"Moroccanoil &#8211; Lotion hydratante pour le corps (360ml)"},"content":{"rendered":"<p><b>Description\u00a0:\u00a0<\/b>Une lotion l\u00e9g\u00e8re, \u00e0 absorption rapide, avec un m\u00e9lange d\u2019huiles hydratantes qui laisse la peau plus douce, plus lisse et plus radieuse.<br \/>\n<b><br \/>\nType de peau\u00a0:<\/b>\u00a0Normale, s\u00e8che, mixte et grasse<\/p>\n<p><b>Probl\u00e8mes de peau\u00a0:<\/b>\u00a0Peau s\u00e8che, peau terne et texture irr\u00e9guli\u00e8re<\/p>\n<p><b>Formule\u00a0:<\/b>\u00a0Liquide l\u00e9g\u00e8re<\/p>\n<p><b>Ingr\u00e9dients vedettes\u00a0:<br \/>\n<\/b>\u2013\u00a0Huile d\u2019argan\u00a0: Contient des antioxydants riches et aide \u00e0 hydrater et nourrir la peau.<br \/>\n\u2013\u00a0Extrait de feuille d\u2019alo\u00e8s\u00a0: Un extrait naturellement refroidissant qui nourrit.<br \/>\n\u2013\u00a0Huile de tsubaki\u00a0: Aide \u00e0 renforcer et \u00e0 raffermir l\u2019apparence de la peau.<\/p>\n<p><b>Informations sur les ingr\u00e9dients\u00a0:<\/b>\u00a0Sans parab\u00e8nes ni huile min\u00e9rale. De plus, ce produit est offert dans un emballage recyclable.<\/p>\n<p><b>Information suppl\u00e9mentaire\u00a0:<\/b>\u00a0Cet hydratant quotidien ultra-l\u00e9ger contient un m\u00e9lange d\u2019huiles d\u2019argan, de tsubaki et d\u2019onagre hydratantes, ainsi qu\u2019un extrait de feuille d\u2019alo\u00e8s refroidissant. Il p\u00e9n\u00e8tre dans la peau pour une hydratation imm\u00e9diate qui favorise une apparence et une sensation plus douces, plus lisses et plus \u00e9clatantes. Il est disponible en six parfums d\u2019inspiration m\u00e9diterran\u00e9enne.<\/p>\n","protected":false},"excerpt":{"rendered":"<p><b>Description\u00a0:\u00a0<\/b>Une lotion l\u00e9g\u00e8re, \u00e0 absorption rapide, avec un m\u00e9lange d\u2019huiles hydratantes qui laisse la peau plus douce, plus lisse et plus radieuse.<br \/>\n<b><br \/>\nType de peau\u00a0:<\/b>\u00a0Normale, s\u00e8che, mixte et grasse<\/p>\n<p><b>Probl\u00e8mes de peau\u00a0:<\/b>\u00a0Peau s\u00e8che, peau terne et texture irr\u00e9guli\u00e8re<\/p>\n<p><b>Formule\u00a0:<\/b>\u00a0Liquide l\u00e9g\u00e8re<\/p>\n<p><b>Ingr\u00e9dients vedettes\u00a0:<br \/>\n<\/b>\u2013\u00a0Huile d\u2019argan\u00a0: Contient des antioxydants riches et aide \u00e0 hydrater et nourrir la peau.<br \/>\n\u2013\u00a0Extrait de feuille d\u2019alo\u00e8s\u00a0: Un extrait naturellement refroidissant qui nourrit.<br \/>\n\u2013\u00a0Huile de tsubaki\u00a0: Aide \u00e0 renforcer et \u00e0 raffermir l\u2019apparence de la peau.<\/p>\n<p><b>Informations sur les ingr\u00e9dients\u00a0:<\/b>\u00a0Sans parab\u00e8nes ni huile min\u00e9rale. De plus, ce produit est offert dans un emballage recyclable.<\/p>\n<p><b>Information suppl\u00e9mentaire\u00a0:<\/b>\u00a0Cet hydratant quotidien ultra-l\u00e9ger contient un m\u00e9lange d\u2019huiles d\u2019argan, de tsubaki et d\u2019onagre hydratantes, ainsi qu\u2019un extrait de feuille d\u2019alo\u00e8s refroidissant. Il p\u00e9n\u00e8tre dans la peau pour une hydratation imm\u00e9diate qui favorise une apparence et une sensation plus douces, plus lisses et plus \u00e9clatantes. Il est disponible en six parfums d\u2019inspiration m\u00e9diterran\u00e9enne.<\/p>\n","protected":false},"featured_media":6698,"comment_status":"open","ping_status":"closed","template":"","meta":{"_acf_changed":false,"_seopress_robots_primary_cat":"none","_seopress_titles_title":"","_seopress_titles_desc":"","_seopress_robots_index":""},"product_brand":[],"product_cat":[216,70],"product_tag":[],"class_list":{"0":"post-6695","1":"product","2":"type-product","3":"status-publish","4":"has-post-thumbnail","6":"product_cat-moroccanoil","7":"product_cat-pommade-soins-pour-peau","9":"first","10":"instock","11":"taxable","12":"shipping-taxable","13":"purchasable","14":"product-type-simple"},"acf":[],"_links":{"self":[{"href":"https:\/\/absolutlaprairie.ca\/en\/wp-json\/wp\/v2\/product\/6695","targetHints":{"allow":["GET"]}}],"collection":[{"href":"https:\/\/absolutlaprairie.ca\/en\/wp-json\/wp\/v2\/product"}],"about":[{"href":"https:\/\/absolutlaprairie.ca\/en\/wp-json\/wp\/v2\/types\/product"}],"replies":[{"embeddable":true,"href":"https:\/\/absolutlaprairie.ca\/en\/wp-json\/wp\/v2\/comments?post=6695"}],"wp:featuredmedia":[{"embeddable":true,"href":"https:\/\/absolutlaprairie.ca\/en\/wp-json\/wp\/v2\/media\/6698"}],"wp:attachment":[{"href":"https:\/\/absolutlaprairie.ca\/en\/wp-json\/wp\/v2\/media?parent=6695"}],"wp:term":[{"taxonomy":"product_brand","embeddable":true,"href":"https:\/\/absolutlaprairie.ca\/en\/wp-json\/wp\/v2\/product_brand?post=6695"},{"taxonomy":"product_cat","embeddable":true,"href":"https:\/\/absolutlaprairie.ca\/en\/wp-json\/wp\/v2\/product_cat?post=6695"},{"taxonomy":"product_tag","embeddable":true,"href":"https:\/\/absolutlaprairie.ca\/en\/wp-json\/wp\/v2\/product_tag?post=6695"}],"curies":[{"name":"wp","href":"https:\/\/api.w.org\/{rel}","templated":true}]}}