{"id":6631,"date":"2025-09-08T13:50:27","date_gmt":"2025-09-08T18:50:27","guid":{"rendered":"https:\/\/absolutlaprairie.ca\/?post_type=product&#038;p=6631"},"modified":"2025-11-19T19:41:48","modified_gmt":"2025-11-20T00:41:48","slug":"gamma-xcell-hair-dryer-matte-black","status":"publish","type":"product","link":"https:\/\/absolutlaprairie.ca\/en\/product\/gamma-xcell-hair-dryer-matte-black\/","title":{"rendered":"GAMMA+ XCell &#8211; Hair Dryer (Matte Black)"},"content":{"rendered":"<p><strong><span dir=\"auto\">S\u00e9choir \u00e0 moteur num\u00e9rique ultra-l\u00e9ger Gamma+ XCELL &#8211; Noir #GPXCELL<\/span><\/strong><\/p>\n<p><span dir=\"auto\">Le s\u00e8che-cheveux Xcell r\u00e9volutionne la coiffure\u00a0: le premier\u00a0\u00a0<\/span><span dir=\"auto\">s\u00e8che-cheveux high-tech v\u00e9ritablement professionnel au monde offre une pression d&#8217;air 30\u00a0% sup\u00e9rieure \u00e0 celle des autres s\u00e8che-cheveux de sa cat\u00e9gorie et un contr\u00f4le intelligent de la chaleur pour \u00e9viter d&#8217;ab\u00eemer les cheveux. L&#8217;optimisation du bruit acoustique r\u00e9duit le niveau de d\u00e9cibels gr\u00e2ce \u00e0 un son plus doux et plus discret. Ultra-l\u00e9ger (seulement 299\u00a0g), le Xcell est le s\u00e8che-cheveux ultime.<\/span><\/p>\n<p><span dir=\"auto\">Conception scientifiquement calibr\u00e9e pour un \u00e9quilibre et un confort parfaits. Deux fois plus petit qu&#8217;un s\u00e8che-cheveux classique, il ne p\u00e8se que 290 g.<\/span><\/p>\n<p><span dir=\"auto\">\u00c9conome en \u00e9nergie et dot\u00e9 de performances am\u00e9lior\u00e9es, le moteur num\u00e9rique sans balais longue dur\u00e9e fonctionne \u00e0 110 000 tr\/min, g\u00e9n\u00e9rant une pression d&#8217;air extr\u00eame avec une faible consommation d&#8217;\u00e9nergie.<\/span><\/p>\n<p><span dir=\"auto\">\u2022 Tr\u00e8s silencieux avec une hauteur et une tonalit\u00e9 am\u00e9lior\u00e9es pour une r\u00e9duction accrue du bruit acoustique<\/span><\/p>\n<p><span dir=\"auto\">\u2022 Offre plus de brillance avec moins de frisottis et une finition plus douce.<\/span><\/p>\n<p><span dir=\"auto\">\u2022 Dot\u00e9 d&#8217;un cerceau de suspension et d&#8217;un serre-c\u00e2ble renforc\u00e9 con\u00e7u pour une flexibilit\u00e9 et une durabilit\u00e9 accrues du cordon professionnel de 9 pieds.<\/span><\/p>\n<p><span dir=\"auto\">\u2022 La technologie de nettoyage autonome inverse le flux d&#8217;air pour un nettoyage et un entretien en profondeur du filtre sans effort.<\/span><\/p>\n<p><span dir=\"auto\">\u2022 L&#8217;indicateur de contr\u00f4le LED affiche clairement l&#8217;un des 12 r\u00e9glages de chaleur\/vitesse.<\/span><\/p>\n<p><span dir=\"auto\">\u2022 360\u00b0 de flux d&#8217;air sup\u00e9rieur pour des performances am\u00e9lior\u00e9es avec un syst\u00e8me de filtration optimis\u00e9 non amovible.<\/span><\/p>\n<p><span dir=\"auto\">\u2022 Comprend 4 buses et 1 diffuseur.<\/span><\/p>\n","protected":false},"excerpt":{"rendered":"<p>S\u00e9choir \u00e0 moteur num\u00e9rique ultra-l\u00e9ger Gamma+ XCELL &#8211; Noir #GPXCELL Le s\u00e8che-cheveux Xcell r\u00e9volutionne la coiffure\u00a0: le premier\u00a0\u00a0s\u00e8che-cheveux high-tech v\u00e9ritablement professionnel au monde offre une pression d&#8217;air 30\u00a0% sup\u00e9rieure \u00e0 celle des autres s\u00e8che-cheveux de sa cat\u00e9gorie et un contr\u00f4le intelligent de la chaleur pour \u00e9viter d&#8217;ab\u00eemer les cheveux. L&#8217;optimisation du bruit acoustique r\u00e9duit le [&hellip;]<\/p>\n","protected":false},"featured_media":6634,"comment_status":"open","ping_status":"closed","template":"","meta":{"_acf_changed":false,"_seopress_robots_primary_cat":"none","_seopress_titles_title":"","_seopress_titles_desc":"","_seopress_robots_index":""},"product_brand":[],"product_cat":[69],"product_tag":[109],"class_list":{"0":"post-6631","1":"product","2":"type-product","3":"status-publish","4":"has-post-thumbnail","6":"product_cat-tondeuse-sechoir","7":"product_tag-sechoir","9":"first","10":"instock","11":"taxable","12":"shipping-taxable","13":"purchasable","14":"product-type-simple"},"acf":[],"_links":{"self":[{"href":"https:\/\/absolutlaprairie.ca\/en\/wp-json\/wp\/v2\/product\/6631","targetHints":{"allow":["GET"]}}],"collection":[{"href":"https:\/\/absolutlaprairie.ca\/en\/wp-json\/wp\/v2\/product"}],"about":[{"href":"https:\/\/absolutlaprairie.ca\/en\/wp-json\/wp\/v2\/types\/product"}],"replies":[{"embeddable":true,"href":"https:\/\/absolutlaprairie.ca\/en\/wp-json\/wp\/v2\/comments?post=6631"}],"wp:featuredmedia":[{"embeddable":true,"href":"https:\/\/absolutlaprairie.ca\/en\/wp-json\/wp\/v2\/media\/6634"}],"wp:attachment":[{"href":"https:\/\/absolutlaprairie.ca\/en\/wp-json\/wp\/v2\/media?parent=6631"}],"wp:term":[{"taxonomy":"product_brand","embeddable":true,"href":"https:\/\/absolutlaprairie.ca\/en\/wp-json\/wp\/v2\/product_brand?post=6631"},{"taxonomy":"product_cat","embeddable":true,"href":"https:\/\/absolutlaprairie.ca\/en\/wp-json\/wp\/v2\/product_cat?post=6631"},{"taxonomy":"product_tag","embeddable":true,"href":"https:\/\/absolutlaprairie.ca\/en\/wp-json\/wp\/v2\/product_tag?post=6631"}],"curies":[{"name":"wp","href":"https:\/\/api.w.org\/{rel}","templated":true}]}}