{"id":6626,"date":"2025-09-08T13:46:14","date_gmt":"2025-09-08T18:46:14","guid":{"rendered":"https:\/\/absolutlaprairie.ca\/?post_type=product&#038;p=6626"},"modified":"2025-11-19T19:42:27","modified_gmt":"2025-11-20T00:42:27","slug":"stylecraft-x-jetliner-professional-lightweight-hair-dryer","status":"publish","type":"product","link":"https:\/\/absolutlaprairie.ca\/en\/product\/stylecraft-x-jetliner-professional-lightweight-hair-dryer\/","title":{"rendered":"StyleCraft x JetLiner &#8211; Professional Lightweight Hair Dryer"},"content":{"rendered":"<p><b><span dir=\"auto\">Marque :<\/span><\/b><span dir=\"auto\">\u00a0Stylecraft<\/span><\/p>\n<p><b><span dir=\"auto\">Couleur :<\/span><\/b><span dir=\"auto\">\u00a0Gris<\/span><\/p>\n<p><b><span dir=\"auto\">Caract\u00e9ristiques:<\/span><\/b><\/p>\n<ul>\n<li><span dir=\"auto\">MOTEUR SANS BALAIS NUM\u00c9RIQUE LONGUE DUR\u00c9E fonctionnant \u00e0 105 000 tr\/min<\/span><\/li>\n<li><span dir=\"auto\">AFFICHAGE NUM\u00c9RIQUE avec 5 r\u00e9glages de chaleur\/vitesse pr\u00e9r\u00e9gl\u00e9s<\/span><\/li>\n<li><span dir=\"auto\">MODE TURBO pour cheveux normaux et \u00e9pais pour un s\u00e9chage rapide, mode manuel pour des performances personnalis\u00e9es<\/span><\/li>\n<li><span dir=\"auto\">13 r\u00e9glages de chaleur\/vitesse et un bouton de tir froid<\/span><\/li>\n<li><span dir=\"auto\">La fonction de verrouillage automatique garantit que les r\u00e9glages de vitesse et de chaleur ne changent pas pendant l&#8217;utilisation<\/span><\/li>\n<\/ul>\n","protected":false},"excerpt":{"rendered":"<p>Marque :\u00a0Stylecraft Couleur :\u00a0Gris Caract\u00e9ristiques: MOTEUR SANS BALAIS NUM\u00c9RIQUE LONGUE DUR\u00c9E fonctionnant \u00e0 105 000 tr\/min AFFICHAGE NUM\u00c9RIQUE avec 5 r\u00e9glages de chaleur\/vitesse pr\u00e9r\u00e9gl\u00e9s MODE TURBO pour cheveux normaux et \u00e9pais pour un s\u00e9chage rapide, mode manuel pour des performances personnalis\u00e9es 13 r\u00e9glages de chaleur\/vitesse et un bouton de tir froid La fonction de verrouillage [&hellip;]<\/p>\n","protected":false},"featured_media":6629,"comment_status":"open","ping_status":"closed","template":"","meta":{"_acf_changed":false,"_seopress_robots_primary_cat":"none","_seopress_titles_title":"","_seopress_titles_desc":"","_seopress_robots_index":""},"product_brand":[],"product_cat":[69],"product_tag":[109],"class_list":{"0":"post-6626","1":"product","2":"type-product","3":"status-publish","4":"has-post-thumbnail","6":"product_cat-tondeuse-sechoir","7":"product_tag-sechoir","9":"first","10":"instock","11":"taxable","12":"shipping-taxable","13":"purchasable","14":"product-type-simple"},"acf":[],"_links":{"self":[{"href":"https:\/\/absolutlaprairie.ca\/en\/wp-json\/wp\/v2\/product\/6626","targetHints":{"allow":["GET"]}}],"collection":[{"href":"https:\/\/absolutlaprairie.ca\/en\/wp-json\/wp\/v2\/product"}],"about":[{"href":"https:\/\/absolutlaprairie.ca\/en\/wp-json\/wp\/v2\/types\/product"}],"replies":[{"embeddable":true,"href":"https:\/\/absolutlaprairie.ca\/en\/wp-json\/wp\/v2\/comments?post=6626"}],"wp:featuredmedia":[{"embeddable":true,"href":"https:\/\/absolutlaprairie.ca\/en\/wp-json\/wp\/v2\/media\/6629"}],"wp:attachment":[{"href":"https:\/\/absolutlaprairie.ca\/en\/wp-json\/wp\/v2\/media?parent=6626"}],"wp:term":[{"taxonomy":"product_brand","embeddable":true,"href":"https:\/\/absolutlaprairie.ca\/en\/wp-json\/wp\/v2\/product_brand?post=6626"},{"taxonomy":"product_cat","embeddable":true,"href":"https:\/\/absolutlaprairie.ca\/en\/wp-json\/wp\/v2\/product_cat?post=6626"},{"taxonomy":"product_tag","embeddable":true,"href":"https:\/\/absolutlaprairie.ca\/en\/wp-json\/wp\/v2\/product_tag?post=6626"}],"curies":[{"name":"wp","href":"https:\/\/api.w.org\/{rel}","templated":true}]}}