{"id":6621,"date":"2025-09-08T13:42:27","date_gmt":"2025-09-08T18:42:27","guid":{"rendered":"https:\/\/absolutlaprairie.ca\/?post_type=product&#038;p=6621"},"modified":"2025-11-19T19:50:23","modified_gmt":"2025-11-20T00:50:23","slug":"babylisspro-nano-titanium-hairdryer","status":"publish","type":"product","link":"https:\/\/absolutlaprairie.ca\/en\/product\/babylisspro-nano-titanium-hairdryer\/","title":{"rendered":"BabylissPRO &#8211; Nano Titanium Hairdryer"},"content":{"rendered":"<p>S\u00e9choir haute performance \u00e0 ionique double de Babyliss Pro. La fonction Ionique vous offre un\u00a0<strong>s\u00e9chage rapide<\/strong>, r\u00e9duit les frisottis, conserve l&#8217;hydratation et rend les cheveux plus lisses. La d\u00e9sactivation de la fonction Ionique vous procurera plus de volume et de texture.<\/p>\n<ul>\n<li>Moteur sans balai haute performance pour une longue dur\u00e9e de vie<\/li>\n<li>3 r\u00e9glages de vitesse et 3 r\u00e9glages de chaleur num\u00e9riques<\/li>\n<li>Bouton d&#8217;air froid<\/li>\n<li>Tr\u00e8s l\u00e9ger<\/li>\n<li>Ultra silencieux<\/li>\n<li>1700 watts<\/li>\n<li>Cordon de 9&#8242;<\/li>\n<li>2 buses, accessoire pour lisser, diffuseur et brosse pour nettoyer le filtre inclus<\/li>\n<\/ul>\n","protected":false},"excerpt":{"rendered":"<p>S\u00e9choir haute performance \u00e0 ionique double de Babyliss Pro. La fonction Ionique vous offre un\u00a0s\u00e9chage rapide, r\u00e9duit les frisottis, conserve l&#8217;hydratation et rend les cheveux plus lisses. La d\u00e9sactivation de la fonction Ionique vous procurera plus de volume et de texture. Moteur sans balai haute performance pour une longue dur\u00e9e de vie 3 r\u00e9glages de [&hellip;]<\/p>\n","protected":false},"featured_media":6624,"comment_status":"open","ping_status":"closed","template":"","meta":{"_acf_changed":false,"_seopress_robots_primary_cat":"none","_seopress_titles_title":"","_seopress_titles_desc":"","_seopress_robots_index":""},"product_brand":[],"product_cat":[69],"product_tag":[109],"class_list":{"0":"post-6621","1":"product","2":"type-product","3":"status-publish","4":"has-post-thumbnail","6":"product_cat-tondeuse-sechoir","7":"product_tag-sechoir","9":"first","10":"instock","11":"taxable","12":"shipping-taxable","13":"purchasable","14":"product-type-simple"},"acf":[],"_links":{"self":[{"href":"https:\/\/absolutlaprairie.ca\/en\/wp-json\/wp\/v2\/product\/6621","targetHints":{"allow":["GET"]}}],"collection":[{"href":"https:\/\/absolutlaprairie.ca\/en\/wp-json\/wp\/v2\/product"}],"about":[{"href":"https:\/\/absolutlaprairie.ca\/en\/wp-json\/wp\/v2\/types\/product"}],"replies":[{"embeddable":true,"href":"https:\/\/absolutlaprairie.ca\/en\/wp-json\/wp\/v2\/comments?post=6621"}],"wp:featuredmedia":[{"embeddable":true,"href":"https:\/\/absolutlaprairie.ca\/en\/wp-json\/wp\/v2\/media\/6624"}],"wp:attachment":[{"href":"https:\/\/absolutlaprairie.ca\/en\/wp-json\/wp\/v2\/media?parent=6621"}],"wp:term":[{"taxonomy":"product_brand","embeddable":true,"href":"https:\/\/absolutlaprairie.ca\/en\/wp-json\/wp\/v2\/product_brand?post=6621"},{"taxonomy":"product_cat","embeddable":true,"href":"https:\/\/absolutlaprairie.ca\/en\/wp-json\/wp\/v2\/product_cat?post=6621"},{"taxonomy":"product_tag","embeddable":true,"href":"https:\/\/absolutlaprairie.ca\/en\/wp-json\/wp\/v2\/product_tag?post=6621"}],"curies":[{"name":"wp","href":"https:\/\/api.w.org\/{rel}","templated":true}]}}