{"id":6612,"date":"2025-09-08T13:38:01","date_gmt":"2025-09-08T18:38:01","guid":{"rendered":"https:\/\/absolutlaprairie.ca\/?post_type=product&#038;p=6612"},"modified":"2025-11-19T19:43:23","modified_gmt":"2025-11-20T00:43:23","slug":"babylisspro-nano-titanium-light-hairdryer-matte-black","status":"publish","type":"product","link":"https:\/\/absolutlaprairie.ca\/en\/product\/babylisspro-nano-titanium-light-hairdryer-matte-black\/","title":{"rendered":"BaBylissPRO &#8211; Nano Titanium Light Hairdryer (Matte black)"},"content":{"rendered":"<h3 class=\"customProductName\">BaBylissPRO\u00ae Nano Titanium\u2122 High-Speed Nano Light Hairdryer (Matte black)<\/h3>\n<div id=\"faq-heading1-01\" class=\"mb-2 border-bottom\">\n<div class=\"card-header border pr-0 border-0\"><button class=\"btn-header-link px-0 row collapsed\" data-target=\"#faq-collapse1-01\" aria-expanded=\"false\" aria-controls=\"faq-collapse1-01\"><span class=\"px-0 col-6\"><span dir=\"auto\">Description<\/span><\/span><\/button><\/div>\n<div class=\"card-body\">\n<div id=\"collapsible-description-null\" class=\"value content\"><span dir=\"auto\">Obtenez des r\u00e9sultats de niveau professionnel o\u00f9 que vous soyez gr\u00e2ce \u00e0 notre s\u00e8che-cheveux Nano Titanium, l\u00e9ger, compact et puissant. Pesant moins de 450 g, ce s\u00e8che-cheveux offre un maximum de douceur et de brillance, offrant un \u00e9quilibre parfait entre puissance et contr\u00f4le. Ce s\u00e8che-cheveux nomade, dot\u00e9 d&#8217;une double tension automatique et d&#8217;un design l\u00e9ger, est votre outil indispensable o\u00f9 que vous soyez.<\/span><\/div>\n<\/div>\n<\/div>\n<div id=\"faq-heading2-01\" class=\"mb-2 border-bottom\">\n<div class=\"card-header border pr-0 border-0\"><button class=\"btn-header-link px-0 row collapsed\" data-toggle=\"collapse\" data-target=\"#faq-collapse2-01\" aria-expanded=\"false\" aria-controls=\"faq-collapse2-01\"><span class=\"d-none d-lg-block col-6 px-0\"><span dir=\"auto\">Caract\u00e9ristiques et avantages<\/span><\/span><\/button><\/div>\n<div class=\"card-body\">\n<div class=\"features-list\"><span dir=\"auto\">\u2022 Technologie Nano Titanium\u2122 pour une douceur et une brillance maximales<\/span><br \/>\n<span dir=\"auto\">\u2022 Moteur sans balais haute performance pour une longue dur\u00e9e de vie<\/span><br \/>\n<span dir=\"auto\">\u2022 Le v\u00e9ritable g\u00e9n\u00e9rateur d&#8217;ions r\u00e9duit les frisottis<\/span><br \/>\n<span dir=\"auto\">\u2022 3 vitesses et 3 r\u00e9glages num\u00e9riques de chaleur<\/span><br \/>\n<span dir=\"auto\">\u2022 Bouton d&#8217;air froid<\/span><br \/>\n<span dir=\"auto\">\u2022 Fonction m\u00e9moire \u2013 m\u00e9morise les r\u00e9glages de vitesse et de chaleur pr\u00e9c\u00e9demment s\u00e9lectionn\u00e9s<\/span><br \/>\n<span dir=\"auto\">\u2022 Filtre arri\u00e8re amovible<\/span><br \/>\n<span dir=\"auto\">\u2022 Conception compacte et l\u00e9g\u00e8re<\/span><br \/>\n<span dir=\"auto\">\u2022 Cordon d&#8217;alimentation de 9 pieds<\/span><br \/>\n<span dir=\"auto\">\u2022 1400 watts<\/span><br \/>\n<span dir=\"auto\">\u2022 Buse de concentration, pic de lissage et diffuseur profil\u00e9 extra-profond inclus<\/span><br \/>\n<span dir=\"auto\">\u2022 Utilisation dans le monde entier<\/span><\/div>\n<\/div>\n<\/div>\n","protected":false},"excerpt":{"rendered":"<p>BaBylissPRO\u00ae Nano Titanium\u2122 High-Speed Nano Light Hairdryer (Matte black) Description Obtenez des r\u00e9sultats de niveau professionnel o\u00f9 que vous soyez gr\u00e2ce \u00e0 notre s\u00e8che-cheveux Nano Titanium, l\u00e9ger, compact et puissant. Pesant moins de 450 g, ce s\u00e8che-cheveux offre un maximum de douceur et de brillance, offrant un \u00e9quilibre parfait entre puissance et contr\u00f4le. Ce s\u00e8che-cheveux [&hellip;]<\/p>\n","protected":false},"featured_media":6619,"comment_status":"open","ping_status":"closed","template":"","meta":{"_acf_changed":false,"_seopress_robots_primary_cat":"none","_seopress_titles_title":"","_seopress_titles_desc":"","_seopress_robots_index":""},"product_brand":[],"product_cat":[69],"product_tag":[109],"class_list":{"0":"post-6612","1":"product","2":"type-product","3":"status-publish","4":"has-post-thumbnail","6":"product_cat-tondeuse-sechoir","7":"product_tag-sechoir","9":"first","10":"instock","11":"taxable","12":"shipping-taxable","13":"purchasable","14":"product-type-simple"},"acf":[],"_links":{"self":[{"href":"https:\/\/absolutlaprairie.ca\/en\/wp-json\/wp\/v2\/product\/6612","targetHints":{"allow":["GET"]}}],"collection":[{"href":"https:\/\/absolutlaprairie.ca\/en\/wp-json\/wp\/v2\/product"}],"about":[{"href":"https:\/\/absolutlaprairie.ca\/en\/wp-json\/wp\/v2\/types\/product"}],"replies":[{"embeddable":true,"href":"https:\/\/absolutlaprairie.ca\/en\/wp-json\/wp\/v2\/comments?post=6612"}],"wp:featuredmedia":[{"embeddable":true,"href":"https:\/\/absolutlaprairie.ca\/en\/wp-json\/wp\/v2\/media\/6619"}],"wp:attachment":[{"href":"https:\/\/absolutlaprairie.ca\/en\/wp-json\/wp\/v2\/media?parent=6612"}],"wp:term":[{"taxonomy":"product_brand","embeddable":true,"href":"https:\/\/absolutlaprairie.ca\/en\/wp-json\/wp\/v2\/product_brand?post=6612"},{"taxonomy":"product_cat","embeddable":true,"href":"https:\/\/absolutlaprairie.ca\/en\/wp-json\/wp\/v2\/product_cat?post=6612"},{"taxonomy":"product_tag","embeddable":true,"href":"https:\/\/absolutlaprairie.ca\/en\/wp-json\/wp\/v2\/product_tag?post=6612"}],"curies":[{"name":"wp","href":"https:\/\/api.w.org\/{rel}","templated":true}]}}