{"id":6607,"date":"2025-09-08T13:33:32","date_gmt":"2025-09-08T18:33:32","guid":{"rendered":"https:\/\/absolutlaprairie.ca\/?post_type=product&#038;p=6607"},"modified":"2025-11-19T19:45:12","modified_gmt":"2025-11-20T00:45:12","slug":"gammapiu-relax-hairdryer-white","status":"publish","type":"product","link":"https:\/\/absolutlaprairie.ca\/en\/product\/gammapiu-relax-hairdryer-white\/","title":{"rendered":"Gammapiu&#8217; &#8211; Relax Hairdryer (White)"},"content":{"rendered":"<h2 class=\"acctab\"><span dir=\"auto\">Description<\/span><\/h2>\n<div class=\"panel module-product-tabs__tab1\">\n<div class=\"std\">\n<p><span dir=\"auto\">S\u00e8che-cheveux professionnel Gamma Piu Relax \u2013 le SILENCIEUX \u2013 Blanc<\/span><\/p>\n<ul>\n<li><span dir=\"auto\">Gamma Piu Relax est le nouveau s\u00e8che-cheveux anti-stress, id\u00e9al pour prot\u00e9ger la sant\u00e9 du coiffeur et pour le confort en salon.<\/span><\/li>\n<li><span dir=\"auto\">Bien-\u00eatre pour le coiffeur, confort pour les clients et magie pour les cheveux<\/span><\/li>\n<li><span dir=\"auto\">Stress acoustique r\u00e9duit, silence accru dans le salon : con\u00e7u pour minimiser le bruit, il facilite la communication avec les clients, sans jamais avoir \u00e0 \u00e9lever la voix<\/span><\/li>\n<li><span dir=\"auto\">Pollution \u00e9lectromagn\u00e9tique r\u00e9duite, moins de fatigue : gr\u00e2ce \u00e0 la technologie utilis\u00e9e, Gamma Piu Relax r\u00e9duit l&#8217;\u00e9mission d&#8217;ondes \u00e9lectromagn\u00e9tiques de 97 % par rapport aux s\u00e8che-cheveux traditionnels<\/span><\/li>\n<li><span dir=\"auto\">Les articulations sont moins sollicit\u00e9es, car il est plus l\u00e9ger et plus \u00e9quilibr\u00e9 : une recherche sp\u00e9ciale pour r\u00e9duire le poids et sa conception ergonomique rendent l&#8217;appareil extr\u00eamement facile \u00e0 manipuler<\/span><\/li>\n<li><span dir=\"auto\">Haute performance, temps de s\u00e9chage r\u00e9duit : con\u00e7u pour fournir le flux d&#8217;air, la pression et la temp\u00e9rature n\u00e9cessaires \u00e0 un s\u00e8che-cheveux professionnel de pointe<\/span><\/li>\n<li><span dir=\"auto\">\u00c9cologique, enti\u00e8rement recyclable : con\u00e7u pour limiter la consommation sans affecter les hautes performances &#8211; le bo\u00eetier et l&#8217;emballage sont enti\u00e8rement recyclables<\/span><\/li>\n<\/ul>\n<h3><span dir=\"auto\">Caract\u00e9ristiques:<\/span><\/h3>\n<ul>\n<li><span dir=\"auto\">Interrupteurs lat\u00e9raux arrondis \u00e0 poign\u00e9e<\/span><\/li>\n<li><span dir=\"auto\">2 r\u00e9glages de vitesse<\/span><\/li>\n<li><span dir=\"auto\">2 r\u00e9glages de chaleur<\/span><\/li>\n<li><span dir=\"auto\">Bouton de tir \u00e0 froid<\/span><\/li>\n<li><span dir=\"auto\">2 buses de concentration<\/span><\/li>\n<li><span dir=\"auto\">Cordon de 3 m<\/span><\/li>\n<li><span dir=\"auto\">1300-1600 W \/ 50\/60 Hz \/ 110-125 V~<\/span><\/li>\n<\/ul>\n<\/div>\n<\/div>\n","protected":false},"excerpt":{"rendered":"<p>Description S\u00e8che-cheveux professionnel Gamma Piu Relax \u2013 le SILENCIEUX \u2013 Blanc Gamma Piu Relax est le nouveau s\u00e8che-cheveux anti-stress, id\u00e9al pour prot\u00e9ger la sant\u00e9 du coiffeur et pour le confort en salon. Bien-\u00eatre pour le coiffeur, confort pour les clients et magie pour les cheveux Stress acoustique r\u00e9duit, silence accru dans le salon : con\u00e7u [&hellip;]<\/p>\n","protected":false},"featured_media":6610,"comment_status":"open","ping_status":"closed","template":"","meta":{"_acf_changed":false,"_seopress_robots_primary_cat":"none","_seopress_titles_title":"","_seopress_titles_desc":"","_seopress_robots_index":""},"product_brand":[],"product_cat":[69],"product_tag":[109],"class_list":{"0":"post-6607","1":"product","2":"type-product","3":"status-publish","4":"has-post-thumbnail","6":"product_cat-tondeuse-sechoir","7":"product_tag-sechoir","9":"first","10":"instock","11":"taxable","12":"shipping-taxable","13":"purchasable","14":"product-type-simple"},"acf":[],"_links":{"self":[{"href":"https:\/\/absolutlaprairie.ca\/en\/wp-json\/wp\/v2\/product\/6607","targetHints":{"allow":["GET"]}}],"collection":[{"href":"https:\/\/absolutlaprairie.ca\/en\/wp-json\/wp\/v2\/product"}],"about":[{"href":"https:\/\/absolutlaprairie.ca\/en\/wp-json\/wp\/v2\/types\/product"}],"replies":[{"embeddable":true,"href":"https:\/\/absolutlaprairie.ca\/en\/wp-json\/wp\/v2\/comments?post=6607"}],"wp:featuredmedia":[{"embeddable":true,"href":"https:\/\/absolutlaprairie.ca\/en\/wp-json\/wp\/v2\/media\/6610"}],"wp:attachment":[{"href":"https:\/\/absolutlaprairie.ca\/en\/wp-json\/wp\/v2\/media?parent=6607"}],"wp:term":[{"taxonomy":"product_brand","embeddable":true,"href":"https:\/\/absolutlaprairie.ca\/en\/wp-json\/wp\/v2\/product_brand?post=6607"},{"taxonomy":"product_cat","embeddable":true,"href":"https:\/\/absolutlaprairie.ca\/en\/wp-json\/wp\/v2\/product_cat?post=6607"},{"taxonomy":"product_tag","embeddable":true,"href":"https:\/\/absolutlaprairie.ca\/en\/wp-json\/wp\/v2\/product_tag?post=6607"}],"curies":[{"name":"wp","href":"https:\/\/api.w.org\/{rel}","templated":true}]}}